{"id":866,"date":"2024-03-04T12:52:43","date_gmt":"2024-03-04T12:52:43","guid":{"rendered":"https:\/\/www.izcivize.com\/?page_id=866"},"modified":"2024-03-14T23:16:05","modified_gmt":"2024-03-14T23:16:05","slug":"iletisim","status":"publish","type":"page","link":"https:\/\/www.izcivize.com\/?page_id=866","title":{"rendered":"\u0130leti\u015fim"},"content":{"rendered":"\t\t<div data-elementor-type=\"wp-page\" data-elementor-id=\"866\" class=\"elementor elementor-866\">\n\t\t\t\t<div class=\"elementor-element elementor-element-a2861f8 e-flex e-con-boxed e-con e-parent\" data-id=\"a2861f8\" data-element_type=\"container\" data-settings=\"{&quot;background_background&quot;:&quot;classic&quot;,&quot;content_width&quot;:&quot;boxed&quot;}\" data-core-v316-plus=\"true\">\n\t\t\t\t\t<div class=\"e-con-inner\">\n\t\t\t\t\t<\/div>\n\t\t\t\t<\/div>\n\t\t<div class=\"elementor-element elementor-element-5c11a17 e-flex e-con-boxed e-con e-parent\" data-id=\"5c11a17\" data-element_type=\"container\" data-settings=\"{&quot;content_width&quot;:&quot;boxed&quot;}\" data-core-v316-plus=\"true\">\n\t\t\t\t\t<div class=\"e-con-inner\">\n\t\t<div class=\"elementor-element elementor-element-ef28f3a e-flex e-con-boxed e-con e-child\" data-id=\"ef28f3a\" data-element_type=\"container\" data-settings=\"{&quot;content_width&quot;:&quot;boxed&quot;}\">\n\t\t\t\t\t<div class=\"e-con-inner\">\n\t\t\t\t<div class=\"elementor-element elementor-element-8aca5ed elementor-widget elementor-widget-spacer\" data-id=\"8aca5ed\" data-element_type=\"widget\" data-widget_type=\"spacer.default\">\n\t\t\t\t<div class=\"elementor-widget-container\">\n\t\t\t<style>\/*! elementor - v3.19.0 - 07-02-2024 *\/\n.elementor-column .elementor-spacer-inner{height:var(--spacer-size)}.e-con{--container-widget-width:100%}.e-con-inner>.elementor-widget-spacer,.e-con>.elementor-widget-spacer{width:var(--container-widget-width,var(--spacer-size));--align-self:var(--container-widget-align-self,initial);--flex-shrink:0}.e-con-inner>.elementor-widget-spacer>.elementor-widget-container,.e-con>.elementor-widget-spacer>.elementor-widget-container{height:100%;width:100%}.e-con-inner>.elementor-widget-spacer>.elementor-widget-container>.elementor-spacer,.e-con>.elementor-widget-spacer>.elementor-widget-container>.elementor-spacer{height:100%}.e-con-inner>.elementor-widget-spacer>.elementor-widget-container>.elementor-spacer>.elementor-spacer-inner,.e-con>.elementor-widget-spacer>.elementor-widget-container>.elementor-spacer>.elementor-spacer-inner{height:var(--container-widget-height,var(--spacer-size))}.e-con-inner>.elementor-widget-spacer.elementor-widget-empty,.e-con>.elementor-widget-spacer.elementor-widget-empty{position:relative;min-height:22px;min-width:22px}.e-con-inner>.elementor-widget-spacer.elementor-widget-empty .elementor-widget-empty-icon,.e-con>.elementor-widget-spacer.elementor-widget-empty .elementor-widget-empty-icon{position:absolute;top:0;bottom:0;left:0;right:0;margin:auto;padding:0;width:22px;height:22px}<\/style>\t\t<div class=\"elementor-spacer\">\n\t\t\t<div class=\"elementor-spacer-inner\"><\/div>\n\t\t<\/div>\n\t\t\t\t<\/div>\n\t\t\t\t<\/div>\n\t\t\t\t<div class=\"elementor-element elementor-element-d94f480 elementor-widget elementor-widget-heading\" data-id=\"d94f480\" data-element_type=\"widget\" data-widget_type=\"heading.default\">\n\t\t\t\t<div class=\"elementor-widget-container\">\n\t\t\t<style>\/*! elementor - v3.19.0 - 07-02-2024 *\/\n.elementor-heading-title{padding:0;margin:0;line-height:1}.elementor-widget-heading .elementor-heading-title[class*=elementor-size-]>a{color:inherit;font-size:inherit;line-height:inherit}.elementor-widget-heading .elementor-heading-title.elementor-size-small{font-size:15px}.elementor-widget-heading .elementor-heading-title.elementor-size-medium{font-size:19px}.elementor-widget-heading .elementor-heading-title.elementor-size-large{font-size:29px}.elementor-widget-heading .elementor-heading-title.elementor-size-xl{font-size:39px}.elementor-widget-heading .elementor-heading-title.elementor-size-xxl{font-size:59px}<\/style><h6 class=\"elementor-heading-title elementor-size-default\"><span style=\"color: rgb(226, 30, 36); font-size: 20px; font-weight: 500; letter-spacing: 2px; text-transform: uppercase; white-space-collapse: collapse;\">\u0130ZC\u0130 V\u0130ZE DANI\u015eMANLIK<\/span><\/h6>\t\t<\/div>\n\t\t\t\t<\/div>\n\t\t\t\t<div class=\"elementor-element elementor-element-af2f2a4 elementor-widget elementor-widget-heading\" data-id=\"af2f2a4\" data-element_type=\"widget\" data-widget_type=\"heading.default\">\n\t\t\t\t<div class=\"elementor-widget-container\">\n\t\t\t<h1 class=\"elementor-heading-title elementor-size-default\">\u0130leti\u015fim Bilgilerimiz<\/h1>\t\t<\/div>\n\t\t\t\t<\/div>\n\t\t\t\t<div class=\"elementor-element elementor-element-b0b3553 elementor-widget elementor-widget-text-editor\" data-id=\"b0b3553\" data-element_type=\"widget\" data-widget_type=\"text-editor.default\">\n\t\t\t\t<div class=\"elementor-widget-container\">\n\t\t\t<style>\/*! elementor - v3.19.0 - 07-02-2024 *\/\n.elementor-widget-text-editor.elementor-drop-cap-view-stacked .elementor-drop-cap{background-color:#69727d;color:#fff}.elementor-widget-text-editor.elementor-drop-cap-view-framed .elementor-drop-cap{color:#69727d;border:3px solid;background-color:transparent}.elementor-widget-text-editor:not(.elementor-drop-cap-view-default) .elementor-drop-cap{margin-top:8px}.elementor-widget-text-editor:not(.elementor-drop-cap-view-default) .elementor-drop-cap-letter{width:1em;height:1em}.elementor-widget-text-editor .elementor-drop-cap{float:left;text-align:center;line-height:1;font-size:50px}.elementor-widget-text-editor .elementor-drop-cap-letter{display:inline-block}<\/style>\t\t\t\t<p>\u0130zci Vize Olarak Dan\u0131\u015fmanl\u0131k Hizmeti Verdi\u011fimiz Vize ve Pasaport \u0130\u015flemlerinde H\u0131zl\u0131 \u00c7\u00f6z\u00fcmleri Uygun Fiyatlar \u0130le 7\/24 Sizlere Ula\u015ft\u0131rmak \u0130\u00e7in \u00c7al\u0131\u015f\u0131yoruz. Sizlerde Bu Konularda Bilgi Almak \u0130sterseniz Bizlerle \u0130leti\u015fim Kurabilirsiniz\u00a0<\/p>\t\t\t\t\t\t<\/div>\n\t\t\t\t<\/div>\n\t\t\t\t<div class=\"elementor-element elementor-element-3f83858 elementor-align-left elementor-icon-list--layout-traditional elementor-list-item-link-full_width elementor-widget elementor-widget-icon-list\" data-id=\"3f83858\" data-element_type=\"widget\" data-widget_type=\"icon-list.default\">\n\t\t\t\t<div class=\"elementor-widget-container\">\n\t\t\t<link rel=\"stylesheet\" href=\"https:\/\/www.izcivize.com\/wp-content\/plugins\/elementor\/assets\/css\/widget-icon-list.min.css\">\t\t<ul class=\"elementor-icon-list-items\">\n\t\t\t\t\t\t\t<li class=\"elementor-icon-list-item\">\n\t\t\t\t\t\t\t\t\t\t\t<span class=\"elementor-icon-list-icon\">\n\t\t\t\t\t\t\t<i aria-hidden=\"true\" class=\"absp absp-email\"><\/i>\t\t\t\t\t\t<\/span>\n\t\t\t\t\t\t\t\t\t\t<span class=\"elementor-icon-list-text\">\u0130nfo@izciturizm.com<\/span>\n\t\t\t\t\t\t\t\t\t<\/li>\n\t\t\t\t\t\t\t\t<li class=\"elementor-icon-list-item\">\n\t\t\t\t\t\t\t\t\t\t\t<span class=\"elementor-icon-list-icon\">\n\t\t\t\t\t\t\t<i aria-hidden=\"true\" class=\"absp absp-telephone\"><\/i>\t\t\t\t\t\t<\/span>\n\t\t\t\t\t\t\t\t\t\t<span class=\"elementor-icon-list-text\">0312 315 35 95<\/span>\n\t\t\t\t\t\t\t\t\t<\/li>\n\t\t\t\t\t\t\t\t<li class=\"elementor-icon-list-item\">\n\t\t\t\t\t\t\t\t\t\t\t<span class=\"elementor-icon-list-icon\">\n\t\t\t\t\t\t\t<i aria-hidden=\"true\" class=\"absp absp-phone\"><\/i>\t\t\t\t\t\t<\/span>\n\t\t\t\t\t\t\t\t\t\t<span class=\"elementor-icon-list-text\">0312 286 70 64<\/span>\n\t\t\t\t\t\t\t\t\t<\/li>\n\t\t\t\t\t\t\t\t<li class=\"elementor-icon-list-item\">\n\t\t\t\t\t\t\t\t\t\t\t<span class=\"elementor-icon-list-icon\">\n\t\t\t\t\t\t\t<i aria-hidden=\"true\" class=\"absp absp-location-pin\"><\/i>\t\t\t\t\t\t<\/span>\n\t\t\t\t\t\t\t\t\t\t<span class=\"elementor-icon-list-text\">Atat\u00fcrk Bulvar\u0131 No: 94\/1 \u00c7ankaya \/ Ankara<\/span>\n\t\t\t\t\t\t\t\t\t<\/li>\n\t\t\t\t\t\t\t\t<li class=\"elementor-icon-list-item\">\n\t\t\t\t\t\t\t\t\t\t\t<span class=\"elementor-icon-list-icon\">\n\t\t\t\t\t\t\t<i aria-hidden=\"true\" class=\"absp absp-location-pin\"><\/i>\t\t\t\t\t\t<\/span>\n\t\t\t\t\t\t\t\t\t\t<span class=\"elementor-icon-list-text\">\u0130\u015f\u00e7i Bloklar\u0131 Mevlana Blv. No:190\/B P1 06520 \u00c7ankaya\/ Ankara<\/span>\n\t\t\t\t\t\t\t\t\t<\/li>\n\t\t\t\t\t\t\t\t<li class=\"elementor-icon-list-item\">\n\t\t\t\t\t\t\t\t\t\t\t<span class=\"elementor-icon-list-icon\">\n\t\t\t\t\t\t\t<i aria-hidden=\"true\" class=\"absp absp-location-pin\"><\/i>\t\t\t\t\t\t<\/span>\n\t\t\t\t\t\t\t\t\t\t<span class=\"elementor-icon-list-text\">K\u00fclt\u00fcr Mah. Talat Bulvar\u0131 Olgun Blok No:34\/A Konak \/ \u0130zmir<\/span>\n\t\t\t\t\t\t\t\t\t<\/li>\n\t\t\t\t\t\t<\/ul>\n\t\t\t\t<\/div>\n\t\t\t\t<\/div>\n\t\t\t\t<div class=\"elementor-element elementor-element-2bb7e9b elementor-widget elementor-widget-spacer\" data-id=\"2bb7e9b\" data-element_type=\"widget\" data-widget_type=\"spacer.default\">\n\t\t\t\t<div class=\"elementor-widget-container\">\n\t\t\t\t\t<div class=\"elementor-spacer\">\n\t\t\t<div class=\"elementor-spacer-inner\"><\/div>\n\t\t<\/div>\n\t\t\t\t<\/div>\n\t\t\t\t<\/div>\n\t\t\t\t\t<\/div>\n\t\t\t\t<\/div>\n\t\t<div class=\"elementor-element elementor-element-3e37493 e-flex e-con-boxed e-con e-child\" data-id=\"3e37493\" data-element_type=\"container\" data-settings=\"{&quot;content_width&quot;:&quot;boxed&quot;}\">\n\t\t\t\t\t<div class=\"e-con-inner\">\n\t\t\t\t<div class=\"elementor-element elementor-element-d327895 elementor-widget elementor-widget-shortcode\" data-id=\"d327895\" data-element_type=\"widget\" data-widget_type=\"shortcode.default\">\n\t\t\t\t<div class=\"elementor-widget-container\">\n\t\t\t\t\t<div class=\"elementor-shortcode\">\n<div class=\"wpcf7 no-js\" id=\"wpcf7-f21-o1\" lang=\"tr-TR\" dir=\"ltr\">\n<div class=\"screen-reader-response\"><p role=\"status\" aria-live=\"polite\" aria-atomic=\"true\"><\/p> <ul><\/ul><\/div>\n<form action=\"\/index.php?rest_route=%2Fwp%2Fv2%2Fpages%2F866#wpcf7-f21-o1\" method=\"post\" class=\"wpcf7-form init\" aria-label=\"Contact form\" novalidate=\"novalidate\" data-status=\"init\">\n<div style=\"display: none;\">\n<input type=\"hidden\" name=\"_wpcf7\" value=\"21\" \/>\n<input type=\"hidden\" name=\"_wpcf7_version\" value=\"5.8.7\" \/>\n<input type=\"hidden\" name=\"_wpcf7_locale\" value=\"tr_TR\" \/>\n<input type=\"hidden\" name=\"_wpcf7_unit_tag\" value=\"wpcf7-f21-o1\" \/>\n<input type=\"hidden\" name=\"_wpcf7_container_post\" value=\"0\" \/>\n<input type=\"hidden\" name=\"_wpcf7_posted_data_hash\" value=\"\" \/>\n<\/div>\n<p><!DOCTYPE html>\n<\/p>\n<html lang=\"tr\">\n\t<head>\n <meta charset=\"UTF-8\" \/>\n <meta name=\"viewport\" content=\"width=device-width, initial-scale=1.0\" \/>\n\t\t<title>\u0130leti\u015fim Formu\n\t\t<\/title>\n\t\t<style>\n .contact-form {\n background-color: #f9f9f9;\n padding: 20px;\n border-radius: 10px;\n max-width: 600px;\n margin: 0 auto;\n }\n .contact-form label {\n display: block;\n margin-bottom: 5px;\n color: #333;\n }\n .contact-form input[type=\"text\"],\n .contact-form input[type=\"email\"],\n .contact-form input[type=\"tel\"],\n .contact-form textarea {\n width: calc(50% - 10px);\n padding: 10px;\n margin-bottom: 10px;\n border: 1px solid #ccc;\n border-radius: 5px;\n display: inline-block;\n }\n .contact-form textarea {\n height: 100px;\n width: calc(100% - 20px);\n }\n .contact-form .form-group {\n margin-bottom: 20px;\n }\n .contact-form .form-group label {\n width: 100%;\n }\n .contact-form .form-group input[type=\"text\"],\n .contact-form .form-group input[type=\"email\"],\n .contact-form .form-group input[type=\"tel\"],\n .contact-form .form-group textarea {\n width: calc(100% - 10px);\n display: block;\n }\n .contact-form button[type=\"submit\"] {\n background-color: #ff0000;\n color: white;\n border: none;\n padding: 10px 20px;\n border-radius: 5px;\n cursor: pointer;\n display: block;\n margin: 0 auto;\n transition: background-color 0.3s, color 0.3s;\n }\n .contact-form button[type=\"submit\"]:hover {\n background-color: #000;\n }\n\t\t<\/style>\n\t<\/head>\n\t<body>\n\t\t<div class=\"contact-form\">\n\t\t\t<form action=\"#\" method=\"post\">\n\t\t\t\t<div class=\"form-group\">\n\t\t\t\t\t<p><label for=\"name\">Ad\u0131n\u0131z Soyad\u0131n\u0131z:<\/label><br \/>\n<input type=\"text\" id=\"name\" name=\"name\" required \/>\n\t\t\t\t\t<\/p>\n\t\t\t\t<\/div>\n\t\t\t\t<div class=\"form-group\">\n\t\t\t\t\t<p><label for=\"email\">E-mail Adresiniz:<\/label><br \/>\n<input type=\"email\" id=\"email\" name=\"email\" required \/>\n\t\t\t\t\t<\/p>\n\t\t\t\t<\/div>\n\t\t\t\t<div class=\"form-group\">\n\t\t\t\t\t<p><label for=\"phone\">Telefon Numaran\u0131z:<\/label><br \/>\n<input type=\"tel\" id=\"phone\" name=\"phone\" required \/>\n\t\t\t\t\t<\/p>\n\t\t\t\t<\/div>\n\t\t\t\t<div class=\"form-group\">\n\t\t\t\t\t<p><label for=\"subject\">Konu:<\/label><br \/>\n<input type=\"text\" id=\"subject\" name=\"subject\" required \/>\n\t\t\t\t\t<\/p>\n\t\t\t\t<\/div>\n\t\t\t\t<div class=\"form-group\">\n\t\t\t\t\t<p><label for=\"message\">Mesaj\u0131n\u0131z:<\/label><br \/>\n<textarea id=\"message\" name=\"message\" required><\/textarea>\n\t\t\t\t\t<\/p>\n\t\t\t\t<\/div>\n\t\t\t\t<p><button type=\"submit\">G\u00f6nder<\/button>\n\t\t\t\t<\/p>\n\t\t\t<\/form>\n\t\t<\/div>\n\t<\/body>\n<\/html><div class=\"wpcf7-response-output\" aria-hidden=\"true\"><\/div>\n<\/form>\n<\/div>\n<\/div>\n\t\t\t\t<\/div>\n\t\t\t\t<\/div>\n\t\t\t\t\t<\/div>\n\t\t\t\t<\/div>\n\t\t\t\t\t<\/div>\n\t\t\t\t<\/div>\n\t\t<div class=\"elementor-element elementor-element-6e5539f e-flex e-con-boxed e-con e-parent\" data-id=\"6e5539f\" data-element_type=\"container\" data-settings=\"{&quot;background_background&quot;:&quot;classic&quot;,&quot;content_width&quot;:&quot;boxed&quot;}\" data-core-v316-plus=\"true\">\n\t\t\t\t\t<div class=\"e-con-inner\">\n\t\t\t\t<div class=\"elementor-element elementor-element-0dfc703 elementor-widget elementor-widget-google_maps\" data-id=\"0dfc703\" data-element_type=\"widget\" data-widget_type=\"google_maps.default\">\n\t\t\t\t<div class=\"elementor-widget-container\">\n\t\t\t<style>\/*! elementor - v3.19.0 - 07-02-2024 *\/\n.elementor-widget-google_maps .elementor-widget-container{overflow:hidden}.elementor-widget-google_maps .elementor-custom-embed{line-height:0}.elementor-widget-google_maps iframe{height:300px}<\/style>\t\t<div class=\"elementor-custom-embed\">\n\t\t\t<iframe loading=\"lazy\"\n\t\t\t\t\tsrc=\"https:\/\/maps.google.com\/maps?q=%C4%B0zci%20Turizm%20Seyahat%20Acentesi%2C%20K%C4%B1z%C4%B1lay%2C%20Atat%C3%BCrk%20Blv%2094%2F1%2C%2006300%20%C3%87ankaya%2FAnkara&#038;t=m&#038;z=18&#038;output=embed&#038;iwloc=near\"\n\t\t\t\t\ttitle=\"\u0130zci Turizm Seyahat Acentesi, K\u0131z\u0131lay, Atat\u00fcrk Blv 94\/1, 06300 \u00c7ankaya\/Ankara\"\n\t\t\t\t\taria-label=\"\u0130zci Turizm Seyahat Acentesi, K\u0131z\u0131lay, Atat\u00fcrk Blv 94\/1, 06300 \u00c7ankaya\/Ankara\"\n\t\t\t><\/iframe>\n\t\t<\/div>\n\t\t\t\t<\/div>\n\t\t\t\t<\/div>\n\t\t\t\t<div class=\"elementor-element elementor-element-98c5a41 elementor-widget elementor-widget-google_maps\" data-id=\"98c5a41\" data-element_type=\"widget\" data-widget_type=\"google_maps.default\">\n\t\t\t\t<div class=\"elementor-widget-container\">\n\t\t\t\t\t<div class=\"elementor-custom-embed\">\n\t\t\t<iframe loading=\"lazy\"\n\t\t\t\t\tsrc=\"https:\/\/maps.google.com\/maps?q=%C4%B0zci%20Turizm%2C%20Turkish%20Airlines%2C%20K%C3%BClt%C3%BCr%2C%20Talatpa%C5%9Fa%20Blv%20olgun%20BLK%20no%2034%2FA%2C%2035220%20Konak%2F%C4%B0zmir&#038;t=m&#038;z=18&#038;output=embed&#038;iwloc=near\"\n\t\t\t\t\ttitle=\"\u0130zci Turizm, Turkish Airlines, K\u00fclt\u00fcr, Talatpa\u015fa Blv olgun BLK no 34\/A, 35220 Konak\/\u0130zmir\"\n\t\t\t\t\taria-label=\"\u0130zci Turizm, Turkish Airlines, K\u00fclt\u00fcr, Talatpa\u015fa Blv olgun BLK no 34\/A, 35220 Konak\/\u0130zmir\"\n\t\t\t><\/iframe>\n\t\t<\/div>\n\t\t\t\t<\/div>\n\t\t\t\t<\/div>\n\t\t\t\t<div class=\"elementor-element elementor-element-82c8a31 elementor-widget elementor-widget-google_maps\" data-id=\"82c8a31\" data-element_type=\"widget\" data-widget_type=\"google_maps.default\">\n\t\t\t\t<div class=\"elementor-widget-container\">\n\t\t\t\t\t<div class=\"elementor-custom-embed\">\n\t\t\t<iframe loading=\"lazy\"\n\t\t\t\t\tsrc=\"https:\/\/maps.google.com\/maps?q=%C4%B0%C5%9F%C3%A7i%20Bloklar%C4%B1%20Mevlana%20Blv.%20No%3A190%2FB%20P1%2006520%20%C3%87ankaya%2F%20Ankara&#038;t=m&#038;z=18&#038;output=embed&#038;iwloc=near\"\n\t\t\t\t\ttitle=\"\u0130\u015f\u00e7i Bloklar\u0131 Mevlana Blv. No:190\/B P1 06520 \u00c7ankaya\/ Ankara\"\n\t\t\t\t\taria-label=\"\u0130\u015f\u00e7i Bloklar\u0131 Mevlana Blv. No:190\/B P1 06520 \u00c7ankaya\/ Ankara\"\n\t\t\t><\/iframe>\n\t\t<\/div>\n\t\t\t\t<\/div>\n\t\t\t\t<\/div>\n\t\t\t\t\t<\/div>\n\t\t\t\t<\/div>\n\t\t\t\t<\/div>\n\t\t","protected":false},"excerpt":{"rendered":"<p>\u0130ZC\u0130 V\u0130ZE DANI\u015eMANLIK \u0130leti\u015fim Bilgilerimiz \u0130zci Vize Olarak Dan\u0131\u015fmanl\u0131k Hizmeti Verdi\u011fimiz Vize ve Pasaport \u0130\u015flemlerinde H\u0131zl\u0131 \u00c7\u00f6z\u00fcmleri Uygun Fiyatlar \u0130le 7\/24 Sizlere Ula\u015ft\u0131rmak \u0130\u00e7in \u00c7al\u0131\u015f\u0131yoruz. Sizlerde Bu Konularda Bilgi Almak \u0130sterseniz Bizlerle \u0130leti\u015fim Kurabilirsiniz\u00a0 \u0130nfo@izciturizm.com 0312 315 35 95 0312 286 70 64 Atat\u00fcrk Bulvar\u0131 No: 94\/1 \u00c7ankaya \/ Ankara \u0130\u015f\u00e7i Bloklar\u0131 Mevlana Blv. No:190\/B&#8230;<\/p>\n","protected":false},"author":1,"featured_media":0,"parent":0,"menu_order":0,"comment_status":"closed","ping_status":"closed","template":"","meta":{"_kad_post_transparent":"","_kad_post_title":"hide","_kad_post_layout":"fullwidth","_kad_post_sidebar_id":"","_kad_post_content_style":"unboxed","_kad_post_vertical_padding":"hide","_kad_post_feature":"hide","_kad_post_feature_position":"","_kad_post_header":false,"_kad_post_footer":false,"footnotes":""},"_links":{"self":[{"href":"https:\/\/www.izcivize.com\/index.php?rest_route=\/wp\/v2\/pages\/866"}],"collection":[{"href":"https:\/\/www.izcivize.com\/index.php?rest_route=\/wp\/v2\/pages"}],"about":[{"href":"https:\/\/www.izcivize.com\/index.php?rest_route=\/wp\/v2\/types\/page"}],"author":[{"embeddable":true,"href":"https:\/\/www.izcivize.com\/index.php?rest_route=\/wp\/v2\/users\/1"}],"replies":[{"embeddable":true,"href":"https:\/\/www.izcivize.com\/index.php?rest_route=%2Fwp%2Fv2%2Fcomments&post=866"}],"version-history":[{"count":64,"href":"https:\/\/www.izcivize.com\/index.php?rest_route=\/wp\/v2\/pages\/866\/revisions"}],"predecessor-version":[{"id":2200,"href":"https:\/\/www.izcivize.com\/index.php?rest_route=\/wp\/v2\/pages\/866\/revisions\/2200"}],"wp:attachment":[{"href":"https:\/\/www.izcivize.com\/index.php?rest_route=%2Fwp%2Fv2%2Fmedia&parent=866"}],"curies":[{"name":"wp","href":"https:\/\/api.w.org\/{rel}","templated":true}]}}