{"id":2081,"date":"2024-03-14T15:53:29","date_gmt":"2024-03-14T15:53:29","guid":{"rendered":"https:\/\/www.izcivize.com\/?page_id=2081"},"modified":"2024-03-14T16:01:16","modified_gmt":"2024-03-14T16:01:16","slug":"yunanistan-vizesi","status":"publish","type":"page","link":"https:\/\/www.izcivize.com\/?page_id=2081","title":{"rendered":"Yunanistan Vizesi"},"content":{"rendered":"\t\t<div data-elementor-type=\"wp-page\" data-elementor-id=\"2081\" class=\"elementor elementor-2081\">\n\t\t\t\t<div class=\"elementor-element elementor-element-4ba5225 e-flex e-con-boxed e-con e-parent\" data-id=\"4ba5225\" data-element_type=\"container\" data-settings=\"{&quot;content_width&quot;:&quot;boxed&quot;}\" data-core-v316-plus=\"true\">\n\t\t\t\t\t<div class=\"e-con-inner\">\n\t\t\t\t\t<\/div>\n\t\t\t\t<\/div>\n\t\t<div class=\"elementor-element elementor-element-7bd0c33 e-con-full e-flex e-con e-parent\" data-id=\"7bd0c33\" data-element_type=\"container\" data-settings=\"{&quot;content_width&quot;:&quot;full&quot;,&quot;background_background&quot;:&quot;classic&quot;}\" data-core-v316-plus=\"true\">\n\t\t\t\t<\/div>\n\t\t<div class=\"elementor-element elementor-element-c4b8fde e-flex e-con-boxed e-con e-parent\" data-id=\"c4b8fde\" data-element_type=\"container\" data-settings=\"{&quot;content_width&quot;:&quot;boxed&quot;}\" data-core-v316-plus=\"true\">\n\t\t\t\t\t<div class=\"e-con-inner\">\n\t\t\t\t<div class=\"elementor-element elementor-element-f9d74e8 elementor-widget elementor-widget-spacer\" data-id=\"f9d74e8\" data-element_type=\"widget\" data-widget_type=\"spacer.default\">\n\t\t\t\t<div class=\"elementor-widget-container\">\n\t\t\t<style>\/*! elementor - v3.19.0 - 07-02-2024 *\/\n.elementor-column .elementor-spacer-inner{height:var(--spacer-size)}.e-con{--container-widget-width:100%}.e-con-inner>.elementor-widget-spacer,.e-con>.elementor-widget-spacer{width:var(--container-widget-width,var(--spacer-size));--align-self:var(--container-widget-align-self,initial);--flex-shrink:0}.e-con-inner>.elementor-widget-spacer>.elementor-widget-container,.e-con>.elementor-widget-spacer>.elementor-widget-container{height:100%;width:100%}.e-con-inner>.elementor-widget-spacer>.elementor-widget-container>.elementor-spacer,.e-con>.elementor-widget-spacer>.elementor-widget-container>.elementor-spacer{height:100%}.e-con-inner>.elementor-widget-spacer>.elementor-widget-container>.elementor-spacer>.elementor-spacer-inner,.e-con>.elementor-widget-spacer>.elementor-widget-container>.elementor-spacer>.elementor-spacer-inner{height:var(--container-widget-height,var(--spacer-size))}.e-con-inner>.elementor-widget-spacer.elementor-widget-empty,.e-con>.elementor-widget-spacer.elementor-widget-empty{position:relative;min-height:22px;min-width:22px}.e-con-inner>.elementor-widget-spacer.elementor-widget-empty .elementor-widget-empty-icon,.e-con>.elementor-widget-spacer.elementor-widget-empty .elementor-widget-empty-icon{position:absolute;top:0;bottom:0;left:0;right:0;margin:auto;padding:0;width:22px;height:22px}<\/style>\t\t<div class=\"elementor-spacer\">\n\t\t\t<div class=\"elementor-spacer-inner\"><\/div>\n\t\t<\/div>\n\t\t\t\t<\/div>\n\t\t\t\t<\/div>\n\t\t\t\t\t<\/div>\n\t\t\t\t<\/div>\n\t\t<div class=\"elementor-element elementor-element-f49800c e-flex e-con-boxed e-con e-parent\" data-id=\"f49800c\" data-element_type=\"container\" data-settings=\"{&quot;content_width&quot;:&quot;boxed&quot;}\" data-core-v316-plus=\"true\">\n\t\t\t\t\t<div class=\"e-con-inner\">\n\t\t<div class=\"elementor-element elementor-element-de6bc19 e-con-full e-flex e-con e-child\" data-id=\"de6bc19\" data-element_type=\"container\" data-settings=\"{&quot;content_width&quot;:&quot;full&quot;}\">\n\t\t\t\t<div class=\"elementor-element elementor-element-fb7af2b elementor-widget elementor-widget-text-editor\" data-id=\"fb7af2b\" data-element_type=\"widget\" data-widget_type=\"text-editor.default\">\n\t\t\t\t<div class=\"elementor-widget-container\">\n\t\t\t<style>\/*! elementor - v3.19.0 - 07-02-2024 *\/\n.elementor-widget-text-editor.elementor-drop-cap-view-stacked .elementor-drop-cap{background-color:#69727d;color:#fff}.elementor-widget-text-editor.elementor-drop-cap-view-framed .elementor-drop-cap{color:#69727d;border:3px solid;background-color:transparent}.elementor-widget-text-editor:not(.elementor-drop-cap-view-default) .elementor-drop-cap{margin-top:8px}.elementor-widget-text-editor:not(.elementor-drop-cap-view-default) .elementor-drop-cap-letter{width:1em;height:1em}.elementor-widget-text-editor .elementor-drop-cap{float:left;text-align:center;line-height:1;font-size:50px}.elementor-widget-text-editor .elementor-drop-cap-letter{display:inline-block}<\/style>\t\t\t\t<h1>YUNAN\u0130STAN Vize Bilgileri<\/h1>\n<div>&nbsp;<\/div>\n<div>\n<div>Yunanistan T\u00fcrkiye ile kom\u015fu \u00fclkedir. Bu \u00fclkenin pek geli\u015fimi olmad\u0131\u011f\u0131 i\u00e7in en \u00f6nemli gelir kayna\u011f\u0131 turizmdir.<\/div>\n<div>&nbsp;<\/div>\n<div>Yunanistan Akdeniz iklimine sahiptir. Yazlar\u0131 s\u0131cak olmakla birlikte k\u0131\u015flar\u0131 ise \u0131l\u0131k ve serin ge\u00e7er.<\/div>\n<div>&nbsp;<\/div>\n<div>Yunanistan 12 milyon civar\u0131nda n\u00fcfusa sahiptir. Bu n\u00fcfusun %60\u2019l\u0131k b\u00f6l\u00fcm\u00fc \u015fehirlerde ya\u015far. Bu \u00fclkenin en kalabal\u0131k \u015fehri Atina\u2019d\u0131r. N\u00fcfusun \u00e7ok az bir k\u0131sm\u0131 T\u00fcrklerden olu\u015fmaktad\u0131r.<\/div>\n<div>&nbsp;<\/div>\n<div>Yunanistan turizm bak\u0131m\u0131ndan zengin bir \u00fclkedir. Turistlerin ise en \u00e7ok rehavet g\u00f6sterdi\u011fi ve simge haline gelen Zeus heykelidir. Bu heykelin y\u00fcksekli\u011fi 12 m boyundad\u0131r. D\u00fcnyan\u0131n 7 harikas\u0131 aras\u0131nda yer almaktad\u0131r.<\/div>\n<div>&nbsp;<\/div>\n<div>Yunanista\u2019n\u0131n ba\u015fkenti Atina\u2019d\u0131r. T\u00fcrkiye ile bu \u00fclke aras\u0131ndaki mesafe u\u00e7ak ile 1,5 saat s\u00fcrmektedir.<\/div><div><br><\/div>\n<\/div>\n<div>\n<div>\n<div>\n<div>\n<div>\n<div>\n<div>\n<div>\n<div>\n<div><span style=\"color: #1a202c;\"><span style=\"font-size: 28px;\"><b>EMEKL\u0130LER \u0130\u00c7\u0130N GEREKL\u0130 EVRAK L\u0130STES\u0130 ( SCHENGEN )&nbsp; A\u0130LE Z\u0130YARET\u0130 \u2013 YUNAN\u0130STAN<\/b><\/span><\/span><\/div>\n<\/div>\n<\/div>\n<\/div>\n<\/div>\n<\/div>\n<\/div>\n<\/div>\n<\/div>\n<\/div>\n<div>\n<div>\n<ul>\n<li style=\"line-height: 24px;\">&nbsp;Pasaport \/ En az&nbsp; 1 y\u0131l s\u00fcresi olan&nbsp; ( Var ise eski pasaportlar )<\/li>\n<li style=\"line-height: 24px;\"><span style=\"color: #888888; font-family: Poppins, sans-serif;\"><span style=\"font-size: 14.5px;\">2 Adet resim ( arka fonu beyaz 3.5 mm 4.5 mm \u00f6l\u00e7\u00fclerinde )<\/span><\/span><\/li>\n<li style=\"line-height: 24px;\"><span style=\"color: #888888; font-family: Poppins, sans-serif;\"><span style=\"font-size: 14.5px;\">Konsoloslu\u011fa hitaben Dilek\u00e7e<\/span><\/span><\/li>\n<li style=\"line-height: 24px;\"><span style=\"color: #888888; font-family: Poppins, sans-serif;\"><span style=\"font-size: 14.5px;\">\u2013 Gidi\u015f d\u00f6n\u00fc\u015f tarihi \u2013 gidi\u015f amac\u0131 \u2013 masraflar\u0131n kimin kar\u015f\u0131lad\u0131\u011f\u0131 yaz\u0131lmas\u0131 gerekmektedir<\/span><\/span><\/li>\n<li style=\"line-height: 24px;\"><span style=\"color: #888888; font-family: Poppins, sans-serif;\"><span style=\"font-size: 14.5px;\">Davetiye ( Asl\u0131 )<\/span><\/span><\/li>\n<li style=\"line-height: 24px;\"><span style=\"color: #888888; font-family: Poppins, sans-serif;\"><span style=\"font-size: 14.5px;\">\u2013 Davetiye belediyeden tasdiklenmi\u015f olmal\u0131d\u0131r<\/span><\/span><\/li>\n<li style=\"line-height: 24px;\"><span style=\"color: #888888; font-family: Poppins, sans-serif;\"><span style=\"font-size: 14.5px;\">\u2013 Davet eden ki\u015finin kimlik fotokopisi<\/span><\/span><\/li>\n<li style=\"line-height: 24px;\"><span style=\"color: #888888; font-family: Poppins, sans-serif;\"><span style=\"font-size: 14.5px;\">Emekli c\u00fczdan\u0131 ( emekli c\u00fczdan\u0131 yok ise emekli sand\u0131\u011f\u0131ndan veya emekli oldu\u011fu kurumdan yaz\u0131 )<\/span><\/span><\/li>\n<li style=\"line-height: 24px;\"><span style=\"color: #888888; font-family: Poppins, sans-serif;\"><span style=\"font-size: 14.5px;\">Emekli maa\u015f ald\u0131\u011f\u0131 bankadan hesap d\u00f6k\u00fcm\u00fc<\/span><\/span><\/li>\n<li style=\"line-height: 24px;\"><span style=\"color: #888888; font-family: Poppins, sans-serif;\"><span style=\"font-size: 14.5px;\">\u015eahsi banka hesap hareketleri ( g\u00fcncel bakiyesi olan banka taraf\u0131ndan ka\u015feli imzal\u0131 )<\/span><\/span><\/li>\n<li style=\"line-height: 24px;\"><span style=\"color: #888888; font-family: Poppins, sans-serif;\"><span style=\"font-size: 14.5px;\">Tapu, ara\u00e7 ruhsat\u0131, arsa, gayrimenkule ait evraklar ( var ise )<\/span><\/span><\/li>\n<li style=\"line-height: 24px;\"><span style=\"color: #888888; font-family: Poppins, sans-serif;\"><span style=\"font-size: 14.5px;\">Tam vukuatl\u0131 aile n\u00fcfus kay\u0131t \u00f6rne\u011fi \u2013 Yerle\u015fim yeri g\u00f6z\u00fcken&nbsp; ( e devlet \u00fczerinden al\u0131nabilir )<\/span><\/span><\/li>\n<li style=\"line-height: 24px;\"><span style=\"color: #888888; font-family: Poppins, sans-serif;\"><span style=\"font-size: 14.5px;\">Kimlik fotokopisi<\/span><\/span><\/li>\n<li style=\"line-height: 24px;\"><span style=\"color: #888888; font-family: Poppins, sans-serif;\"><span style=\"font-size: 14.5px;\">30.000 \u20ac teminatl\u0131 seyahat sa\u011fl\u0131k sigortas\u0131 ( \u015firketimiz taraf\u0131ndan yap\u0131lmaktad\u0131r )<\/span><\/span><\/li>\n<li style=\"line-height: 24px;\"><span style=\"color: #888888; font-family: Poppins, sans-serif;\"><span style=\"font-size: 14.5px;\">Protokol yaz\u0131s\u0131 ( ilk kez yurt d\u0131\u015f\u0131na \u00e7\u0131kanlar i\u00e7in al\u0131nmal\u0131d\u0131r )<\/span><\/span><\/li>\n<\/ul>\n<h2>KAMU PERSONELLER\u0130 \u0130\u00c7\u0130N GEREKL\u0130 EVRAK L\u0130STES\u0130 ( SCHENGEN )&nbsp; A\u0130LE Z\u0130YARET\u0130 \u2013 YUNAN\u0130STAN<\/h2>\n<div>\n<div>\n<ul>\n<li style=\"line-height: 24px;\">&nbsp;Pasaport \/ En az&nbsp; 1 y\u0131l s\u00fcresi olan&nbsp; ( Var ise eski pasaportlar )<\/li>\n<li style=\"line-height: 24px;\"><span style=\"color: #888888; font-family: Poppins, sans-serif;\"><span style=\"font-size: 14.5px;\">2 Adet resim ( arka fonu beyaz 3.5 mm 4.5 mm \u00f6l\u00e7\u00fclerinde )<\/span><\/span><\/li>\n<li style=\"line-height: 24px;\"><span style=\"color: #888888; font-family: Poppins, sans-serif;\"><span style=\"font-size: 14.5px;\">Konsoloslu\u011fa hitaben Dilek\u00e7e<\/span><\/span><\/li>\n<li style=\"line-height: 24px;\"><span style=\"color: #888888; font-family: Poppins, sans-serif;\"><span style=\"font-size: 14.5px;\">\u2013 Ki\u015finin pozisyonunu, i\u015fe ba\u015flama tarihini, maa\u015f\u0131n\u0131, izinli oldu\u011fu s\u00fcreyi ve d\u00f6n\u00fc\u015f\u00fcnde i\u015fe devam edece\u011fini teyit eden mektup (orijinal olmak zorunda)<\/span><\/span><\/li>\n<li style=\"line-height: 24px;\"><span style=\"color: #888888; font-family: Poppins, sans-serif;\"><span style=\"font-size: 14.5px;\">Davetiye ( Asl\u0131 )<\/span><\/span><\/li>\n<li style=\"line-height: 24px;\"><span style=\"color: #888888; font-family: Poppins, sans-serif;\"><span style=\"font-size: 14.5px;\">\u2013 Davetiye belediyeden tasdiklenmi\u015f olmal\u0131d\u0131r<\/span><\/span><\/li>\n<li style=\"line-height: 24px;\"><span style=\"color: #888888; font-family: Poppins, sans-serif;\"><span style=\"font-size: 14.5px;\">\u2013 Davet eden ki\u015finin kimlik fotokopisi<\/span><\/span><\/li>\n<li style=\"line-height: 24px;\"><span style=\"color: #888888; font-family: Poppins, sans-serif;\"><span style=\"font-size: 14.5px;\">Kurum \u00e7al\u0131\u015fma belgesi<\/span><\/span><\/li>\n<li style=\"line-height: 24px;\"><span style=\"color: #888888; font-family: Poppins, sans-serif;\"><span style=\"font-size: 14.5px;\">Kurumdan al\u0131nan&nbsp; izin yaz\u0131s\u0131<\/span><\/span><\/li>\n<li style=\"line-height: 24px;\"><span style=\"color: #888888; font-family: Poppins, sans-serif;\"><span style=\"font-size: 14.5px;\">Kurum g\u00f6rev kimlik kart\u0131n\u0131n arkal\u0131 \u00f6nl\u00fc fotokobisi<\/span><\/span><\/li>\n<li style=\"line-height: 24px;\"><span style=\"color: #888888; font-family: Poppins, sans-serif;\"><span style=\"font-size: 14.5px;\">Son 3 ayl\u0131k maa\u015f bordrosu ( Kurumdan ka\u015feli imzal\u0131 )<\/span><\/span><\/li>\n<li style=\"line-height: 24px;\"><span style=\"color: #888888; font-family: Poppins, sans-serif;\"><span style=\"font-size: 14.5px;\">\u015eahsi banka hesap hareketleri ( g\u00fcncel bakiyesi olan banka taraf\u0131ndan ka\u015feli imzal\u0131 )<\/span><\/span><\/li>\n<li style=\"line-height: 24px;\"><span style=\"color: #888888; font-family: Poppins, sans-serif;\"><span style=\"font-size: 14.5px;\">Tapu, ara\u00e7 ruhsat\u0131, arsa, gayrimenkule ait evraklar ( var ise )<\/span><\/span><\/li>\n<li style=\"line-height: 24px;\"><span style=\"color: #888888; font-family: Poppins, sans-serif;\"><span style=\"font-size: 14.5px;\">Tam vukuatl\u0131 aile n\u00fcfus kay\u0131t \u00f6rne\u011fi \u2013 Yerle\u015fim yeri g\u00f6z\u00fcken&nbsp; ( e devlet \u00fczerinden al\u0131nabilir )<\/span><\/span><\/li>\n<li style=\"line-height: 24px;\"><span style=\"color: #888888; font-family: Poppins, sans-serif;\"><span style=\"font-size: 14.5px;\">Kimlik fotokopisi<\/span><\/span><\/li>\n<li style=\"line-height: 24px;\"><span style=\"color: #888888; font-family: Poppins, sans-serif;\"><span style=\"font-size: 14.5px;\">30.000 \u20ac teminatl\u0131 seyahat sa\u011fl\u0131k sigortas\u0131 ( \u015firketimiz taraf\u0131ndan yap\u0131lmaktad\u0131r )<\/span><\/span><\/li>\n<li style=\"line-height: 24px;\"><span style=\"color: #888888; font-family: Poppins, sans-serif;\"><span style=\"font-size: 14.5px;\">Protokol yaz\u0131s\u0131 ( ilk kez yurt d\u0131\u015f\u0131na \u00e7\u0131kanlar i\u00e7in al\u0131nmal\u0131d\u0131r )<\/span><\/span><\/li>\n<\/ul>\n<h2>\u00d6\u011eRENC\u0130LER \u0130\u00c7\u0130N GEREKL\u0130 EVRAK L\u0130STES\u0130 ( SCHENGEN )&nbsp; A\u0130LE Z\u0130YARET\u0130 \u2013 YUNAN\u0130STAN<\/h2>\n<div>\n<div>\n<ul>\n<li style=\"line-height: 24px;\"><span style=\"font-size: 14.5px; color: #888888; font-family: Poppins, sans-serif; font-weight: var( --e-global-typography-text-font-weight ); text-align: var(--text-align); background-color: transparent;\">Pasaport \/ En az&nbsp; 1 y\u0131l s\u00fcresi olan&nbsp; ( Var ise eski pasaportlar )<\/span><\/li>\n<li style=\"line-height: 24px;\"><span style=\"color: #888888; font-family: Poppins, sans-serif;\"><span style=\"font-size: 14.5px;\">2 Adet resim ( arka fonu beyaz 3.5 mm 4.5 mm \u00f6l\u00e7\u00fclerinde )<\/span><\/span><\/li>\n<li style=\"line-height: 24px;\"><span style=\"color: #888888; font-family: Poppins, sans-serif;\"><span style=\"font-size: 14.5px;\">Konsoloslu\u011fa hitaben Dilek\u00e7e<\/span><\/span><\/li>\n<li style=\"line-height: 24px;\"><span style=\"color: #888888; font-family: Poppins, sans-serif;\"><span style=\"font-size: 14.5px;\">\u00d6\u011frenci belgesi asl\u0131<\/span><\/span><\/li>\n<li style=\"line-height: 24px;\"><span style=\"color: #888888; font-family: Poppins, sans-serif;\"><span style=\"font-size: 14.5px;\">Aile bireylerinden anne veya baban\u0131n ayl\u0131k gelirini beyan eden evraklar ve \u00f6\u011frencinin oradaki masraflar\u0131n\u0131 kar\u015f\u0131layaca\u011f\u0131na dair varsa tapu, ara\u00e7 ruhsat\u0131 gayrimenkule ait evraklar<\/span><\/span><\/li>\n<li style=\"line-height: 24px;\"><span style=\"color: #888888; font-family: Poppins, sans-serif;\"><span style=\"font-size: 14.5px;\">\u015eahsi banka hesap hareketleri ( g\u00fcncel bakiyesi olan banka taraf\u0131ndan ka\u015feli imzal\u0131 )<\/span><\/span><\/li>\n<li style=\"line-height: 24px;\"><span style=\"color: #888888; font-family: Poppins, sans-serif;\"><span style=\"font-size: 14.5px;\">Tapu, ara\u00e7 ruhsat\u0131, arsa, gayrimenkule ait evraklar ( var ise )<\/span><\/span><\/li>\n<li style=\"line-height: 24px;\"><span style=\"color: #888888; font-family: Poppins, sans-serif;\"><span style=\"font-size: 14.5px;\">Tam vukuatl\u0131 aile n\u00fcfus kay\u0131t \u00f6rne\u011fi \u2013 Yerle\u015fim yeri g\u00f6z\u00fcken&nbsp; ( e devlet \u00fczerinden al\u0131nabilir )<\/span><\/span><\/li>\n<li style=\"line-height: 24px;\"><span style=\"color: #888888; font-family: Poppins, sans-serif;\"><span style=\"font-size: 14.5px;\">18 ya\u015f dolmam\u0131\u015f \u00f6\u011frenciler ise anne babadan seyahat edebilmesi i\u00e7in noterden muvafakatname asl\u0131<\/span><\/span><\/li>\n<li style=\"line-height: 24px;\"><span style=\"color: #888888; font-family: Poppins, sans-serif;\"><span style=\"font-size: 14.5px;\">Kimlik fotokopisi<\/span><\/span><\/li>\n<li style=\"line-height: 24px;\"><span style=\"color: #888888; font-family: Poppins, sans-serif;\"><span style=\"font-size: 14.5px;\">Otel u\u00e7ak rezervasyonu<\/span><\/span><\/li>\n<li style=\"line-height: 24px;\"><span style=\"color: #888888; font-family: Poppins, sans-serif;\"><span style=\"font-size: 14.5px;\">30.000 \u20ac teminatl\u0131 seyahat sa\u011fl\u0131k sigortas\u0131 ( \u015firketimiz taraf\u0131ndan yap\u0131lmaktad\u0131r )<\/span><\/span><\/li>\n<li style=\"font-size: 14.5px; line-height: 24px; font-family: Poppins, sans-serif; color: #888888;\">Ki\u015fi ilk kez yurt d\u0131\u015f\u0131na \u00e7\u0131k\u0131yor ise Emniyetten al\u0131nan Pasaport protokol yaz\u0131s\u0131 gerekmektedir<\/li>\n<\/ul>\n<h2>\u015e\u0130RKET \u00c7ALI\u015eANLARI \u0130\u00c7\u0130N GEREKL\u0130 EVRAK L\u0130STES\u0130 ( SCHENGEN )&nbsp; A\u0130LE Z\u0130YARET\u0130 \u2013 YUNAN\u0130STAN<\/h2>\n<div>\n<div>\n<ul>\n<li style=\"font-size: 14.5px; line-height: 24px; font-family: Poppins, sans-serif; color: #888888;\">Pasaport \/ En az&nbsp; 1 y\u0131l s\u00fcresi olan&nbsp; ( Var ise eski pasaportlar )<\/li>\n<li style=\"font-size: 14.5px; line-height: 24px; font-family: Poppins, sans-serif; color: #888888;\">2 Adet resim ( arka fonu beyaz 3.5 mm 4.5 mm \u00f6l\u00e7\u00fclerinde )<\/li>\n<li style=\"font-size: 14.5px; line-height: 24px; font-family: Poppins, sans-serif; color: #888888;\">\u015eirket antetli ka\u011f\u0131d\u0131na yaz\u0131lm\u0131\u015f olan konsoloslu\u011fa hitaben dilek\u00e7e<br>\u2013&nbsp;Ki\u015finin pozisyonunu, i\u015fe ba\u015flama tarihini, maa\u015f\u0131n\u0131, izinli oldu\u011fu s\u00fcreyi ve d\u00f6n\u00fc\u015f\u00fcnde i\u015fe devam edece\u011fini teyit eden mektup (orijinal olmak zorunda)<\/li>\n<li style=\"font-size: 14.5px; line-height: 24px; font-family: Poppins, sans-serif; color: #888888;\">Davetiye ( Asl\u0131 )<br>\u2013 Davetiye belediyeden tasdiklenmi\u015f olmal\u0131d\u0131r<br>\u2013 Davet eden ki\u015finin kimlik fotokopisi<\/li>\n<li style=\"font-size: 14.5px; line-height: 24px; font-family: Poppins, sans-serif; color: #888888;\">\u015eirket oda sicil kay\u0131t sureti ( Son 6 aydan eski olmayan )<\/li>\n<li style=\"font-size: 14.5px; line-height: 24px; font-family: Poppins, sans-serif; color: #888888;\">Faaliyet belgesi ( Son 6 aydan eski olmayan )<\/li>\n<li style=\"font-size: 14.5px; line-height: 24px; font-family: Poppins, sans-serif; color: #888888;\">Vergi levhas\u0131<\/li>\n<li style=\"font-size: 14.5px; line-height: 24px; font-family: Poppins, sans-serif; color: #888888;\">\u0130mza sirk\u00fcs\u00fc<\/li>\n<li style=\"font-size: 14.5px; line-height: 24px; font-family: Poppins, sans-serif; color: #888888;\">Ticaret Sicil Gazetesi<\/li>\n<li style=\"font-size: 14.5px; line-height: 24px; font-family: Poppins, sans-serif; color: #888888;\">Ssk i\u015fe giri\u015f bildirgesi<\/li>\n<li style=\"font-size: 14.5px; line-height: 24px; font-family: Poppins, sans-serif; color: #888888;\">Son 3 ayl\u0131k maa\u015f bordrosu ( \u015eirketten ka\u015feli imzal\u0131 )<\/li>\n<li style=\"font-size: 14.5px; line-height: 24px; font-family: Poppins, sans-serif; color: #888888;\">Sgk hizmet d\u00f6k\u00fcm\u00fc ( e devlet \u00fczerinden al\u0131nabilir )<\/li>\n<li style=\"font-size: 14.5px; line-height: 24px; font-family: Poppins, sans-serif; color: #888888;\">\u015eahsi banka hesap hareketleri ( g\u00fcncel bakiyeli banka taraf\u0131ndan ka\u015feli imzal\u0131 )<\/li>\n<li style=\"font-size: 14.5px; line-height: 24px; font-family: Poppins, sans-serif; color: #888888;\">Tapu, ara\u00e7 ruhsat\u0131, arsa, gayrimenkule ait evraklar ( var ise )<\/li>\n<li style=\"font-size: 14.5px; line-height: 24px; font-family: Poppins, sans-serif; color: #888888;\">Tam vukuatl\u0131 aile n\u00fcfus kay\u0131t \u00f6rne\u011fi \u2013 Yerle\u015fim yeri g\u00f6z\u00fcken&nbsp; ( e devlet \u00fczerinden al\u0131nabilir )<\/li>\n<li style=\"font-size: 14.5px; line-height: 24px; font-family: Poppins, sans-serif; color: #888888;\">Kimlik fotokopisi<\/li>\n<li style=\"font-size: 14.5px; line-height: 24px; font-family: Poppins, sans-serif; color: #888888;\">30.000 \u20ac teminatl\u0131 seyahat sa\u011fl\u0131k sigortas\u0131 ( \u015firketimiz taraf\u0131ndan yap\u0131lmaktad\u0131r )<\/li>\n<li style=\"font-size: 14.5px; line-height: 24px; font-family: Poppins, sans-serif; color: #888888;\">Protokol yaz\u0131s\u0131 ( ilk kez yurt d\u0131\u015f\u0131na \u00e7\u0131kanlar i\u00e7in al\u0131nmal\u0131d\u0131r )<\/li>\n<\/ul>\n<h2>\u015e\u0130RKET SAH\u0130PLER\u0130 \u0130\u00c7\u0130N GEREKL\u0130 EVRAK L\u0130STES\u0130 ( SCHENGEN )&nbsp; A\u0130LE Z\u0130YARET\u0130 \u2013 YUNAN\u0130STAN<\/h2>\n<div>\n<div>\n<ul>\n<li style=\"font-size: 14.5px; line-height: 24px; font-family: Poppins, sans-serif; color: #888888;\">Pasaport \/ En az&nbsp; 1 y\u0131l s\u00fcresi olan&nbsp; ( Var ise eski pasaportlar )<\/li>\n<li style=\"font-size: 14.5px; line-height: 24px; font-family: Poppins, sans-serif; color: #888888;\">2 Adet resim ( arka fonu beyaz 3.5 mm 4.5 mm \u00f6l\u00e7\u00fclerinde )<\/li>\n<li style=\"font-size: 14.5px; line-height: 24px; font-family: Poppins, sans-serif; color: #888888;\">\u015eirket antetli ka\u011f\u0131d\u0131na yaz\u0131lm\u0131\u015f olan konsoloslu\u011fa hitaben dilek\u00e7e<br>\u2013 Gidi\u015f d\u00f6n\u00fc\u015f tarihi \u2013 gidi\u015f amac\u0131 \u2013 masraflar\u0131n kimin kar\u015f\u0131lad\u0131\u011f\u0131 \u2013&nbsp; i\u015f yerindeki g\u00f6reviniz \u2013 i\u015f yeri ad\u0131 dilek\u00e7ede ge\u00e7mek zorundad\u0131r<\/li>\n<li style=\"font-size: 14.5px; line-height: 24px; font-family: Poppins, sans-serif; color: #888888;\">Davetiye ( Asl\u0131 )<br>\u2013 Davetiye belediyeden tasdiklenmi\u015f olmal\u0131d\u0131r<br>\u2013 Davet eden ki\u015finin kimlik fotokopisi<\/li>\n<li style=\"font-size: 14.5px; line-height: 24px; font-family: Poppins, sans-serif; color: #888888;\">\u015eirket oda sicil kay\u0131t sureti ( Son 6 aydan eski olmayan )<\/li>\n<li style=\"font-size: 14.5px; line-height: 24px; font-family: Poppins, sans-serif; color: #888888;\">Faaliyet belgesi ( Son 6 aydan eski olmayan )<\/li>\n<li style=\"font-size: 14.5px; line-height: 24px; font-family: Poppins, sans-serif; color: #888888;\">Vergi levhas\u0131<\/li>\n<li style=\"font-size: 14.5px; line-height: 24px; font-family: Poppins, sans-serif; color: #888888;\">\u0130mza sirk\u00fcs\u00fc<\/li>\n<li style=\"font-size: 14.5px; line-height: 24px; font-family: Poppins, sans-serif; color: #888888;\">Ticaret Sicil Gazetesi<\/li>\n<li style=\"font-size: 14.5px; line-height: 24px; font-family: Poppins, sans-serif; color: #888888;\">Ba\u011fkur D\u00f6k\u00fcm\u00fc ( e devlet \u00fczerinden al\u0131nabilir )<\/li>\n<li style=\"font-size: 14.5px; line-height: 24px; font-family: Poppins, sans-serif; color: #888888;\">\u015eahsi banka hesap hareketleri ( g\u00fcncel bakiyeli banka taraf\u0131ndan ka\u015feli imzal\u0131 )<\/li>\n<li style=\"font-size: 14.5px; line-height: 24px; font-family: Poppins, sans-serif; color: #888888;\">\u015eirket sahipleri i\u00e7in \u015firket hesap d\u00f6k\u00fcmleride ge\u00e7erlidir<\/li>\n<li style=\"font-size: 14.5px; line-height: 24px; font-family: Poppins, sans-serif; color: #888888;\">Tapu, ara\u00e7 ruhsat\u0131, arsa, gayrimenkule ait evraklar ( var ise )<\/li>\n<li style=\"font-size: 14.5px; line-height: 24px; font-family: Poppins, sans-serif; color: #888888;\">Tam vukuatl\u0131 aile n\u00fcfus kay\u0131t \u00f6rne\u011fi \u2013 Yerle\u015fim yeri g\u00f6z\u00fcken&nbsp; ( e devlet \u00fczerinden al\u0131nabilir )<\/li>\n<li style=\"font-size: 14.5px; line-height: 24px; font-family: Poppins, sans-serif; color: #888888;\">Kimlik fotokopisi<\/li>\n<li style=\"font-size: 14.5px; line-height: 24px; font-family: Poppins, sans-serif; color: #888888;\">30.000 \u20ac teminatl\u0131 seyahat sa\u011fl\u0131k sigortas\u0131 ( \u015firketimiz taraf\u0131ndan yap\u0131lmaktad\u0131r )<\/li>\n<li style=\"font-size: 14.5px; line-height: 24px; font-family: Poppins, sans-serif; color: #888888;\">Protokol yaz\u0131s\u0131 ( ilk kez yurt d\u0131\u015f\u0131na \u00e7\u0131kanlar i\u00e7in al\u0131nmal\u0131d\u0131r )<\/li>\n<\/ul>\n<\/div>\n<\/div>\n<\/div>\n<\/div>\n<\/div>\n<\/div>\n<\/div>\n<\/div>\n<\/div>\n<\/div>\t\t\t\t\t\t<\/div>\n\t\t\t\t<\/div>\n\t\t\t\t<\/div>\n\t\t\t\t\t<\/div>\n\t\t\t\t<\/div>\n\t\t\t\t<\/div>\n\t\t","protected":false},"excerpt":{"rendered":"<p>YUNAN\u0130STAN Vize Bilgileri &nbsp; Yunanistan T\u00fcrkiye ile kom\u015fu \u00fclkedir. Bu \u00fclkenin pek geli\u015fimi olmad\u0131\u011f\u0131 i\u00e7in en \u00f6nemli gelir kayna\u011f\u0131 turizmdir. &nbsp; Yunanistan Akdeniz iklimine sahiptir. Yazlar\u0131 s\u0131cak olmakla birlikte k\u0131\u015flar\u0131 ise \u0131l\u0131k ve serin ge\u00e7er. &nbsp; Yunanistan 12 milyon civar\u0131nda n\u00fcfusa sahiptir. Bu n\u00fcfusun %60\u2019l\u0131k b\u00f6l\u00fcm\u00fc \u015fehirlerde ya\u015far. Bu \u00fclkenin en kalabal\u0131k \u015fehri Atina\u2019d\u0131r. N\u00fcfusun&#8230;<\/p>\n","protected":false},"author":1,"featured_media":0,"parent":0,"menu_order":0,"comment_status":"closed","ping_status":"closed","template":"","meta":{"_kad_post_transparent":"","_kad_post_title":"hide","_kad_post_layout":"fullwidth","_kad_post_sidebar_id":"","_kad_post_content_style":"unboxed","_kad_post_vertical_padding":"hide","_kad_post_feature":"hide","_kad_post_feature_position":"","_kad_post_header":false,"_kad_post_footer":false,"footnotes":""},"_links":{"self":[{"href":"https:\/\/www.izcivize.com\/index.php?rest_route=\/wp\/v2\/pages\/2081"}],"collection":[{"href":"https:\/\/www.izcivize.com\/index.php?rest_route=\/wp\/v2\/pages"}],"about":[{"href":"https:\/\/www.izcivize.com\/index.php?rest_route=\/wp\/v2\/types\/page"}],"author":[{"embeddable":true,"href":"https:\/\/www.izcivize.com\/index.php?rest_route=\/wp\/v2\/users\/1"}],"replies":[{"embeddable":true,"href":"https:\/\/www.izcivize.com\/index.php?rest_route=%2Fwp%2Fv2%2Fcomments&post=2081"}],"version-history":[{"count":4,"href":"https:\/\/www.izcivize.com\/index.php?rest_route=\/wp\/v2\/pages\/2081\/revisions"}],"predecessor-version":[{"id":2087,"href":"https:\/\/www.izcivize.com\/index.php?rest_route=\/wp\/v2\/pages\/2081\/revisions\/2087"}],"wp:attachment":[{"href":"https:\/\/www.izcivize.com\/index.php?rest_route=%2Fwp%2Fv2%2Fmedia&parent=2081"}],"curies":[{"name":"wp","href":"https:\/\/api.w.org\/{rel}","templated":true}]}}