{"id":2072,"date":"2024-03-14T15:49:02","date_gmt":"2024-03-14T15:49:02","guid":{"rendered":"https:\/\/www.izcivize.com\/?page_id=2072"},"modified":"2024-03-14T15:52:37","modified_gmt":"2024-03-14T15:52:37","slug":"vietnam-vizesi","status":"publish","type":"page","link":"https:\/\/www.izcivize.com\/?page_id=2072","title":{"rendered":"Vietnam Vizesi"},"content":{"rendered":"\t\t<div data-elementor-type=\"wp-page\" data-elementor-id=\"2072\" class=\"elementor elementor-2072\">\n\t\t\t\t<div class=\"elementor-element elementor-element-4ba5225 e-flex e-con-boxed e-con e-parent\" data-id=\"4ba5225\" data-element_type=\"container\" data-settings=\"{&quot;content_width&quot;:&quot;boxed&quot;}\" data-core-v316-plus=\"true\">\n\t\t\t\t\t<div class=\"e-con-inner\">\n\t\t\t\t\t<\/div>\n\t\t\t\t<\/div>\n\t\t<div class=\"elementor-element elementor-element-7bd0c33 e-con-full e-flex e-con e-parent\" data-id=\"7bd0c33\" data-element_type=\"container\" data-settings=\"{&quot;content_width&quot;:&quot;full&quot;,&quot;background_background&quot;:&quot;classic&quot;}\" data-core-v316-plus=\"true\">\n\t\t\t\t<\/div>\n\t\t<div class=\"elementor-element elementor-element-c4b8fde e-flex e-con-boxed e-con e-parent\" data-id=\"c4b8fde\" data-element_type=\"container\" data-settings=\"{&quot;content_width&quot;:&quot;boxed&quot;}\" data-core-v316-plus=\"true\">\n\t\t\t\t\t<div class=\"e-con-inner\">\n\t\t\t\t<div class=\"elementor-element elementor-element-f9d74e8 elementor-widget elementor-widget-spacer\" data-id=\"f9d74e8\" data-element_type=\"widget\" data-widget_type=\"spacer.default\">\n\t\t\t\t<div class=\"elementor-widget-container\">\n\t\t\t<style>\/*! elementor - v3.19.0 - 07-02-2024 *\/\n.elementor-column .elementor-spacer-inner{height:var(--spacer-size)}.e-con{--container-widget-width:100%}.e-con-inner>.elementor-widget-spacer,.e-con>.elementor-widget-spacer{width:var(--container-widget-width,var(--spacer-size));--align-self:var(--container-widget-align-self,initial);--flex-shrink:0}.e-con-inner>.elementor-widget-spacer>.elementor-widget-container,.e-con>.elementor-widget-spacer>.elementor-widget-container{height:100%;width:100%}.e-con-inner>.elementor-widget-spacer>.elementor-widget-container>.elementor-spacer,.e-con>.elementor-widget-spacer>.elementor-widget-container>.elementor-spacer{height:100%}.e-con-inner>.elementor-widget-spacer>.elementor-widget-container>.elementor-spacer>.elementor-spacer-inner,.e-con>.elementor-widget-spacer>.elementor-widget-container>.elementor-spacer>.elementor-spacer-inner{height:var(--container-widget-height,var(--spacer-size))}.e-con-inner>.elementor-widget-spacer.elementor-widget-empty,.e-con>.elementor-widget-spacer.elementor-widget-empty{position:relative;min-height:22px;min-width:22px}.e-con-inner>.elementor-widget-spacer.elementor-widget-empty .elementor-widget-empty-icon,.e-con>.elementor-widget-spacer.elementor-widget-empty .elementor-widget-empty-icon{position:absolute;top:0;bottom:0;left:0;right:0;margin:auto;padding:0;width:22px;height:22px}<\/style>\t\t<div class=\"elementor-spacer\">\n\t\t\t<div class=\"elementor-spacer-inner\"><\/div>\n\t\t<\/div>\n\t\t\t\t<\/div>\n\t\t\t\t<\/div>\n\t\t\t\t\t<\/div>\n\t\t\t\t<\/div>\n\t\t<div class=\"elementor-element elementor-element-f49800c e-flex e-con-boxed e-con e-parent\" data-id=\"f49800c\" data-element_type=\"container\" data-settings=\"{&quot;content_width&quot;:&quot;boxed&quot;}\" data-core-v316-plus=\"true\">\n\t\t\t\t\t<div class=\"e-con-inner\">\n\t\t<div class=\"elementor-element elementor-element-de6bc19 e-con-full e-flex e-con e-child\" data-id=\"de6bc19\" data-element_type=\"container\" data-settings=\"{&quot;content_width&quot;:&quot;full&quot;}\">\n\t\t\t\t<div class=\"elementor-element elementor-element-fb7af2b elementor-widget elementor-widget-text-editor\" data-id=\"fb7af2b\" data-element_type=\"widget\" data-widget_type=\"text-editor.default\">\n\t\t\t\t<div class=\"elementor-widget-container\">\n\t\t\t<style>\/*! elementor - v3.19.0 - 07-02-2024 *\/\n.elementor-widget-text-editor.elementor-drop-cap-view-stacked .elementor-drop-cap{background-color:#69727d;color:#fff}.elementor-widget-text-editor.elementor-drop-cap-view-framed .elementor-drop-cap{color:#69727d;border:3px solid;background-color:transparent}.elementor-widget-text-editor:not(.elementor-drop-cap-view-default) .elementor-drop-cap{margin-top:8px}.elementor-widget-text-editor:not(.elementor-drop-cap-view-default) .elementor-drop-cap-letter{width:1em;height:1em}.elementor-widget-text-editor .elementor-drop-cap{float:left;text-align:center;line-height:1;font-size:50px}.elementor-widget-text-editor .elementor-drop-cap-letter{display:inline-block}<\/style>\t\t\t\t<h1>V\u0130ETNAM Vize Bilgileri<\/h1><div><div><h2><span style=\"color: #7a7a7a;\"><span style=\"font-size: 17px; font-weight: 400;\">Vietnam bir tar\u0131m \u00fclkesidir. \u00dclke ekonomisinin b\u00fcy\u00fck bir b\u00f6l\u00fcm\u00fc tar\u0131m yaparak elde edilmektedir.<\/span><\/span><\/h2><h2><span style=\"font-size: 17px; font-weight: 400; color: #7a7a7a; font-family: var(--global-heading-font-family); text-align: var(--text-align); background-color: transparent;\">Vietnam s\u0131cak bir \u00fclkedir. Yazlar\u0131 s\u0131cakl\u0131k seviyeleri \u00fcst seviyede seyretmektedir. K\u0131\u015f aylar\u0131nda Kuzey b\u00f6lgesinde s\u0131cakl\u0131klar d\u00fc\u015fmektedir. Fakat G\u00fcney b\u00f6lgesinin s\u0131cakl\u0131k dereceleri ayn\u0131d\u0131r.<\/span><\/h2><h2><span style=\"font-size: 17px; font-weight: 400; color: #7a7a7a; font-family: var(--global-heading-font-family); text-align: var(--text-align); background-color: transparent;\">Vietnam n\u00fcfusu 89 milyon civar\u0131ndad\u0131r. N\u00fcfusun \u00e7o\u011funlu\u011funu yerliler olu\u015fturmaktad\u0131r. \u00d6zellikle dil ve adetlerde kuzey ile g\u00fcney b\u00f6lgeleri aras\u0131nda pek var olmamaktad\u0131r.<\/span><\/h2><h2><span style=\"font-size: 17px; font-weight: 400; color: #7a7a7a; font-family: var(--global-heading-font-family); text-align: var(--text-align); background-color: transparent;\">Vietnam k\u00fclt\u00fcr bak\u0131m\u0131ndan \u00f6nemli bir \u00fclkedir. \u00d6zellikle s\u00fcrekli s\u00fcren sava\u015flar\u0131n ard\u0131ndan hala k\u00fclt\u00fcr\u00fcn\u00fc korumaktad\u0131r. Tarihi yap\u0131lar\u0131 bir hayli fazla olan \u00fclkelerden biridir.<\/span><\/h2><h2><span style=\"font-size: 17px; font-weight: 400; color: #7a7a7a; font-family: var(--global-heading-font-family); text-align: var(--text-align); background-color: transparent;\">Turizm bak\u0131m\u0131ndan \u00f6nde gelen \u00fclkelerden olmasa bile \u00f6nemli turistik yerlere sahip bir \u00fclkedir. Turistlerin en \u00e7ok ilgi g\u00f6sterdikleri yerlerin ba\u015f\u0131nda Van Mieu yani Edebiyat Tap\u0131na\u011f\u0131 yer almaktad\u0131r .Bu tap\u0131na\u011f\u0131n i\u00e7inde be\u015f tane avlusu vard\u0131r. Bu avlular s\u00fcsl\u00fc duvarlarla birbirlerinden ayr\u0131lmaktad\u0131r.<\/span><\/h2><h2><span style=\"font-size: 17px; font-weight: 400; color: #7a7a7a; font-family: var(--global-heading-font-family); text-align: var(--text-align); background-color: transparent;\">Vietnam\u2019\u0131n ba\u015fkenti Hanoi\u2019dir. T\u00fcrkiye ile bu \u00fclke aras\u0131ndaki u\u00e7ak ile mesafe 10 saat s\u00fcrmektedir.<\/span><\/h2><h2><span style=\"text-align: var(--text-align); background-color: transparent;\">V\u0130ETNAM V\u0130ZES\u0130\u00a0 \u0130\u00c7\u0130N GEREKL\u0130 EVRAK L\u0130STES\u0130 \u2013 T\u0130CAR\u0130<\/span><\/h2><div><ul><li>Pasaport \/ En az\u00a0 1 y\u0131l s\u00fcresi olan\u00a0 ( Var ise eski pasaportlar )<\/li><li>2 Adet resim ( arka fonu beyaz 3.5 mm 4.5 mm \u00f6l\u00e7\u00fclerinde )<\/li><li>C1 Davetiye (\u00a0 mail ile gelen kabul olmaktad\u0131r<\/li><\/ul><div><h2 style=\"margin-top: 1.5em; margin-bottom: 0.5em; font-family: Roboto, sans-serif;\"><span style=\"text-align: var(--text-align); background-color: transparent;\">V\u0130ETNAM V\u0130ZES\u0130\u00a0 \u0130\u00c7\u0130N GEREKL\u0130 EVRAK L\u0130STES\u0130 \u2013 T\u0130CAR\u0130<\/span><\/h2><div><ul style=\"margin: 0 0 var(--global-md-spacing);\"><li>Pasaport \/ En az\u00a0 1 y\u0131l s\u00fcresi olan\u00a0 ( Var ise eski pasaportlar )<\/li><li>2 Adet resim ( arka fonu beyaz 3.5 mm 4.5 mm \u00f6l\u00e7\u00fclerinde )<\/li><\/ul><\/div><\/div><p>\u00a0<\/p><\/div><\/div><\/div>\t\t\t\t\t\t<\/div>\n\t\t\t\t<\/div>\n\t\t\t\t<\/div>\n\t\t\t\t\t<\/div>\n\t\t\t\t<\/div>\n\t\t\t\t<\/div>\n\t\t","protected":false},"excerpt":{"rendered":"<p>V\u0130ETNAM Vize Bilgileri Vietnam bir tar\u0131m \u00fclkesidir. \u00dclke ekonomisinin b\u00fcy\u00fck bir b\u00f6l\u00fcm\u00fc tar\u0131m yaparak elde edilmektedir. Vietnam s\u0131cak bir \u00fclkedir. Yazlar\u0131 s\u0131cakl\u0131k seviyeleri \u00fcst seviyede seyretmektedir. K\u0131\u015f aylar\u0131nda Kuzey b\u00f6lgesinde s\u0131cakl\u0131klar d\u00fc\u015fmektedir. Fakat G\u00fcney b\u00f6lgesinin s\u0131cakl\u0131k dereceleri ayn\u0131d\u0131r. Vietnam n\u00fcfusu 89 milyon civar\u0131ndad\u0131r. N\u00fcfusun \u00e7o\u011funlu\u011funu yerliler olu\u015fturmaktad\u0131r. \u00d6zellikle dil ve adetlerde kuzey ile g\u00fcney b\u00f6lgeleri&#8230;<\/p>\n","protected":false},"author":1,"featured_media":0,"parent":0,"menu_order":0,"comment_status":"closed","ping_status":"closed","template":"","meta":{"_kad_post_transparent":"","_kad_post_title":"hide","_kad_post_layout":"fullwidth","_kad_post_sidebar_id":"","_kad_post_content_style":"unboxed","_kad_post_vertical_padding":"hide","_kad_post_feature":"hide","_kad_post_feature_position":"","_kad_post_header":false,"_kad_post_footer":false,"footnotes":""},"_links":{"self":[{"href":"https:\/\/www.izcivize.com\/index.php?rest_route=\/wp\/v2\/pages\/2072"}],"collection":[{"href":"https:\/\/www.izcivize.com\/index.php?rest_route=\/wp\/v2\/pages"}],"about":[{"href":"https:\/\/www.izcivize.com\/index.php?rest_route=\/wp\/v2\/types\/page"}],"author":[{"embeddable":true,"href":"https:\/\/www.izcivize.com\/index.php?rest_route=\/wp\/v2\/users\/1"}],"replies":[{"embeddable":true,"href":"https:\/\/www.izcivize.com\/index.php?rest_route=%2Fwp%2Fv2%2Fcomments&post=2072"}],"version-history":[{"count":4,"href":"https:\/\/www.izcivize.com\/index.php?rest_route=\/wp\/v2\/pages\/2072\/revisions"}],"predecessor-version":[{"id":2077,"href":"https:\/\/www.izcivize.com\/index.php?rest_route=\/wp\/v2\/pages\/2072\/revisions\/2077"}],"wp:attachment":[{"href":"https:\/\/www.izcivize.com\/index.php?rest_route=%2Fwp%2Fv2%2Fmedia&parent=2072"}],"curies":[{"name":"wp","href":"https:\/\/api.w.org\/{rel}","templated":true}]}}