{"id":2062,"date":"2024-03-14T15:44:39","date_gmt":"2024-03-14T15:44:39","guid":{"rendered":"https:\/\/www.izcivize.com\/?page_id=2062"},"modified":"2024-03-14T15:47:30","modified_gmt":"2024-03-14T15:47:30","slug":"tayvan-vizesi","status":"publish","type":"page","link":"https:\/\/www.izcivize.com\/?page_id=2062","title":{"rendered":"Tayvan Vizesi"},"content":{"rendered":"\t\t<div data-elementor-type=\"wp-page\" data-elementor-id=\"2062\" class=\"elementor elementor-2062\">\n\t\t\t\t<div class=\"elementor-element elementor-element-4ba5225 e-flex e-con-boxed e-con e-parent\" data-id=\"4ba5225\" data-element_type=\"container\" data-settings=\"{&quot;content_width&quot;:&quot;boxed&quot;}\" data-core-v316-plus=\"true\">\n\t\t\t\t\t<div class=\"e-con-inner\">\n\t\t\t\t\t<\/div>\n\t\t\t\t<\/div>\n\t\t<div class=\"elementor-element elementor-element-7bd0c33 e-con-full e-flex e-con e-parent\" data-id=\"7bd0c33\" data-element_type=\"container\" data-settings=\"{&quot;content_width&quot;:&quot;full&quot;,&quot;background_background&quot;:&quot;classic&quot;}\" data-core-v316-plus=\"true\">\n\t\t\t\t<\/div>\n\t\t<div class=\"elementor-element elementor-element-c4b8fde e-flex e-con-boxed e-con e-parent\" data-id=\"c4b8fde\" data-element_type=\"container\" data-settings=\"{&quot;content_width&quot;:&quot;boxed&quot;}\" data-core-v316-plus=\"true\">\n\t\t\t\t\t<div class=\"e-con-inner\">\n\t\t\t\t<div class=\"elementor-element elementor-element-f9d74e8 elementor-widget elementor-widget-spacer\" data-id=\"f9d74e8\" data-element_type=\"widget\" data-widget_type=\"spacer.default\">\n\t\t\t\t<div class=\"elementor-widget-container\">\n\t\t\t<style>\/*! elementor - v3.19.0 - 07-02-2024 *\/\n.elementor-column .elementor-spacer-inner{height:var(--spacer-size)}.e-con{--container-widget-width:100%}.e-con-inner>.elementor-widget-spacer,.e-con>.elementor-widget-spacer{width:var(--container-widget-width,var(--spacer-size));--align-self:var(--container-widget-align-self,initial);--flex-shrink:0}.e-con-inner>.elementor-widget-spacer>.elementor-widget-container,.e-con>.elementor-widget-spacer>.elementor-widget-container{height:100%;width:100%}.e-con-inner>.elementor-widget-spacer>.elementor-widget-container>.elementor-spacer,.e-con>.elementor-widget-spacer>.elementor-widget-container>.elementor-spacer{height:100%}.e-con-inner>.elementor-widget-spacer>.elementor-widget-container>.elementor-spacer>.elementor-spacer-inner,.e-con>.elementor-widget-spacer>.elementor-widget-container>.elementor-spacer>.elementor-spacer-inner{height:var(--container-widget-height,var(--spacer-size))}.e-con-inner>.elementor-widget-spacer.elementor-widget-empty,.e-con>.elementor-widget-spacer.elementor-widget-empty{position:relative;min-height:22px;min-width:22px}.e-con-inner>.elementor-widget-spacer.elementor-widget-empty .elementor-widget-empty-icon,.e-con>.elementor-widget-spacer.elementor-widget-empty .elementor-widget-empty-icon{position:absolute;top:0;bottom:0;left:0;right:0;margin:auto;padding:0;width:22px;height:22px}<\/style>\t\t<div class=\"elementor-spacer\">\n\t\t\t<div class=\"elementor-spacer-inner\"><\/div>\n\t\t<\/div>\n\t\t\t\t<\/div>\n\t\t\t\t<\/div>\n\t\t\t\t\t<\/div>\n\t\t\t\t<\/div>\n\t\t<div class=\"elementor-element elementor-element-f49800c e-flex e-con-boxed e-con e-parent\" data-id=\"f49800c\" data-element_type=\"container\" data-settings=\"{&quot;content_width&quot;:&quot;boxed&quot;}\" data-core-v316-plus=\"true\">\n\t\t\t\t\t<div class=\"e-con-inner\">\n\t\t<div class=\"elementor-element elementor-element-de6bc19 e-con-full e-flex e-con e-child\" data-id=\"de6bc19\" data-element_type=\"container\" data-settings=\"{&quot;content_width&quot;:&quot;full&quot;}\">\n\t\t\t\t<div class=\"elementor-element elementor-element-fb7af2b elementor-widget elementor-widget-text-editor\" data-id=\"fb7af2b\" data-element_type=\"widget\" data-widget_type=\"text-editor.default\">\n\t\t\t\t<div class=\"elementor-widget-container\">\n\t\t\t<style>\/*! elementor - v3.19.0 - 07-02-2024 *\/\n.elementor-widget-text-editor.elementor-drop-cap-view-stacked .elementor-drop-cap{background-color:#69727d;color:#fff}.elementor-widget-text-editor.elementor-drop-cap-view-framed .elementor-drop-cap{color:#69727d;border:3px solid;background-color:transparent}.elementor-widget-text-editor:not(.elementor-drop-cap-view-default) .elementor-drop-cap{margin-top:8px}.elementor-widget-text-editor:not(.elementor-drop-cap-view-default) .elementor-drop-cap-letter{width:1em;height:1em}.elementor-widget-text-editor .elementor-drop-cap{float:left;text-align:center;line-height:1;font-size:50px}.elementor-widget-text-editor .elementor-drop-cap-letter{display:inline-block}<\/style>\t\t\t\t<h1>TAYVAN Vize Bilgileri<\/h1><div><div><h2><span style=\"color: var( --e-global-color-text ); font-family: var( --e-global-typography-text-font-family ), Sans-serif; font-weight: var( --e-global-typography-text-font-weight ); text-align: var(--text-align); background-color: transparent; font-size: 17px;\">Tayvan \u00c7inin adas\u0131nda bulunan bir devlettir. D\u00f6rt taraf\u0131 denizlerle \u00e7evrilidir.<\/span><\/h2><\/div><div>\u00a0<\/div><div>Tayvan iklim bak\u0131m\u0131ndan rahat bir \u00fclkedir. K\u0131\u015flar\u0131 \u00e7ok so\u011fuk , yazlar\u0131 ise \u00e7ok s\u0131cak olmaz. Fakat kuzey b\u00f6lgesi taraflar\u0131nda belirli d\u00f6nemlerde ya\u011f\u0131\u015f almaktad\u0131r.<\/div><div>\u00a0<\/div><div>Tayvan 24 milyon n\u00fcfusa sahiptir. N\u00fcfusun \u00e7o\u011funlu\u011fu \u00c7inliler taraf\u0131ndan olu\u015fturulmaktad\u0131r. Halk bu b\u00f6lgede \u00c7ince konu\u015fmaktad\u0131r.<\/div><div>\u00a0<\/div><div>Tayvan teknoloji bak\u0131mdan geli\u015fmi\u015f bir \u00fclkedir. Pek \u00e7ok \u00fclke teknolojik alanda Tayvan ile al\u0131\u015fveri\u015f i\u00e7erisindedir. \u00d6zellikle bilgisayar, elektronik cihazlar ve d\u00fcnyan\u0131n en iyi kaliteli kalemleri bu \u00fclkede yap\u0131lmaktad\u0131r.<\/div><div>\u00a0<\/div><div>Tayvan\u2019\u0131n ba\u015fkenti Taipei\u2019dir. T\u00fcrkiye ile bu \u00fclke aras\u0131ndaki u\u00e7ak ile mesafe 10 bu\u00e7uk saat s\u00fcrmektedir.<\/div><\/div><div><div><div><div><div><div><div><div><div><div><div>\u00a0<\/div><\/div><\/div><\/div><\/div><\/div><\/div><\/div><\/div><\/div><\/div>\t\t\t\t\t\t<\/div>\n\t\t\t\t<\/div>\n\t\t\t\t<\/div>\n\t\t\t\t\t<\/div>\n\t\t\t\t<\/div>\n\t\t\t\t<\/div>\n\t\t","protected":false},"excerpt":{"rendered":"<p>TAYVAN Vize Bilgileri Tayvan \u00c7inin adas\u0131nda bulunan bir devlettir. D\u00f6rt taraf\u0131 denizlerle \u00e7evrilidir. \u00a0Tayvan iklim bak\u0131m\u0131ndan rahat bir \u00fclkedir. K\u0131\u015flar\u0131 \u00e7ok so\u011fuk , yazlar\u0131 ise \u00e7ok s\u0131cak olmaz. Fakat kuzey b\u00f6lgesi taraflar\u0131nda belirli d\u00f6nemlerde ya\u011f\u0131\u015f almaktad\u0131r.\u00a0Tayvan 24 milyon n\u00fcfusa sahiptir. N\u00fcfusun \u00e7o\u011funlu\u011fu \u00c7inliler taraf\u0131ndan olu\u015fturulmaktad\u0131r. Halk bu b\u00f6lgede \u00c7ince konu\u015fmaktad\u0131r.\u00a0Tayvan teknoloji bak\u0131mdan geli\u015fmi\u015f bir \u00fclkedir&#8230;.<\/p>\n","protected":false},"author":1,"featured_media":0,"parent":0,"menu_order":0,"comment_status":"closed","ping_status":"closed","template":"","meta":{"_kad_post_transparent":"","_kad_post_title":"hide","_kad_post_layout":"fullwidth","_kad_post_sidebar_id":"","_kad_post_content_style":"unboxed","_kad_post_vertical_padding":"hide","_kad_post_feature":"hide","_kad_post_feature_position":"","_kad_post_header":false,"_kad_post_footer":false,"footnotes":""},"_links":{"self":[{"href":"https:\/\/www.izcivize.com\/index.php?rest_route=\/wp\/v2\/pages\/2062"}],"collection":[{"href":"https:\/\/www.izcivize.com\/index.php?rest_route=\/wp\/v2\/pages"}],"about":[{"href":"https:\/\/www.izcivize.com\/index.php?rest_route=\/wp\/v2\/types\/page"}],"author":[{"embeddable":true,"href":"https:\/\/www.izcivize.com\/index.php?rest_route=\/wp\/v2\/users\/1"}],"replies":[{"embeddable":true,"href":"https:\/\/www.izcivize.com\/index.php?rest_route=%2Fwp%2Fv2%2Fcomments&post=2062"}],"version-history":[{"count":4,"href":"https:\/\/www.izcivize.com\/index.php?rest_route=\/wp\/v2\/pages\/2062\/revisions"}],"predecessor-version":[{"id":2068,"href":"https:\/\/www.izcivize.com\/index.php?rest_route=\/wp\/v2\/pages\/2062\/revisions\/2068"}],"wp:attachment":[{"href":"https:\/\/www.izcivize.com\/index.php?rest_route=%2Fwp%2Fv2%2Fmedia&parent=2062"}],"curies":[{"name":"wp","href":"https:\/\/api.w.org\/{rel}","templated":true}]}}