{"id":2019,"date":"2024-03-14T15:16:28","date_gmt":"2024-03-14T15:16:28","guid":{"rendered":"https:\/\/www.izcivize.com\/?page_id=2019"},"modified":"2024-03-14T15:21:00","modified_gmt":"2024-03-14T15:21:00","slug":"ozbekistan-vizesi","status":"publish","type":"page","link":"https:\/\/www.izcivize.com\/?page_id=2019","title":{"rendered":"\u00d6zbekistan Vizesi"},"content":{"rendered":"\t\t<div data-elementor-type=\"wp-page\" data-elementor-id=\"2019\" class=\"elementor elementor-2019\">\n\t\t\t\t<div class=\"elementor-element elementor-element-4ba5225 e-flex e-con-boxed e-con e-parent\" data-id=\"4ba5225\" data-element_type=\"container\" data-settings=\"{&quot;content_width&quot;:&quot;boxed&quot;}\" data-core-v316-plus=\"true\">\n\t\t\t\t\t<div class=\"e-con-inner\">\n\t\t\t\t\t<\/div>\n\t\t\t\t<\/div>\n\t\t<div class=\"elementor-element elementor-element-7bd0c33 e-con-full e-flex e-con e-parent\" data-id=\"7bd0c33\" data-element_type=\"container\" data-settings=\"{&quot;content_width&quot;:&quot;full&quot;,&quot;background_background&quot;:&quot;classic&quot;}\" data-core-v316-plus=\"true\">\n\t\t\t\t<\/div>\n\t\t<div class=\"elementor-element elementor-element-c4b8fde e-flex e-con-boxed e-con e-parent\" data-id=\"c4b8fde\" data-element_type=\"container\" data-settings=\"{&quot;content_width&quot;:&quot;boxed&quot;}\" data-core-v316-plus=\"true\">\n\t\t\t\t\t<div class=\"e-con-inner\">\n\t\t\t\t<div class=\"elementor-element elementor-element-f9d74e8 elementor-widget elementor-widget-spacer\" data-id=\"f9d74e8\" data-element_type=\"widget\" data-widget_type=\"spacer.default\">\n\t\t\t\t<div class=\"elementor-widget-container\">\n\t\t\t<style>\/*! elementor - v3.19.0 - 07-02-2024 *\/\n.elementor-column .elementor-spacer-inner{height:var(--spacer-size)}.e-con{--container-widget-width:100%}.e-con-inner>.elementor-widget-spacer,.e-con>.elementor-widget-spacer{width:var(--container-widget-width,var(--spacer-size));--align-self:var(--container-widget-align-self,initial);--flex-shrink:0}.e-con-inner>.elementor-widget-spacer>.elementor-widget-container,.e-con>.elementor-widget-spacer>.elementor-widget-container{height:100%;width:100%}.e-con-inner>.elementor-widget-spacer>.elementor-widget-container>.elementor-spacer,.e-con>.elementor-widget-spacer>.elementor-widget-container>.elementor-spacer{height:100%}.e-con-inner>.elementor-widget-spacer>.elementor-widget-container>.elementor-spacer>.elementor-spacer-inner,.e-con>.elementor-widget-spacer>.elementor-widget-container>.elementor-spacer>.elementor-spacer-inner{height:var(--container-widget-height,var(--spacer-size))}.e-con-inner>.elementor-widget-spacer.elementor-widget-empty,.e-con>.elementor-widget-spacer.elementor-widget-empty{position:relative;min-height:22px;min-width:22px}.e-con-inner>.elementor-widget-spacer.elementor-widget-empty .elementor-widget-empty-icon,.e-con>.elementor-widget-spacer.elementor-widget-empty .elementor-widget-empty-icon{position:absolute;top:0;bottom:0;left:0;right:0;margin:auto;padding:0;width:22px;height:22px}<\/style>\t\t<div class=\"elementor-spacer\">\n\t\t\t<div class=\"elementor-spacer-inner\"><\/div>\n\t\t<\/div>\n\t\t\t\t<\/div>\n\t\t\t\t<\/div>\n\t\t\t\t\t<\/div>\n\t\t\t\t<\/div>\n\t\t<div class=\"elementor-element elementor-element-f49800c e-flex e-con-boxed e-con e-parent\" data-id=\"f49800c\" data-element_type=\"container\" data-settings=\"{&quot;content_width&quot;:&quot;boxed&quot;}\" data-core-v316-plus=\"true\">\n\t\t\t\t\t<div class=\"e-con-inner\">\n\t\t<div class=\"elementor-element elementor-element-de6bc19 e-con-full e-flex e-con e-child\" data-id=\"de6bc19\" data-element_type=\"container\" data-settings=\"{&quot;content_width&quot;:&quot;full&quot;}\">\n\t\t\t\t<div class=\"elementor-element elementor-element-fb7af2b elementor-widget elementor-widget-text-editor\" data-id=\"fb7af2b\" data-element_type=\"widget\" data-widget_type=\"text-editor.default\">\n\t\t\t\t<div class=\"elementor-widget-container\">\n\t\t\t<style>\/*! elementor - v3.19.0 - 07-02-2024 *\/\n.elementor-widget-text-editor.elementor-drop-cap-view-stacked .elementor-drop-cap{background-color:#69727d;color:#fff}.elementor-widget-text-editor.elementor-drop-cap-view-framed .elementor-drop-cap{color:#69727d;border:3px solid;background-color:transparent}.elementor-widget-text-editor:not(.elementor-drop-cap-view-default) .elementor-drop-cap{margin-top:8px}.elementor-widget-text-editor:not(.elementor-drop-cap-view-default) .elementor-drop-cap-letter{width:1em;height:1em}.elementor-widget-text-editor .elementor-drop-cap{float:left;text-align:center;line-height:1;font-size:50px}.elementor-widget-text-editor .elementor-drop-cap-letter{display:inline-block}<\/style>\t\t\t\t<h1>\u00d6ZBEK\u0130STAN Vize Bilgileri<\/h1><div><div><div><div><div><div><div><div><div><div><div><div>\u00d6zbekistan denize k\u0131y\u0131s\u0131 olmayan \u00fclkelerden biridir. \u00dclke ekonomisi tar\u0131m ve hayvanc\u0131l\u0131ktan geli\u015fmektedir.<\/div><div>\u00a0<\/div><div>\u00d6zbekistan s\u0131cak bir \u00fclkedir. \u00d6zellikle yaz aylar\u0131nda s\u0131cakl\u0131k olduk\u00e7a y\u00fcksek ve g\u00fcn \u0131\u015f\u0131\u011f\u0131 fazlad\u0131r. K\u0131\u015f aylar\u0131 \u0131l\u0131man ge\u00e7er. \u00dclke fazla ya\u011f\u0131\u015f almad\u0131\u011f\u0131 i\u00e7in tar\u0131msal alanlarda yap\u0131lan i\u015flerde su tesisatlar\u0131 kurulmu\u015ftur.<\/div><div>\u00a0<\/div><div>Nijerya 30 milyon civar\u0131nda n\u00fcfusa sahiptir. N\u00fcfusun \u00e7o\u011funlu\u011fu M\u00fcsl\u00fcman\u2019d\u0131r. Halk\u0131n yar\u0131s\u0131 \u015fehirlerde di\u011fer yar\u0131s\u0131 ise k\u0131rsal kesimlerde ya\u015famaktad\u0131r. \u00dclke \u00d6zbek\u00e7e dilini kullanmaktad\u0131r.<\/div><div>\u00a0<\/div><div>\u00d6zbekistan \u0130pek yolu topraklar\u0131 \u00fczerindedir .Mimarisiyle dikkat \u00e7eken \u00fclkelerden biridir. D\u00fcnyan\u0131n en y\u00fckse zirveleri bu \u00fclkededir.<\/div><div>\u00a0<\/div><div>\u00d6zbekistan \u00f6nemli bir turizm \u00fclkesidir. D\u00fcnyan\u0131n en y\u00fcksek da\u011flar\u0131 bu \u00fclkededir. Bu y\u00fczden buray\u0131 ziyaret eden turistlerin ilk yapt\u0131klar\u0131 do\u011fa y\u00fcr\u00fcy\u00fc\u015fleri ve da\u011fc\u0131l\u0131kt\u0131r.<\/div><div>\u00a0<\/div><div>\u00d6zbekistan\u2019\u0131n ba\u015fkenti\u00a0 Ta\u015fkent\u2019tir. T\u00fcrkiye ile bu \u00fclke aras\u0131ndaki u\u00e7ak ile mesafe 4 saat s\u00fcrmektedir.<\/div><\/div><\/div><div><span style=\"color: var( --e-global-color-text ); font-family: var( --e-global-typography-text-font-family ), Sans-serif; font-weight: var( --e-global-typography-text-font-weight ); text-align: var(--text-align); background-color: transparent;\">\u00a0<\/span><\/div><\/div><\/div><\/div><\/div><\/div><\/div><\/div><\/div><\/div><div><div><h2>\u00a0 \u00a0 \u00a0 \u00a0 \u00a0 \u00a0 \u00a0 \u00a0 \u00a0 \u00a0 \u00a0 \u00a0 \u00a0 \u00a0 \u00a0 \u00a0 \u00a0 \u00a0 \u00a0 \u00d6ZBEK\u0130STAN V\u0130ZES\u0130 KAPIDA VER\u0130LMEKTED\u0130R.<\/h2><\/div><br \/><h2 style=\"margin-top: 0px; font-family: Roboto, sans-serif;\">\u00a0 \u00a0 \u00a0 \u00a0 \u00a0 \u00a0 \u00a0 \u00a0 \u00a0 \u00a0 \u00a0 \u00a0 \u00a0 \u00a0 \u00a0 \u00a0 \u00a0 \u00a0 \u00a0 \u00d6ZBEK\u0130STAN V\u0130ZES\u0130 KAPIDA VER\u0130LMEKTED\u0130R.<\/h2><\/div><div><div><div><div><div><div><div><div><div><div>\u00a0<\/div><\/div><\/div><\/div><\/div><\/div><\/div><\/div><\/div><\/div>\t\t\t\t\t\t<\/div>\n\t\t\t\t<\/div>\n\t\t\t\t<\/div>\n\t\t\t\t\t<\/div>\n\t\t\t\t<\/div>\n\t\t\t\t<\/div>\n\t\t","protected":false},"excerpt":{"rendered":"<p>\u00d6ZBEK\u0130STAN Vize Bilgileri \u00d6zbekistan denize k\u0131y\u0131s\u0131 olmayan \u00fclkelerden biridir. \u00dclke ekonomisi tar\u0131m ve hayvanc\u0131l\u0131ktan geli\u015fmektedir.\u00a0\u00d6zbekistan s\u0131cak bir \u00fclkedir. \u00d6zellikle yaz aylar\u0131nda s\u0131cakl\u0131k olduk\u00e7a y\u00fcksek ve g\u00fcn \u0131\u015f\u0131\u011f\u0131 fazlad\u0131r. K\u0131\u015f aylar\u0131 \u0131l\u0131man ge\u00e7er. \u00dclke fazla ya\u011f\u0131\u015f almad\u0131\u011f\u0131 i\u00e7in tar\u0131msal alanlarda yap\u0131lan i\u015flerde su tesisatlar\u0131 kurulmu\u015ftur.\u00a0Nijerya 30 milyon civar\u0131nda n\u00fcfusa sahiptir. N\u00fcfusun \u00e7o\u011funlu\u011fu M\u00fcsl\u00fcman\u2019d\u0131r. Halk\u0131n yar\u0131s\u0131 \u015fehirlerde&#8230;<\/p>\n","protected":false},"author":1,"featured_media":0,"parent":0,"menu_order":0,"comment_status":"closed","ping_status":"closed","template":"","meta":{"_kad_post_transparent":"","_kad_post_title":"hide","_kad_post_layout":"fullwidth","_kad_post_sidebar_id":"","_kad_post_content_style":"unboxed","_kad_post_vertical_padding":"hide","_kad_post_feature":"hide","_kad_post_feature_position":"","_kad_post_header":false,"_kad_post_footer":false,"footnotes":""},"_links":{"self":[{"href":"https:\/\/www.izcivize.com\/index.php?rest_route=\/wp\/v2\/pages\/2019"}],"collection":[{"href":"https:\/\/www.izcivize.com\/index.php?rest_route=\/wp\/v2\/pages"}],"about":[{"href":"https:\/\/www.izcivize.com\/index.php?rest_route=\/wp\/v2\/types\/page"}],"author":[{"embeddable":true,"href":"https:\/\/www.izcivize.com\/index.php?rest_route=\/wp\/v2\/users\/1"}],"replies":[{"embeddable":true,"href":"https:\/\/www.izcivize.com\/index.php?rest_route=%2Fwp%2Fv2%2Fcomments&post=2019"}],"version-history":[{"count":4,"href":"https:\/\/www.izcivize.com\/index.php?rest_route=\/wp\/v2\/pages\/2019\/revisions"}],"predecessor-version":[{"id":2025,"href":"https:\/\/www.izcivize.com\/index.php?rest_route=\/wp\/v2\/pages\/2019\/revisions\/2025"}],"wp:attachment":[{"href":"https:\/\/www.izcivize.com\/index.php?rest_route=%2Fwp%2Fv2%2Fmedia&parent=2019"}],"curies":[{"name":"wp","href":"https:\/\/api.w.org\/{rel}","templated":true}]}}