{"id":2008,"date":"2024-03-14T15:08:00","date_gmt":"2024-03-14T15:08:00","guid":{"rendered":"https:\/\/www.izcivize.com\/?page_id=2008"},"modified":"2024-03-14T15:15:33","modified_gmt":"2024-03-14T15:15:33","slug":"nijerya-vizesi","status":"publish","type":"page","link":"https:\/\/www.izcivize.com\/?page_id=2008","title":{"rendered":"Nijerya Vizesi"},"content":{"rendered":"\t\t<div data-elementor-type=\"wp-page\" data-elementor-id=\"2008\" class=\"elementor elementor-2008\">\n\t\t\t\t<div class=\"elementor-element elementor-element-4ba5225 e-flex e-con-boxed e-con e-parent\" data-id=\"4ba5225\" data-element_type=\"container\" data-settings=\"{&quot;content_width&quot;:&quot;boxed&quot;}\" data-core-v316-plus=\"true\">\n\t\t\t\t\t<div class=\"e-con-inner\">\n\t\t\t\t\t<\/div>\n\t\t\t\t<\/div>\n\t\t<div class=\"elementor-element elementor-element-7bd0c33 e-con-full e-flex e-con e-parent\" data-id=\"7bd0c33\" data-element_type=\"container\" data-settings=\"{&quot;content_width&quot;:&quot;full&quot;,&quot;background_background&quot;:&quot;classic&quot;}\" data-core-v316-plus=\"true\">\n\t\t\t\t<\/div>\n\t\t<div class=\"elementor-element elementor-element-c4b8fde e-flex e-con-boxed e-con e-parent\" data-id=\"c4b8fde\" data-element_type=\"container\" data-settings=\"{&quot;content_width&quot;:&quot;boxed&quot;}\" data-core-v316-plus=\"true\">\n\t\t\t\t\t<div class=\"e-con-inner\">\n\t\t\t\t<div class=\"elementor-element elementor-element-f9d74e8 elementor-widget elementor-widget-spacer\" data-id=\"f9d74e8\" data-element_type=\"widget\" data-widget_type=\"spacer.default\">\n\t\t\t\t<div class=\"elementor-widget-container\">\n\t\t\t<style>\/*! elementor - v3.19.0 - 07-02-2024 *\/\n.elementor-column .elementor-spacer-inner{height:var(--spacer-size)}.e-con{--container-widget-width:100%}.e-con-inner>.elementor-widget-spacer,.e-con>.elementor-widget-spacer{width:var(--container-widget-width,var(--spacer-size));--align-self:var(--container-widget-align-self,initial);--flex-shrink:0}.e-con-inner>.elementor-widget-spacer>.elementor-widget-container,.e-con>.elementor-widget-spacer>.elementor-widget-container{height:100%;width:100%}.e-con-inner>.elementor-widget-spacer>.elementor-widget-container>.elementor-spacer,.e-con>.elementor-widget-spacer>.elementor-widget-container>.elementor-spacer{height:100%}.e-con-inner>.elementor-widget-spacer>.elementor-widget-container>.elementor-spacer>.elementor-spacer-inner,.e-con>.elementor-widget-spacer>.elementor-widget-container>.elementor-spacer>.elementor-spacer-inner{height:var(--container-widget-height,var(--spacer-size))}.e-con-inner>.elementor-widget-spacer.elementor-widget-empty,.e-con>.elementor-widget-spacer.elementor-widget-empty{position:relative;min-height:22px;min-width:22px}.e-con-inner>.elementor-widget-spacer.elementor-widget-empty .elementor-widget-empty-icon,.e-con>.elementor-widget-spacer.elementor-widget-empty .elementor-widget-empty-icon{position:absolute;top:0;bottom:0;left:0;right:0;margin:auto;padding:0;width:22px;height:22px}<\/style>\t\t<div class=\"elementor-spacer\">\n\t\t\t<div class=\"elementor-spacer-inner\"><\/div>\n\t\t<\/div>\n\t\t\t\t<\/div>\n\t\t\t\t<\/div>\n\t\t\t\t\t<\/div>\n\t\t\t\t<\/div>\n\t\t<div class=\"elementor-element elementor-element-f49800c e-flex e-con-boxed e-con e-parent\" data-id=\"f49800c\" data-element_type=\"container\" data-settings=\"{&quot;content_width&quot;:&quot;boxed&quot;}\" data-core-v316-plus=\"true\">\n\t\t\t\t\t<div class=\"e-con-inner\">\n\t\t<div class=\"elementor-element elementor-element-de6bc19 e-con-full e-flex e-con e-child\" data-id=\"de6bc19\" data-element_type=\"container\" data-settings=\"{&quot;content_width&quot;:&quot;full&quot;}\">\n\t\t\t\t<div class=\"elementor-element elementor-element-fb7af2b elementor-widget elementor-widget-text-editor\" data-id=\"fb7af2b\" data-element_type=\"widget\" data-widget_type=\"text-editor.default\">\n\t\t\t\t<div class=\"elementor-widget-container\">\n\t\t\t<style>\/*! elementor - v3.19.0 - 07-02-2024 *\/\n.elementor-widget-text-editor.elementor-drop-cap-view-stacked .elementor-drop-cap{background-color:#69727d;color:#fff}.elementor-widget-text-editor.elementor-drop-cap-view-framed .elementor-drop-cap{color:#69727d;border:3px solid;background-color:transparent}.elementor-widget-text-editor:not(.elementor-drop-cap-view-default) .elementor-drop-cap{margin-top:8px}.elementor-widget-text-editor:not(.elementor-drop-cap-view-default) .elementor-drop-cap-letter{width:1em;height:1em}.elementor-widget-text-editor .elementor-drop-cap{float:left;text-align:center;line-height:1;font-size:50px}.elementor-widget-text-editor .elementor-drop-cap-letter{display:inline-block}<\/style>\t\t\t\t<h1>N\u0130JERYA Vize Bilgileri<\/h1><div><div><div><div><div><div><div><div><div><div><div>Nijerya d\u00fcnyan\u0131n petrol zengini \u00fclkelerin ba\u015f\u0131n\u0131 \u00e7ekmektedir. Fakat petrol hari\u00e7 di\u011fer y\u00f6nlerden geri kalm\u0131\u015f bir \u00fclkedir.<\/div><div>\u00a0<\/div><div>Nijerya olduk\u00e7a s\u0131cak bir \u00fclkedir. \u00dclkenin baz\u0131 b\u00f6lgelerinde mart aylar\u0131nda s\u0131cakl\u0131k 37 C olarak belirlenmi\u015ftir. K\u0131\u015f aylar\u0131nda ise pek so\u011fuk olmamas\u0131 gibi \u00fclkeye sahra \u00e7\u00f6l\u00fcnden esen\u00a0 \u015fiddetli r\u00fczgarlar toz ve kum getirmektedir.<\/div><div>\u00a0<\/div><div>Nijerya 170 milyon n\u00fcfusa sahiptir. \u00dclkede n\u00fcfus art\u0131\u015f\u0131 olduk\u00e7a fazlad\u0131r. N\u00fcfusun b\u00fcy\u00fck \u00e7o\u011funlu\u011fu kabileler halindedir. Halk ge\u00e7imini ticaret ve \u00e7ift\u00e7ilikten elde etmektedir.<\/div><div>\u00a0<\/div><div>Nijerya \u015fiddet oran\u0131 y\u00fcksek bir \u00fclkedir. \u00dclkede su\u00e7 \u00e7eteleri ve h\u0131rs\u0131zl\u0131k kol gezmektedir. \u00d6zellikle \u00fclkeyi ziyaret eden yabanc\u0131lar gece ge\u00e7 saatlerde d\u0131\u015far\u0131 \u00e7\u0131kmamak ad\u0131na uyar\u0131lar almaktad\u0131r. \u015eiddet oran\u0131 y\u00fcksek olan \u00fclkede sa\u011fl\u0131k merkezleri olduk\u00e7a azd\u0131r. \u00dclkede \u00f6l\u00fcme yol a\u00e7abilecek hastal\u0131klar \u00e7ok yayg\u0131nd\u0131r. \u00dclkeye seyahat edecekler i\u00e7in a\u015f\u0131 yapt\u0131r\u0131p gitmeleri tavsiye edilmektedir.<\/div><div>\u00a0<\/div><div>Turistik bak\u0131mdan pek tercih edilmeyen Nijerya\u2019n\u0131n en \u00f6nemli turistik merkezleri Nijerya Ulusal Cami ve Nijerya Ulusal Hristiyan Merkezidir.<\/div><div>\u00a0<\/div><div>Nijerya\u2019n\u0131n ba\u015fkenti Abuja\u2019d\u0131r. T\u00fcrkiye ile bu \u00fclke aras\u0131ndaki u\u00e7ak ile mesafe 6 saat s\u00fcrmektedir.<\/div><\/div><div><span style=\"color: var( --e-global-color-text ); font-family: var( --e-global-typography-text-font-family ), Sans-serif; font-weight: var( --e-global-typography-text-font-weight ); text-align: var(--text-align); background-color: transparent;\">\u00a0<\/span><\/div><\/div><\/div><\/div><\/div><\/div><\/div><\/div><\/div><\/div><div><div><h2>KAMU PERSONELLER\u0130 \u0130\u00c7\u0130N GEREKL\u0130 EVRAKLAR \u2013 T\u0130CAR\u0130 \u2013 N\u0130JERYA<\/h2><\/div><\/div><div><div><ul><li style=\"font-size: 14.5px; line-height: 24px; font-family: Poppins, sans-serif; color: #888888;\">Pasaport \/ En az\u00a0 1 y\u0131l s\u00fcresi olan\u00a0 ( Var ise eski pasaportlar )<\/li><li style=\"font-size: 14.5px; line-height: 24px; font-family: Poppins, sans-serif; color: #888888;\">2 Adet resim ( arka fonu beyaz 3.5 mm 4.5 mm \u00f6l\u00e7\u00fclerinde )<\/li><li style=\"font-size: 14.5px; line-height: 24px; font-family: Poppins, sans-serif; color: #888888;\">Konsoloslu\u011fa hitaben Dilek\u00e7e\u00a0\u00a0( \u0130ngilizce )<\/li><li style=\"font-size: 14.5px; line-height: 24px; font-family: Poppins, sans-serif; color: #888888;\">Ticari Davetiye ( mail yolu veya faksla gelen davetiye kabul edilmektedir )<br \/>\u2013 Davet eden firman\u0131n son 3 y\u0131ll\u0131k vergi beyannamesi ( Federal h\u00fck\u00fcmetten al\u0131nmas\u0131 gerekmektedir.<br \/>\u2013 Davet eden firman\u0131n oda sicil kay\u0131t belgesi<br \/>\u2013 Davetiyeyi imzalayan ki\u015finin kimlik fotokopisi<\/li><li style=\"font-size: 14.5px; line-height: 24px; font-family: Poppins, sans-serif; color: #888888;\">Kurum \u00e7al\u0131\u015fma belgesi<\/li><li style=\"font-size: 14.5px; line-height: 24px; font-family: Poppins, sans-serif; color: #888888;\">Kurumdan al\u0131nan\u00a0 izin yaz\u0131s\u0131<\/li><li style=\"font-size: 14.5px; line-height: 24px; font-family: Poppins, sans-serif; color: #888888;\">Kurum g\u00f6rev kimlik kart\u0131n\u0131n arkal\u0131 \u00f6nl\u00fc fotokopisi<\/li><li style=\"font-size: 14.5px; line-height: 24px; font-family: Poppins, sans-serif; color: #888888;\">Son 3 ayl\u0131k maa\u015f bordrosu ( Kurumdan ka\u015feli imzal\u0131 )<\/li><li style=\"font-size: 14.5px; line-height: 24px; font-family: Poppins, sans-serif; color: #888888;\">\u015eahsi banka hesap hareketleri ( g\u00fcncel bakiyesi olan banka taraf\u0131ndan ka\u015feli imzal\u0131 )<\/li><li style=\"font-size: 14.5px; line-height: 24px; font-family: Poppins, sans-serif; color: #888888;\">Tapu, ara\u00e7 ruhsat\u0131, arsa, gayrimenkule ait evraklar ( var ise )<\/li><li style=\"font-size: 14.5px; line-height: 24px; font-family: Poppins, sans-serif; color: #888888;\">Tam vukuatl\u0131 aile n\u00fcfus kay\u0131t \u00f6rne\u011fi \u2013 Yerle\u015fim yeri g\u00f6z\u00fcken\u00a0 ( e devlet \u00fczerinden al\u0131nabilir )<\/li><li style=\"font-size: 14.5px; line-height: 24px; font-family: Poppins, sans-serif; color: #888888;\">Kimlik fotokopisi<\/li><li style=\"font-size: 14.5px; line-height: 24px; font-family: Poppins, sans-serif; color: #888888;\">Otel u\u00e7ak rezervasyonu<\/li><li style=\"font-size: 14.5px; line-height: 24px; font-family: Poppins, sans-serif; color: #888888;\">30.000 \u20ac teminatl\u0131 seyahat sa\u011fl\u0131k sigortas\u0131 ( \u015firketimiz taraf\u0131ndan yap\u0131lmaktad\u0131r )<\/li><\/ul><h2>\u00d6\u011eRENC\u0130LER \u0130\u00c7\u0130N GEREKL\u0130 EVRAK L\u0130STES\u0130 \u2013 T\u0130CAR\u0130 \u2013 N\u0130JERYA<\/h2><div><div><ul><li style=\"line-height: 24px;\"><span style=\"font-size: 14.5px; color: #888888; font-family: Poppins, sans-serif; font-weight: var( --e-global-typography-text-font-weight ); text-align: var(--text-align); background-color: transparent;\">Pasaport \/ En az\u00a0 1 y\u0131l s\u00fcresi olan\u00a0 ( Var ise eski pasaportlar )<\/span><\/li><li style=\"line-height: 24px;\"><span style=\"color: #888888; font-family: Poppins, sans-serif;\"><span style=\"font-size: 14.5px;\">2 Adet resim ( arka fonu beyaz 3.5 mm 4.5 mm \u00f6l\u00e7\u00fclerinde )<\/span><\/span><\/li><li style=\"line-height: 24px;\"><span style=\"color: #888888; font-family: Poppins, sans-serif;\"><span style=\"font-size: 14.5px;\">\u00d6\u011frenci belgesi asl\u0131<\/span><\/span><\/li><li style=\"line-height: 24px;\"><span style=\"color: #888888; font-family: Poppins, sans-serif;\"><span style=\"font-size: 14.5px;\">Konsoloslu\u011fa hitaben Dilek\u00e7e\u00a0 ( \u0130ngilizce )<\/span><\/span><\/li><li style=\"line-height: 24px;\"><span style=\"color: #888888; font-family: Poppins, sans-serif;\"><span style=\"font-size: 14.5px;\">Ticari Davetiye ( mail yolu veya faksla gelen davetiye kabul edilmektedir )<\/span><\/span><\/li><li style=\"line-height: 24px;\"><span style=\"color: #888888; font-family: Poppins, sans-serif;\"><span style=\"font-size: 14.5px;\">\u2013 Davet eden firman\u0131n son 3 y\u0131ll\u0131k vergi beyannamesi ( Federal h\u00fck\u00fcmetten al\u0131nmas\u0131 gerekmektedir.<\/span><\/span><\/li><li style=\"line-height: 24px;\"><span style=\"color: #888888; font-family: Poppins, sans-serif;\"><span style=\"font-size: 14.5px;\">\u2013 Davet eden firman\u0131n oda sicil kay\u0131t belgesi<\/span><\/span><\/li><li style=\"line-height: 24px;\"><span style=\"color: #888888; font-family: Poppins, sans-serif;\"><span style=\"font-size: 14.5px;\">\u2013 Davetiyeyi imzalayan ki\u015finin kimlik fotokopisi<\/span><\/span><\/li><li style=\"line-height: 24px;\"><span style=\"color: #888888; font-family: Poppins, sans-serif;\"><span style=\"font-size: 14.5px;\">Aile bireylerinden anne veya baban\u0131n ayl\u0131k gelirini beyan eden evraklar ve \u00f6\u011frencinin oradaki masraflar\u0131n\u0131 kar\u015f\u0131layaca\u011f\u0131na dair varsa tapu, ara\u00e7 ruhsat\u0131 gayrimenkule ait evraklar<\/span><\/span><\/li><li style=\"line-height: 24px;\"><span style=\"color: #888888; font-family: Poppins, sans-serif;\"><span style=\"font-size: 14.5px;\">\u015eahsi banka hesap hareketleri ( g\u00fcncel bakiyesi olan banka taraf\u0131ndan ka\u015feli imzal\u0131 )<\/span><\/span><\/li><li style=\"line-height: 24px;\"><span style=\"color: #888888; font-family: Poppins, sans-serif;\"><span style=\"font-size: 14.5px;\">Tapu, ara\u00e7 ruhsat\u0131, arsa, gayrimenkule ait evraklar ( var ise )<\/span><\/span><\/li><li style=\"line-height: 24px;\"><span style=\"color: #888888; font-family: Poppins, sans-serif;\"><span style=\"font-size: 14.5px;\">Tam vukuatl\u0131 aile n\u00fcfus kay\u0131t \u00f6rne\u011fi \u2013 Yerle\u015fim yeri g\u00f6z\u00fcken\u00a0 ( e devlet \u00fczerinden al\u0131nabilir )<\/span><\/span><\/li><li style=\"line-height: 24px;\"><span style=\"color: #888888; font-family: Poppins, sans-serif;\"><span style=\"font-size: 14.5px;\">18 ya\u015f dolmam\u0131\u015f \u00f6\u011frenciler ise anne babadan seyahat edebilmesi i\u00e7in noterden muvafakatname asl\u0131<\/span><\/span><\/li><li style=\"line-height: 24px;\"><span style=\"color: #888888; font-family: Poppins, sans-serif;\"><span style=\"font-size: 14.5px;\">Kimlik fotokopisi<\/span><\/span><\/li><li style=\"line-height: 24px;\"><span style=\"color: #888888; font-family: Poppins, sans-serif;\"><span style=\"font-size: 14.5px;\">Otel u\u00e7ak rezervasyonu<\/span><\/span><\/li><li style=\"line-height: 24px;\"><span style=\"color: #888888; font-family: Poppins, sans-serif;\"><span style=\"font-size: 14.5px;\">30.000 \u20ac teminatl\u0131 seyahat sa\u011fl\u0131k sigortas\u0131 ( \u015firketimiz taraf\u0131ndan yap\u0131lmaktad\u0131r )<\/span><\/span><\/li><\/ul><h2>\u015e\u0130RKET \u00c7ALI\u015eANLARI \u0130\u00c7\u0130N GEREKL\u0130 EVRAK L\u0130STES\u0130 \u2013 T\u0130CAR\u0130 \u2013 N\u0130JERYA<\/h2><div><div><ul><li style=\"line-height: 24px;\"><span style=\"font-size: 14.5px; color: #888888; font-family: Poppins, sans-serif; font-weight: var( --e-global-typography-text-font-weight ); text-align: var(--text-align); background-color: transparent;\">Pasaport \/ En az\u00a0 1 y\u0131l s\u00fcresi olan\u00a0 ( Var ise eski pasaportlar )<\/span><\/li><li style=\"line-height: 24px;\"><span style=\"color: #888888; font-family: Poppins, sans-serif;\"><span style=\"font-size: 14.5px;\">2 Adet resim ( arka fonu beyaz 3.5 mm 4.5 mm \u00f6l\u00e7\u00fclerinde )<\/span><\/span><\/li><li style=\"line-height: 24px;\"><span style=\"color: #888888; font-family: Poppins, sans-serif;\"><span style=\"font-size: 14.5px;\">\u015eirket antetli ka\u011f\u0131d\u0131na yaz\u0131lm\u0131\u015f olan konsoloslu\u011fa hitaben dilek\u00e7e ( \u0130ngilizce )<\/span><\/span><\/li><li style=\"line-height: 24px;\"><span style=\"color: #888888; font-family: Poppins, sans-serif;\"><span style=\"font-size: 14.5px;\">Ticari Davetiye ( mail yolu veya faksla gelen davetiye kabul edilmektedir )<\/span><\/span><\/li><li style=\"line-height: 24px;\"><span style=\"color: #888888; font-family: Poppins, sans-serif;\"><span style=\"font-size: 14.5px;\">\u2013 Davet eden firman\u0131n son 3 y\u0131ll\u0131k vergi beyannamesi ( Federal h\u00fck\u00fcmetten al\u0131nmas\u0131 gerekmektedir.<\/span><\/span><\/li><li style=\"line-height: 24px;\"><span style=\"color: #888888; font-family: Poppins, sans-serif;\"><span style=\"font-size: 14.5px;\">\u2013 Davet eden firman\u0131n oda sicil kay\u0131t belgesi<\/span><\/span><\/li><li style=\"line-height: 24px;\"><span style=\"color: #888888; font-family: Poppins, sans-serif;\"><span style=\"font-size: 14.5px;\">\u2013 Davetiyeyi imzalayan ki\u015finin kimlik fotokopisi<\/span><\/span><\/li><li style=\"line-height: 24px;\"><span style=\"color: #888888; font-family: Poppins, sans-serif;\"><span style=\"font-size: 14.5px;\">\u015eirket oda sicil kay\u0131t sureti ( Son 6 aydan eski olmayan )<\/span><\/span><\/li><li style=\"line-height: 24px;\"><span style=\"color: #888888; font-family: Poppins, sans-serif;\"><span style=\"font-size: 14.5px;\">Faaliyet belgesi ( Son 6 aydan eski olmayan )<\/span><\/span><\/li><li style=\"line-height: 24px;\"><span style=\"color: #888888; font-family: Poppins, sans-serif;\"><span style=\"font-size: 14.5px;\">Vergi levhas\u0131<\/span><\/span><\/li><li style=\"line-height: 24px;\"><span style=\"color: #888888; font-family: Poppins, sans-serif;\"><span style=\"font-size: 14.5px;\">\u0130mza sirk\u00fcs\u00fc<\/span><\/span><\/li><li style=\"line-height: 24px;\"><span style=\"color: #888888; font-family: Poppins, sans-serif;\"><span style=\"font-size: 14.5px;\">Ticaret Sicil Gazetesi<\/span><\/span><\/li><li style=\"line-height: 24px;\"><span style=\"color: #888888; font-family: Poppins, sans-serif;\"><span style=\"font-size: 14.5px;\">Ssk i\u015fe giri\u015f bildirgesi<\/span><\/span><\/li><li style=\"line-height: 24px;\"><span style=\"color: #888888; font-family: Poppins, sans-serif;\"><span style=\"font-size: 14.5px;\">Son 3 ayl\u0131k maa\u015f bordrosu ( \u015eirketten ka\u015feli imzal\u0131 )<\/span><\/span><\/li><li style=\"line-height: 24px;\"><span style=\"color: #888888; font-family: Poppins, sans-serif;\"><span style=\"font-size: 14.5px;\">Sgk hizmet d\u00f6k\u00fcm\u00fc ( e devlet \u00fczerinden al\u0131nabilir )<\/span><\/span><\/li><li style=\"line-height: 24px;\"><span style=\"color: #888888; font-family: Poppins, sans-serif;\"><span style=\"font-size: 14.5px;\">\u015eahsi banka hesap hareketleri ( g\u00fcncel bakiyeli banka taraf\u0131ndan ka\u015feli imzal\u0131 )<\/span><\/span><\/li><li style=\"line-height: 24px;\"><span style=\"color: #888888; font-family: Poppins, sans-serif;\"><span style=\"font-size: 14.5px;\">Tapu, ara\u00e7 ruhsat\u0131, arsa, gayrimenkule ait evraklar ( var ise )<\/span><\/span><\/li><li style=\"line-height: 24px;\"><span style=\"color: #888888; font-family: Poppins, sans-serif;\"><span style=\"font-size: 14.5px;\">Tam vukuatl\u0131 aile n\u00fcfus kay\u0131t \u00f6rne\u011fi \u2013 Yerle\u015fim yeri g\u00f6z\u00fcken\u00a0 ( e devlet \u00fczerinden al\u0131nabilir )<\/span><\/span><\/li><li style=\"line-height: 24px;\"><span style=\"color: #888888; font-family: Poppins, sans-serif;\"><span style=\"font-size: 14.5px;\">Kimlik fotokopisi<\/span><\/span><\/li><li style=\"line-height: 24px;\"><span style=\"color: #888888; font-family: Poppins, sans-serif;\"><span style=\"font-size: 14.5px;\">Otel U\u00e7ak Rezervasyonu<\/span><\/span><\/li><li style=\"line-height: 24px;\"><span style=\"color: #888888; font-family: Poppins, sans-serif;\"><span style=\"font-size: 14.5px;\">30.000 \u20ac teminatl\u0131 seyahat sa\u011fl\u0131k sigortas\u0131 ( \u015firketimiz taraf\u0131ndan yap\u0131lmaktad\u0131r )<\/span><\/span><\/li><\/ul><div><div><h2 style=\"font-family: Roboto, sans-serif;\">\u015e\u0130RKET SAH\u0130PLER\u0130 \u0130\u00c7\u0130N GEREKL\u0130 EVRAK L\u0130STES\u0130 \u2013 T\u0130CAR\u0130 \u2013 N\u0130JERYA<\/h2><div><div><ul><li style=\"line-height: 24px;\"><span style=\"font-size: 14.5px; color: #888888; font-family: Poppins, sans-serif; font-weight: var( --e-global-typography-text-font-weight ); text-align: var(--text-align); background-color: transparent;\">Pasaport \/ En az\u00a0 1 y\u0131l s\u00fcresi olan\u00a0 ( Var ise eski pasaportlar )<\/span><\/li><li style=\"line-height: 24px;\"><span style=\"color: #888888; font-family: Poppins, sans-serif;\"><span style=\"font-size: 14.5px;\">2 Adet resim ( arka fonu beyaz 3.5 mm 4.5 mm \u00f6l\u00e7\u00fclerinde )<\/span><\/span><\/li><li style=\"line-height: 24px;\"><span style=\"color: #888888; font-family: Poppins, sans-serif;\"><span style=\"font-size: 14.5px;\">\u015eirket antetli ka\u011f\u0131d\u0131na yaz\u0131lm\u0131\u015f olan konsoloslu\u011fa hitaben dilek\u00e7e\u00a0 ( \u0130ngilizce )<\/span><\/span><\/li><li style=\"line-height: 24px;\"><span style=\"color: #888888; font-family: Poppins, sans-serif;\"><span style=\"font-size: 14.5px;\">Ticari Davetiye ( mail yolu veya faksla gelen davetiye kabul edilmektedir )<\/span><\/span><\/li><li style=\"line-height: 24px;\"><span style=\"color: #888888; font-family: Poppins, sans-serif;\"><span style=\"font-size: 14.5px;\">\u2013 Davet eden firman\u0131n son 3 y\u0131ll\u0131k vergi beyannamesi ( Federal h\u00fck\u00fcmetten al\u0131nmas\u0131 gerekmektedir.<\/span><\/span><\/li><li style=\"line-height: 24px;\"><span style=\"color: #888888; font-family: Poppins, sans-serif;\"><span style=\"font-size: 14.5px;\">\u2013 Davet eden firman\u0131n oda sicil kay\u0131t belgesi<\/span><\/span><\/li><li style=\"line-height: 24px;\"><span style=\"color: #888888; font-family: Poppins, sans-serif;\"><span style=\"font-size: 14.5px;\">\u2013 Davetiyeyi imzalayan ki\u015finin kimlik fotokopisi<\/span><\/span><\/li><li style=\"line-height: 24px;\"><span style=\"color: #888888; font-family: Poppins, sans-serif;\"><span style=\"font-size: 14.5px;\">\u015eirket oda sicil kay\u0131t sureti ( Son 6 aydan eski olmayan )<\/span><\/span><\/li><li style=\"line-height: 24px;\"><span style=\"color: #888888; font-family: Poppins, sans-serif;\"><span style=\"font-size: 14.5px;\">Faaliyet belgesi ( Son 6 aydan eski olmayan )<\/span><\/span><\/li><li style=\"line-height: 24px;\"><span style=\"color: #888888; font-family: Poppins, sans-serif;\"><span style=\"font-size: 14.5px;\">Vergi levhas\u0131<\/span><\/span><\/li><li style=\"line-height: 24px;\"><span style=\"color: #888888; font-family: Poppins, sans-serif;\"><span style=\"font-size: 14.5px;\">\u0130mza s\u00fcrk\u00fcs\u00fc<\/span><\/span><\/li><li style=\"line-height: 24px;\"><span style=\"color: #888888; font-family: Poppins, sans-serif;\"><span style=\"font-size: 14.5px;\">Ticaret Sicil Gazetesi<\/span><\/span><\/li><li style=\"line-height: 24px;\"><span style=\"color: #888888; font-family: Poppins, sans-serif;\"><span style=\"font-size: 14.5px;\">Ba\u011fkur D\u00f6k\u00fcm\u00fc ( e devlet \u00fczerinden al\u0131nabilir )<\/span><\/span><\/li><li style=\"line-height: 24px;\"><span style=\"color: #888888; font-family: Poppins, sans-serif;\"><span style=\"font-size: 14.5px;\">\u015eahsi banka hesap hareketleri ( g\u00fcncel bakiyeli banka taraf\u0131ndan ka\u015feli imzal\u0131 )<\/span><\/span><\/li><li style=\"line-height: 24px;\"><span style=\"color: #888888; font-family: Poppins, sans-serif;\"><span style=\"font-size: 14.5px;\">\u015eirket sahipleri i\u00e7in \u015firket hesap d\u00f6k\u00fcmleride ge\u00e7erlidir<\/span><\/span><\/li><li style=\"line-height: 24px;\"><span style=\"color: #888888; font-family: Poppins, sans-serif;\"><span style=\"font-size: 14.5px;\">Tapu, ara\u00e7 ruhsat\u0131, arsa, gayrimenkule ait evraklar ( var ise )<\/span><\/span><\/li><li style=\"line-height: 24px;\"><span style=\"color: #888888; font-family: Poppins, sans-serif;\"><span style=\"font-size: 14.5px;\">Tam vukuatl\u0131 aile n\u00fcfus kay\u0131t \u00f6rne\u011fi \u2013 Yerle\u015fim yeri g\u00f6z\u00fcken\u00a0 ( e devlet \u00fczerinden al\u0131nabilir )<\/span><\/span><\/li><li style=\"line-height: 24px;\"><span style=\"color: #888888; font-family: Poppins, sans-serif;\"><span style=\"font-size: 14.5px;\">Kimlik fotokopisi<\/span><\/span><\/li><li style=\"line-height: 24px;\"><span style=\"color: #888888; font-family: Poppins, sans-serif;\"><span style=\"font-size: 14.5px;\">Otel U\u00e7ak Rezervasyonu<\/span><\/span><\/li><li style=\"line-height: 24px;\"><span style=\"color: #888888; font-family: Poppins, sans-serif;\"><span style=\"font-size: 14.5px;\">30.000 \u20ac teminatl\u0131 seyahat sa\u011fl\u0131k sigortas\u0131 ( \u015firketimiz taraf\u0131ndan yap\u0131lmaktad\u0131r )<\/span><\/span><\/li><\/ul><\/div><\/div><\/div><\/div><\/div><\/div><\/div><\/div><\/div><\/div>\t\t\t\t\t\t<\/div>\n\t\t\t\t<\/div>\n\t\t\t\t<\/div>\n\t\t\t\t\t<\/div>\n\t\t\t\t<\/div>\n\t\t\t\t<\/div>\n\t\t","protected":false},"excerpt":{"rendered":"<p>N\u0130JERYA Vize Bilgileri Nijerya d\u00fcnyan\u0131n petrol zengini \u00fclkelerin ba\u015f\u0131n\u0131 \u00e7ekmektedir. Fakat petrol hari\u00e7 di\u011fer y\u00f6nlerden geri kalm\u0131\u015f bir \u00fclkedir.\u00a0Nijerya olduk\u00e7a s\u0131cak bir \u00fclkedir. \u00dclkenin baz\u0131 b\u00f6lgelerinde mart aylar\u0131nda s\u0131cakl\u0131k 37 C olarak belirlenmi\u015ftir. K\u0131\u015f aylar\u0131nda ise pek so\u011fuk olmamas\u0131 gibi \u00fclkeye sahra \u00e7\u00f6l\u00fcnden esen\u00a0 \u015fiddetli r\u00fczgarlar toz ve kum getirmektedir.\u00a0Nijerya 170 milyon n\u00fcfusa sahiptir. \u00dclkede&#8230;<\/p>\n","protected":false},"author":1,"featured_media":0,"parent":0,"menu_order":0,"comment_status":"closed","ping_status":"closed","template":"","meta":{"_kad_post_transparent":"","_kad_post_title":"hide","_kad_post_layout":"fullwidth","_kad_post_sidebar_id":"","_kad_post_content_style":"unboxed","_kad_post_vertical_padding":"hide","_kad_post_feature":"hide","_kad_post_feature_position":"","_kad_post_header":false,"_kad_post_footer":false,"footnotes":""},"_links":{"self":[{"href":"https:\/\/www.izcivize.com\/index.php?rest_route=\/wp\/v2\/pages\/2008"}],"collection":[{"href":"https:\/\/www.izcivize.com\/index.php?rest_route=\/wp\/v2\/pages"}],"about":[{"href":"https:\/\/www.izcivize.com\/index.php?rest_route=\/wp\/v2\/types\/page"}],"author":[{"embeddable":true,"href":"https:\/\/www.izcivize.com\/index.php?rest_route=\/wp\/v2\/users\/1"}],"replies":[{"embeddable":true,"href":"https:\/\/www.izcivize.com\/index.php?rest_route=%2Fwp%2Fv2%2Fcomments&post=2008"}],"version-history":[{"count":4,"href":"https:\/\/www.izcivize.com\/index.php?rest_route=\/wp\/v2\/pages\/2008\/revisions"}],"predecessor-version":[{"id":2015,"href":"https:\/\/www.izcivize.com\/index.php?rest_route=\/wp\/v2\/pages\/2008\/revisions\/2015"}],"wp:attachment":[{"href":"https:\/\/www.izcivize.com\/index.php?rest_route=%2Fwp%2Fv2%2Fmedia&parent=2008"}],"curies":[{"name":"wp","href":"https:\/\/api.w.org\/{rel}","templated":true}]}}