{"id":1929,"date":"2024-03-14T14:10:44","date_gmt":"2024-03-14T14:10:44","guid":{"rendered":"https:\/\/www.izcivize.com\/?page_id=1929"},"modified":"2024-03-14T14:15:45","modified_gmt":"2024-03-14T14:15:45","slug":"italya-vizesi","status":"publish","type":"page","link":"https:\/\/www.izcivize.com\/?page_id=1929","title":{"rendered":"\u0130talya Vizesi"},"content":{"rendered":"\t\t<div data-elementor-type=\"wp-page\" data-elementor-id=\"1929\" class=\"elementor elementor-1929\">\n\t\t\t\t<div class=\"elementor-element elementor-element-4ba5225 e-flex e-con-boxed e-con e-parent\" data-id=\"4ba5225\" data-element_type=\"container\" data-settings=\"{&quot;content_width&quot;:&quot;boxed&quot;}\" data-core-v316-plus=\"true\">\n\t\t\t\t\t<div class=\"e-con-inner\">\n\t\t\t\t\t<\/div>\n\t\t\t\t<\/div>\n\t\t<div class=\"elementor-element elementor-element-7bd0c33 e-con-full e-flex e-con e-parent\" data-id=\"7bd0c33\" data-element_type=\"container\" data-settings=\"{&quot;content_width&quot;:&quot;full&quot;,&quot;background_background&quot;:&quot;classic&quot;}\" data-core-v316-plus=\"true\">\n\t\t\t\t<\/div>\n\t\t<div class=\"elementor-element elementor-element-c4b8fde e-flex e-con-boxed e-con e-parent\" data-id=\"c4b8fde\" data-element_type=\"container\" data-settings=\"{&quot;content_width&quot;:&quot;boxed&quot;}\" data-core-v316-plus=\"true\">\n\t\t\t\t\t<div class=\"e-con-inner\">\n\t\t\t\t<div class=\"elementor-element elementor-element-f9d74e8 elementor-widget elementor-widget-spacer\" data-id=\"f9d74e8\" data-element_type=\"widget\" data-widget_type=\"spacer.default\">\n\t\t\t\t<div class=\"elementor-widget-container\">\n\t\t\t<style>\/*! elementor - v3.19.0 - 07-02-2024 *\/\n.elementor-column .elementor-spacer-inner{height:var(--spacer-size)}.e-con{--container-widget-width:100%}.e-con-inner>.elementor-widget-spacer,.e-con>.elementor-widget-spacer{width:var(--container-widget-width,var(--spacer-size));--align-self:var(--container-widget-align-self,initial);--flex-shrink:0}.e-con-inner>.elementor-widget-spacer>.elementor-widget-container,.e-con>.elementor-widget-spacer>.elementor-widget-container{height:100%;width:100%}.e-con-inner>.elementor-widget-spacer>.elementor-widget-container>.elementor-spacer,.e-con>.elementor-widget-spacer>.elementor-widget-container>.elementor-spacer{height:100%}.e-con-inner>.elementor-widget-spacer>.elementor-widget-container>.elementor-spacer>.elementor-spacer-inner,.e-con>.elementor-widget-spacer>.elementor-widget-container>.elementor-spacer>.elementor-spacer-inner{height:var(--container-widget-height,var(--spacer-size))}.e-con-inner>.elementor-widget-spacer.elementor-widget-empty,.e-con>.elementor-widget-spacer.elementor-widget-empty{position:relative;min-height:22px;min-width:22px}.e-con-inner>.elementor-widget-spacer.elementor-widget-empty .elementor-widget-empty-icon,.e-con>.elementor-widget-spacer.elementor-widget-empty .elementor-widget-empty-icon{position:absolute;top:0;bottom:0;left:0;right:0;margin:auto;padding:0;width:22px;height:22px}<\/style>\t\t<div class=\"elementor-spacer\">\n\t\t\t<div class=\"elementor-spacer-inner\"><\/div>\n\t\t<\/div>\n\t\t\t\t<\/div>\n\t\t\t\t<\/div>\n\t\t\t\t\t<\/div>\n\t\t\t\t<\/div>\n\t\t<div class=\"elementor-element elementor-element-f49800c e-flex e-con-boxed e-con e-parent\" data-id=\"f49800c\" data-element_type=\"container\" data-settings=\"{&quot;content_width&quot;:&quot;boxed&quot;}\" data-core-v316-plus=\"true\">\n\t\t\t\t\t<div class=\"e-con-inner\">\n\t\t<div class=\"elementor-element elementor-element-de6bc19 e-con-full e-flex e-con e-child\" data-id=\"de6bc19\" data-element_type=\"container\" data-settings=\"{&quot;content_width&quot;:&quot;full&quot;}\">\n\t\t\t\t<div class=\"elementor-element elementor-element-fb7af2b elementor-widget elementor-widget-text-editor\" data-id=\"fb7af2b\" data-element_type=\"widget\" data-widget_type=\"text-editor.default\">\n\t\t\t\t<div class=\"elementor-widget-container\">\n\t\t\t<style>\/*! elementor - v3.19.0 - 07-02-2024 *\/\n.elementor-widget-text-editor.elementor-drop-cap-view-stacked .elementor-drop-cap{background-color:#69727d;color:#fff}.elementor-widget-text-editor.elementor-drop-cap-view-framed .elementor-drop-cap{color:#69727d;border:3px solid;background-color:transparent}.elementor-widget-text-editor:not(.elementor-drop-cap-view-default) .elementor-drop-cap{margin-top:8px}.elementor-widget-text-editor:not(.elementor-drop-cap-view-default) .elementor-drop-cap-letter{width:1em;height:1em}.elementor-widget-text-editor .elementor-drop-cap{float:left;text-align:center;line-height:1;font-size:50px}.elementor-widget-text-editor .elementor-drop-cap-letter{display:inline-block}<\/style>\t\t\t\t<h1>\u0130TALYA Vize Bilgileri<\/h1><div><div><div><div><div><div><div><div><div>\u0130talya tarihi, sanat\u0131, mimarisi ve \u00f6zellikle tabiat\u0131 ile insan\u0131 b\u00fcy\u00fcleyen nadir \u00fclkelerden biridir.<\/div><div>\u00a0<\/div><div>\u0130talya Akdeniz iklimine sahiptir. K\u0131\u015flar\u0131 \u0131l\u0131man ge\u00e7mekte fakat bol ya\u011f\u0131\u015fl\u0131 ve d\u00fczensizdir. Yazlar\u0131 ise bo\u011fucu bir neme sahiptir.<\/div><div>\u00a0<\/div><div>\u0130talya\u2019n\u0131n n\u00fcfusu 58 milyon insan civar\u0131ndad\u0131r. Fakat bu \u00fclkede bir hayli fazla n\u00fcfus art\u0131\u015f\u0131 vard\u0131r \u00e7\u00fcnk\u00fc do\u011fumlar \u00e7ok fazlad\u0131r. \u0130talya\u2019ya d\u0131\u015f \u00fclkelerden y\u00fcksek seviyelerde g\u00f6\u00e7ler meydana gelmektedir.<\/div><div>\u00a0<\/div><div>\u0130talya\u2019n\u0131n ba\u015fkenti Roma\u2019d\u0131r. Roma \u0130talya\u2019n\u0131n en \u00f6nemli \u015fehridir. Bu b\u00f6lge turistlerin ilgi oda\u011f\u0131 haline gelmi\u015ftir. \u00d6zellikle Roma\u2019ya gittiyseniz Colosseumu g\u00f6rmeniz gerekir. Buras\u0131 zaman\u0131nda antik \u0130talya\u2019n\u0131n Romal\u0131 Gladyat\u00f6rleri\u2019nin kral\u0131 mutluk etmek ad\u0131na birbirlerini \u00f6ld\u00fcrd\u00fc\u011f\u00fc ve \u00f6ld\u00fckleri yer olarak \u00f6zelli\u011fini korumaktad\u0131r.<\/div><div>\u00a0<\/div><div>T\u00fcrkiye ile bu \u00fclke aras\u0131ndaki mesafe ise u\u00e7ak ile 2,5 saat s\u00fcrmektedir.<\/div><\/div><div>\u00a0<\/div><\/div><\/div><\/div><\/div><\/div><\/div><\/div><div><div><h2>EMEKL\u0130LER \u0130\u00c7\u0130N GEREKL\u0130 EVRAK L\u0130STES\u0130 ( SCHENGEN )\u00a0 A\u0130LE Z\u0130YARET\u0130 \u2013 \u0130TALYA<\/h2><\/div><\/div><div><div><ul><li style=\"line-height: 24px;\"><span style=\"font-size: 14.5px; color: #888888; font-family: Poppins, sans-serif; font-weight: var( --e-global-typography-text-font-weight ); text-align: var(--text-align); background-color: transparent;\">Pasaport \/ En az\u00a0 1 y\u0131l s\u00fcresi olan\u00a0 ( Var ise eski pasaportlar )<\/span><\/li><li style=\"line-height: 24px;\"><span style=\"color: #888888; font-family: Poppins, sans-serif;\"><span style=\"font-size: 14.5px;\">2 Adet resim ( arka fonu beyaz 3.5 mm 4.5 mm \u00f6l\u00e7\u00fclerinde )<\/span><\/span><\/li><li style=\"line-height: 24px;\"><span style=\"color: #888888; font-family: Poppins, sans-serif;\"><span style=\"font-size: 14.5px;\">Konsoloslu\u011fa hitaben Dilek\u00e7e<\/span><\/span><\/li><li style=\"line-height: 24px;\"><span style=\"color: #888888; font-family: Poppins, sans-serif;\"><span style=\"font-size: 14.5px;\">Emekli c\u00fczdan\u0131 ( emekli c\u00fczdan\u0131 yok ise emekli sand\u0131\u011f\u0131ndan veya emekli oldu\u011fu kurumdan yaz\u0131 )<\/span><\/span><\/li><li style=\"line-height: 24px;\"><span style=\"color: #888888; font-family: Poppins, sans-serif;\"><span style=\"font-size: 14.5px;\">Emekli maa\u015f ald\u0131\u011f\u0131 bankadan hesap d\u00f6k\u00fcm\u00fc<\/span><\/span><\/li><li style=\"line-height: 24px;\"><span style=\"color: #888888; font-family: Poppins, sans-serif;\"><span style=\"font-size: 14.5px;\">\u015eahsi banka hesap hareketleri ( g\u00fcncel bakiyesi olan banka taraf\u0131ndan ka\u015feli imzal\u0131 )<\/span><\/span><\/li><li style=\"line-height: 24px;\"><span style=\"color: #888888; font-family: Poppins, sans-serif;\"><span style=\"font-size: 14.5px;\">Tapu, ara\u00e7 ruhsat\u0131, arsa, gayrimenkule ait evraklar ( var ise )<\/span><\/span><\/li><li style=\"line-height: 24px;\"><span style=\"color: #888888; font-family: Poppins, sans-serif;\"><span style=\"font-size: 14.5px;\">Tam vukuatl\u0131 aile n\u00fcfus kay\u0131t \u00f6rne\u011fi \u2013 Yerle\u015fim yeri g\u00f6z\u00fcken\u00a0 ( e devlet \u00fczerinden al\u0131nabilir )<\/span><\/span><\/li><li style=\"line-height: 24px;\"><span style=\"color: #888888; font-family: Poppins, sans-serif;\"><span style=\"font-size: 14.5px;\">Kimlik fotokopisi<\/span><\/span><\/li><li style=\"line-height: 24px;\"><span style=\"color: #888888; font-family: Poppins, sans-serif;\"><span style=\"font-size: 14.5px;\">Otel u\u00e7ak rezervasyonu<\/span><\/span><\/li><li style=\"line-height: 24px;\"><span style=\"color: #888888; font-family: Poppins, sans-serif;\"><span style=\"font-size: 14.5px;\">30.000 \u20ac teminatl\u0131 seyahat sa\u011fl\u0131k sigortas\u0131 ( \u015firketimiz taraf\u0131ndan yap\u0131lmaktad\u0131r )<\/span><\/span><\/li><\/ul><h2>KAMU PERSONELLER\u0130 \u0130\u00c7\u0130N GEREKL\u0130 EVRAK L\u0130STES\u0130 ( SCHENGEN )\u00a0 A\u0130LE Z\u0130YARET\u0130 \u2013 \u0130TALYA<\/h2><div><div><ul><li style=\"font-size: 14.5px; line-height: 24px; font-family: Poppins, sans-serif; color: #888888;\">Pasaport \/ En az\u00a0 1 y\u0131l s\u00fcresi olan\u00a0 ( Var ise eski pasaportlar )<\/li><li style=\"font-size: 14.5px; line-height: 24px; font-family: Poppins, sans-serif; color: #888888;\">2 Adet resim ( arka fonu beyaz 3.5 mm 4.5 mm \u00f6l\u00e7\u00fclerinde )<\/li><li style=\"font-size: 14.5px; line-height: 24px; font-family: Poppins, sans-serif; color: #888888;\">Konsoloslu\u011fa hitaben Dilek\u00e7e<\/li><li style=\"font-size: 14.5px; line-height: 24px; font-family: Poppins, sans-serif; color: #888888;\">Kurum \u00e7al\u0131\u015fma belgesi<\/li><li style=\"font-size: 14.5px; line-height: 24px; font-family: Poppins, sans-serif; color: #888888;\">Kurumdan al\u0131nan\u00a0 izin yaz\u0131s\u0131<\/li><li style=\"font-size: 14.5px; line-height: 24px; font-family: Poppins, sans-serif; color: #888888;\">Kurum g\u00f6rev kimlik kart\u0131n\u0131n arkal\u0131 \u00f6nl\u00fc fotokopisi<\/li><li style=\"font-size: 14.5px; line-height: 24px; font-family: Poppins, sans-serif; color: #888888;\">Son 3 ayl\u0131k maa\u015f bordrosu ( Kurumdan ka\u015feli imzal\u0131 )<\/li><li style=\"font-size: 14.5px; line-height: 24px; font-family: Poppins, sans-serif; color: #888888;\">\u015eahsi banka hesap hareketleri ( g\u00fcncel bakiyesi olan banka taraf\u0131ndan ka\u015feli imzal\u0131 )<\/li><li style=\"font-size: 14.5px; line-height: 24px; font-family: Poppins, sans-serif; color: #888888;\">Tapu, ara\u00e7 ruhsat\u0131, arsa, gayrimenkule ait evraklar ( var ise )<\/li><li style=\"font-size: 14.5px; line-height: 24px; font-family: Poppins, sans-serif; color: #888888;\">Tam vukuatl\u0131 aile n\u00fcfus kay\u0131t \u00f6rne\u011fi \u2013 Yerle\u015fim yeri g\u00f6z\u00fcken\u00a0 ( e devlet \u00fczerinden al\u0131nabilir )<\/li><li style=\"font-size: 14.5px; line-height: 24px; font-family: Poppins, sans-serif; color: #888888;\">Kimlik fotokopisi<\/li><li style=\"font-size: 14.5px; line-height: 24px; font-family: Poppins, sans-serif; color: #888888;\">Otel u\u00e7ak rezervasyonu<\/li><li style=\"font-size: 14.5px; line-height: 24px; font-family: Poppins, sans-serif; color: #888888;\">30.000 \u20ac teminatl\u0131 seyahat sa\u011fl\u0131k sigortas\u0131 ( \u015firketimiz taraf\u0131ndan yap\u0131lmaktad\u0131r )<\/li><\/ul><h2>\u00d6\u011eRENC\u0130LER \u0130\u00c7\u0130N GEREKL\u0130 EVRAK L\u0130STES\u0130 ( SCHENGEN )\u00a0 A\u0130LE Z\u0130YARET\u0130 \u2013 \u0130TALYA<\/h2><div><div><ul><li style=\"line-height: 24px;\"><span style=\"font-size: 14.5px; color: #888888; font-family: Poppins, sans-serif; font-weight: var( --e-global-typography-text-font-weight ); text-align: var(--text-align); background-color: transparent;\">Pasaport \/ En az\u00a0 1 y\u0131l s\u00fcresi olan\u00a0 ( Var ise eski pasaportlar )<\/span><\/li><li style=\"line-height: 24px;\"><span style=\"color: #888888; font-family: Poppins, sans-serif;\"><span style=\"font-size: 14.5px;\">2 Adet resim ( arka fonu beyaz 3.5 mm 4.5 mm \u00f6l\u00e7\u00fclerinde )<\/span><\/span><\/li><li style=\"line-height: 24px;\"><span style=\"color: #888888; font-family: Poppins, sans-serif;\"><span style=\"font-size: 14.5px;\">Konsoloslu\u011fa hitaben Dilek\u00e7e<\/span><\/span><\/li><li style=\"line-height: 24px;\"><span style=\"color: #888888; font-family: Poppins, sans-serif;\"><span style=\"font-size: 14.5px;\">\u00d6\u011frenci belgesi asl\u0131<\/span><\/span><\/li><li style=\"line-height: 24px;\"><span style=\"color: #888888; font-family: Poppins, sans-serif;\"><span style=\"font-size: 14.5px;\">Aile bireylerinden anne veya baban\u0131n ayl\u0131k gelirini beyan eden evraklar ve \u00f6\u011frencinin oradaki masraflar\u0131n\u0131 kar\u015f\u0131layaca\u011f\u0131na dair varsa tapu, ara\u00e7 ruhsat\u0131 gayrimenkule ait evraklar<\/span><\/span><\/li><li style=\"line-height: 24px;\"><span style=\"color: #888888; font-family: Poppins, sans-serif;\"><span style=\"font-size: 14.5px;\">\u015eahsi banka hesap hareketleri ( g\u00fcncel bakiyesi olan banka taraf\u0131ndan ka\u015feli imzal\u0131 )<\/span><\/span><\/li><li style=\"line-height: 24px;\"><span style=\"color: #888888; font-family: Poppins, sans-serif;\"><span style=\"font-size: 14.5px;\">Tapu, ara\u00e7 ruhsat\u0131, arsa, gayrimenkule ait evraklar ( var ise )<\/span><\/span><\/li><li style=\"line-height: 24px;\"><span style=\"color: #888888; font-family: Poppins, sans-serif;\"><span style=\"font-size: 14.5px;\">Tam vukuatl\u0131 aile n\u00fcfus kay\u0131t \u00f6rne\u011fi \u2013 Yerle\u015fim yeri g\u00f6z\u00fcken\u00a0 ( e devlet \u00fczerinden al\u0131nabilir )<\/span><\/span><\/li><li style=\"line-height: 24px;\"><span style=\"color: #888888; font-family: Poppins, sans-serif;\"><span style=\"font-size: 14.5px;\">18 ya\u015f dolmam\u0131\u015f \u00f6\u011frenciler ise anne babadan seyahat edebilmesi i\u00e7in noterden muvafakatname asl\u0131<\/span><\/span><\/li><li style=\"line-height: 24px;\"><span style=\"color: #888888; font-family: Poppins, sans-serif;\"><span style=\"font-size: 14.5px;\">Kimlik fotokopisi<\/span><\/span><\/li><li style=\"line-height: 24px;\"><span style=\"color: #888888; font-family: Poppins, sans-serif;\"><span style=\"font-size: 14.5px;\">Otel u\u00e7ak rezervasyonu<\/span><\/span><\/li><li style=\"line-height: 24px;\"><span style=\"color: #888888; font-family: Poppins, sans-serif;\"><span style=\"font-size: 14.5px;\">30.000 \u20ac teminatl\u0131 seyahat sa\u011fl\u0131k sigortas\u0131 ( \u015firketimiz taraf\u0131ndan yap\u0131lmaktad\u0131r )<\/span><\/span>\u00a0<\/li><\/ul><h2>\u015e\u0130RKET \u00c7ALI\u015eANLARI \u0130\u00c7\u0130N GEREKL\u0130 EVRAK L\u0130STES\u0130 ( SCHENGEN )\u00a0 A\u0130LE Z\u0130YARET\u0130 \u2013 \u0130TALYA<\/h2><div><div><ul><li style=\"line-height: 24px;\"><span style=\"font-size: 14.5px; color: #888888; font-family: Poppins, sans-serif; font-weight: var( --e-global-typography-text-font-weight ); text-align: var(--text-align); background-color: transparent;\">Pasaport \/ En az\u00a0 1 y\u0131l s\u00fcresi olan\u00a0 ( Var ise eski pasaportlar )<\/span><\/li><li style=\"line-height: 24px;\"><span style=\"color: #888888; font-family: Poppins, sans-serif;\"><span style=\"font-size: 14.5px;\">2 Adet resim ( arka fonu beyaz 3.5 mm 4.5 mm \u00f6l\u00e7\u00fclerinde )<\/span><\/span><\/li><li style=\"line-height: 24px;\"><span style=\"color: #888888; font-family: Poppins, sans-serif;\"><span style=\"font-size: 14.5px;\">\u015eirket antetli ka\u011f\u0131d\u0131na yaz\u0131lm\u0131\u015f olan konsoloslu\u011fa hitaben dilek\u00e7e<\/span><\/span><\/li><li style=\"line-height: 24px;\"><span style=\"color: #888888; font-family: Poppins, sans-serif;\"><span style=\"font-size: 14.5px;\">\u015eirket oda sicil kay\u0131t sureti ( Son 6 aydan eski olmayan )<\/span><\/span><\/li><li style=\"line-height: 24px;\"><span style=\"color: #888888; font-family: Poppins, sans-serif;\"><span style=\"font-size: 14.5px;\">Faaliyet belgesi ( Son 6 aydan eski olmayan )<\/span><\/span><\/li><li style=\"line-height: 24px;\"><span style=\"color: #888888; font-family: Poppins, sans-serif;\"><span style=\"font-size: 14.5px;\">Vergi levhas\u0131<\/span><\/span><\/li><li style=\"line-height: 24px;\"><span style=\"color: #888888; font-family: Poppins, sans-serif;\"><span style=\"font-size: 14.5px;\">\u0130mza sirk\u00fcs\u00fc<\/span><\/span><\/li><li style=\"line-height: 24px;\"><span style=\"color: #888888; font-family: Poppins, sans-serif;\"><span style=\"font-size: 14.5px;\">Ticaret Sicil Gazetesi<\/span><\/span><\/li><li style=\"line-height: 24px;\"><span style=\"color: #888888; font-family: Poppins, sans-serif;\"><span style=\"font-size: 14.5px;\">Ssk i\u015fe giri\u015f bildirgesi<\/span><\/span><\/li><li style=\"line-height: 24px;\"><span style=\"color: #888888; font-family: Poppins, sans-serif;\"><span style=\"font-size: 14.5px;\">Son 3 ayl\u0131k maa\u015f bordrosu ( \u015eirketten ka\u015feli imzal\u0131 )<\/span><\/span><\/li><li style=\"line-height: 24px;\"><span style=\"color: #888888; font-family: Poppins, sans-serif;\"><span style=\"font-size: 14.5px;\">Sgk hizmet d\u00f6k\u00fcm\u00fc ( e devlet \u00fczerinden al\u0131nabilir )<\/span><\/span><\/li><li style=\"line-height: 24px;\"><span style=\"color: #888888; font-family: Poppins, sans-serif;\"><span style=\"font-size: 14.5px;\">\u015eahsi banka hesap hareketleri ( g\u00fcncel bakiyeli banka taraf\u0131ndan ka\u015feli imzal\u0131 )<\/span><\/span><\/li><li style=\"line-height: 24px;\"><span style=\"color: #888888; font-family: Poppins, sans-serif;\"><span style=\"font-size: 14.5px;\">Tapu, ara\u00e7 ruhsat\u0131, arsa, gayrimenkule ait evraklar ( var ise )<\/span><\/span><\/li><li style=\"line-height: 24px;\"><span style=\"color: #888888; font-family: Poppins, sans-serif;\"><span style=\"font-size: 14.5px;\">Tam vukuatl\u0131 aile n\u00fcfus kay\u0131t \u00f6rne\u011fi \u2013 Yerle\u015fim yeri g\u00f6z\u00fcken\u00a0 ( e devlet \u00fczerinden al\u0131nabilir )<\/span><\/span><\/li><li style=\"line-height: 24px;\"><span style=\"color: #888888; font-family: Poppins, sans-serif;\"><span style=\"font-size: 14.5px;\">Kimlik fotokopisi<\/span><\/span><\/li><li style=\"line-height: 24px;\"><span style=\"color: #888888; font-family: Poppins, sans-serif;\"><span style=\"font-size: 14.5px;\">Otel u\u00e7ak rezervasyonu<\/span><\/span><\/li><li style=\"line-height: 24px;\"><span style=\"color: #888888; font-family: Poppins, sans-serif;\"><span style=\"font-size: 14.5px;\">30.000 \u20ac teminatl\u0131 seyahat sa\u011fl\u0131k sigortas\u0131 ( \u015firketimiz taraf\u0131ndan yap\u0131lmaktad\u0131r )<\/span><\/span><\/li><\/ul><h2 style=\"font-family: Roboto, sans-serif;\">\u015e\u0130RKET SAH\u0130PLER\u0130 \u0130\u00c7\u0130N GEREKL\u0130 EVRAK L\u0130STES\u0130 ( SCHENGEN )\u00a0 A\u0130LE Z\u0130YARET\u0130 \u2013 \u0130TALYA<\/h2><div><div><ul><li style=\"font-size: 14.5px; line-height: 24px; font-family: Poppins, sans-serif; color: #888888;\">Pasaport \/ En az\u00a0 1 y\u0131l s\u00fcresi olan\u00a0 ( Var ise eski pasaportlar )<\/li><li style=\"font-size: 14.5px; line-height: 24px; font-family: Poppins, sans-serif; color: #888888;\">2 Adet resim ( arka fonu beyaz 3.5 mm 4.5 mm \u00f6l\u00e7\u00fclerinde )<\/li><li style=\"font-size: 14.5px; line-height: 24px; font-family: Poppins, sans-serif; color: #888888;\">\u015eirket antetli ka\u011f\u0131d\u0131na yaz\u0131lm\u0131\u015f olan konsoloslu\u011fa hitaben dilek\u00e7e<\/li><li style=\"font-size: 14.5px; line-height: 24px; font-family: Poppins, sans-serif; color: #888888;\">\u015eirket oda sicil kay\u0131t sureti ( Son 6 aydan eski olmayan )<\/li><li style=\"font-size: 14.5px; line-height: 24px; font-family: Poppins, sans-serif; color: #888888;\">Faaliyet belgesi ( Son 6 aydan eski olmayan )<\/li><li style=\"font-size: 14.5px; line-height: 24px; font-family: Poppins, sans-serif; color: #888888;\">Vergi levhas\u0131<\/li><li style=\"font-size: 14.5px; line-height: 24px; font-family: Poppins, sans-serif; color: #888888;\">\u0130mza sirk\u00fcs\u00fc<\/li><li style=\"font-size: 14.5px; line-height: 24px; font-family: Poppins, sans-serif; color: #888888;\">Ticaret Sicil Gazetesi<\/li><li style=\"font-size: 14.5px; line-height: 24px; font-family: Poppins, sans-serif; color: #888888;\">Ba\u011fkur D\u00f6k\u00fcm\u00fc ( e devlet \u00fczerinden al\u0131nabilir )<\/li><li style=\"font-size: 14.5px; line-height: 24px; font-family: Poppins, sans-serif; color: #888888;\">\u015eahsi banka hesap hareketleri ( g\u00fcncel bakiyeli banka taraf\u0131ndan ka\u015feli imzal\u0131 )<\/li><li style=\"font-size: 14.5px; line-height: 24px; font-family: Poppins, sans-serif; color: #888888;\">\u015eirket sahipleri i\u00e7in \u015firket hesap d\u00f6k\u00fcmleride ge\u00e7erlidir<\/li><li style=\"font-size: 14.5px; line-height: 24px; font-family: Poppins, sans-serif; color: #888888;\">Tapu, ara\u00e7 ruhsat\u0131, arsa, gayrimenkule ait evraklar ( var ise )<\/li><li style=\"font-size: 14.5px; line-height: 24px; font-family: Poppins, sans-serif; color: #888888;\">Tam vukuatl\u0131 aile n\u00fcfus kay\u0131t \u00f6rne\u011fi \u2013 Yerle\u015fim yeri g\u00f6z\u00fcken\u00a0 ( e devlet \u00fczerinden al\u0131nabilir )<\/li><li style=\"font-size: 14.5px; line-height: 24px; font-family: Poppins, sans-serif; color: #888888;\">Kimlik fotokopisi<\/li><li style=\"font-size: 14.5px; line-height: 24px; font-family: Poppins, sans-serif; color: #888888;\">Otel u\u00e7ak rezervasyonu<\/li><li style=\"font-size: 14.5px; line-height: 24px; font-family: Poppins, sans-serif; color: #888888;\">30.000 \u20ac teminatl\u0131 seyahat sa\u011fl\u0131k sigortas\u0131 ( \u015firketimiz taraf\u0131ndan yap\u0131lmaktad\u0131r )<\/li><\/ul><\/div><\/div><\/div><\/div><\/div><\/div><\/div><\/div><\/div><\/div>\t\t\t\t\t\t<\/div>\n\t\t\t\t<\/div>\n\t\t\t\t<\/div>\n\t\t\t\t\t<\/div>\n\t\t\t\t<\/div>\n\t\t\t\t<\/div>\n\t\t","protected":false},"excerpt":{"rendered":"<p>\u0130TALYA Vize Bilgileri \u0130talya tarihi, sanat\u0131, mimarisi ve \u00f6zellikle tabiat\u0131 ile insan\u0131 b\u00fcy\u00fcleyen nadir \u00fclkelerden biridir.\u00a0\u0130talya Akdeniz iklimine sahiptir. K\u0131\u015flar\u0131 \u0131l\u0131man ge\u00e7mekte fakat bol ya\u011f\u0131\u015fl\u0131 ve d\u00fczensizdir. Yazlar\u0131 ise bo\u011fucu bir neme sahiptir.\u00a0\u0130talya\u2019n\u0131n n\u00fcfusu 58 milyon insan civar\u0131ndad\u0131r. Fakat bu \u00fclkede bir hayli fazla n\u00fcfus art\u0131\u015f\u0131 vard\u0131r \u00e7\u00fcnk\u00fc do\u011fumlar \u00e7ok fazlad\u0131r. \u0130talya\u2019ya d\u0131\u015f \u00fclkelerden y\u00fcksek&#8230;<\/p>\n","protected":false},"author":1,"featured_media":0,"parent":0,"menu_order":0,"comment_status":"closed","ping_status":"closed","template":"","meta":{"_kad_post_transparent":"","_kad_post_title":"hide","_kad_post_layout":"fullwidth","_kad_post_sidebar_id":"","_kad_post_content_style":"unboxed","_kad_post_vertical_padding":"hide","_kad_post_feature":"hide","_kad_post_feature_position":"","_kad_post_header":false,"_kad_post_footer":false,"footnotes":""},"_links":{"self":[{"href":"https:\/\/www.izcivize.com\/index.php?rest_route=\/wp\/v2\/pages\/1929"}],"collection":[{"href":"https:\/\/www.izcivize.com\/index.php?rest_route=\/wp\/v2\/pages"}],"about":[{"href":"https:\/\/www.izcivize.com\/index.php?rest_route=\/wp\/v2\/types\/page"}],"author":[{"embeddable":true,"href":"https:\/\/www.izcivize.com\/index.php?rest_route=\/wp\/v2\/users\/1"}],"replies":[{"embeddable":true,"href":"https:\/\/www.izcivize.com\/index.php?rest_route=%2Fwp%2Fv2%2Fcomments&post=1929"}],"version-history":[{"count":4,"href":"https:\/\/www.izcivize.com\/index.php?rest_route=\/wp\/v2\/pages\/1929\/revisions"}],"predecessor-version":[{"id":1935,"href":"https:\/\/www.izcivize.com\/index.php?rest_route=\/wp\/v2\/pages\/1929\/revisions\/1935"}],"wp:attachment":[{"href":"https:\/\/www.izcivize.com\/index.php?rest_route=%2Fwp%2Fv2%2Fmedia&parent=1929"}],"curies":[{"name":"wp","href":"https:\/\/api.w.org\/{rel}","templated":true}]}}