{"id":1859,"date":"2024-03-14T00:53:45","date_gmt":"2024-03-14T00:53:45","guid":{"rendered":"https:\/\/www.izcivize.com\/?page_id=1859"},"modified":"2024-03-14T12:24:05","modified_gmt":"2024-03-14T12:24:05","slug":"hollanda-vizesi","status":"publish","type":"page","link":"https:\/\/www.izcivize.com\/?page_id=1859","title":{"rendered":"Hollanda Vizesi"},"content":{"rendered":"\t\t<div data-elementor-type=\"wp-page\" data-elementor-id=\"1859\" class=\"elementor elementor-1859\">\n\t\t\t\t<div class=\"elementor-element elementor-element-4ba5225 e-flex e-con-boxed e-con e-parent\" data-id=\"4ba5225\" data-element_type=\"container\" data-settings=\"{&quot;content_width&quot;:&quot;boxed&quot;}\" data-core-v316-plus=\"true\">\n\t\t\t\t\t<div class=\"e-con-inner\">\n\t\t\t\t\t<\/div>\n\t\t\t\t<\/div>\n\t\t<div class=\"elementor-element elementor-element-7bd0c33 e-con-full e-flex e-con e-parent\" data-id=\"7bd0c33\" data-element_type=\"container\" data-settings=\"{&quot;content_width&quot;:&quot;full&quot;,&quot;background_background&quot;:&quot;classic&quot;}\" data-core-v316-plus=\"true\">\n\t\t\t\t<\/div>\n\t\t<div class=\"elementor-element elementor-element-c4b8fde e-flex e-con-boxed e-con e-parent\" data-id=\"c4b8fde\" data-element_type=\"container\" data-settings=\"{&quot;content_width&quot;:&quot;boxed&quot;}\" data-core-v316-plus=\"true\">\n\t\t\t\t\t<div class=\"e-con-inner\">\n\t\t\t\t<div class=\"elementor-element elementor-element-f9d74e8 elementor-widget elementor-widget-spacer\" data-id=\"f9d74e8\" data-element_type=\"widget\" data-widget_type=\"spacer.default\">\n\t\t\t\t<div class=\"elementor-widget-container\">\n\t\t\t<style>\/*! elementor - v3.19.0 - 07-02-2024 *\/\n.elementor-column .elementor-spacer-inner{height:var(--spacer-size)}.e-con{--container-widget-width:100%}.e-con-inner>.elementor-widget-spacer,.e-con>.elementor-widget-spacer{width:var(--container-widget-width,var(--spacer-size));--align-self:var(--container-widget-align-self,initial);--flex-shrink:0}.e-con-inner>.elementor-widget-spacer>.elementor-widget-container,.e-con>.elementor-widget-spacer>.elementor-widget-container{height:100%;width:100%}.e-con-inner>.elementor-widget-spacer>.elementor-widget-container>.elementor-spacer,.e-con>.elementor-widget-spacer>.elementor-widget-container>.elementor-spacer{height:100%}.e-con-inner>.elementor-widget-spacer>.elementor-widget-container>.elementor-spacer>.elementor-spacer-inner,.e-con>.elementor-widget-spacer>.elementor-widget-container>.elementor-spacer>.elementor-spacer-inner{height:var(--container-widget-height,var(--spacer-size))}.e-con-inner>.elementor-widget-spacer.elementor-widget-empty,.e-con>.elementor-widget-spacer.elementor-widget-empty{position:relative;min-height:22px;min-width:22px}.e-con-inner>.elementor-widget-spacer.elementor-widget-empty .elementor-widget-empty-icon,.e-con>.elementor-widget-spacer.elementor-widget-empty .elementor-widget-empty-icon{position:absolute;top:0;bottom:0;left:0;right:0;margin:auto;padding:0;width:22px;height:22px}<\/style>\t\t<div class=\"elementor-spacer\">\n\t\t\t<div class=\"elementor-spacer-inner\"><\/div>\n\t\t<\/div>\n\t\t\t\t<\/div>\n\t\t\t\t<\/div>\n\t\t\t\t\t<\/div>\n\t\t\t\t<\/div>\n\t\t<div class=\"elementor-element elementor-element-f49800c e-flex e-con-boxed e-con e-parent\" data-id=\"f49800c\" data-element_type=\"container\" data-settings=\"{&quot;content_width&quot;:&quot;boxed&quot;}\" data-core-v316-plus=\"true\">\n\t\t\t\t\t<div class=\"e-con-inner\">\n\t\t<div class=\"elementor-element elementor-element-de6bc19 e-con-full e-flex e-con e-child\" data-id=\"de6bc19\" data-element_type=\"container\" data-settings=\"{&quot;content_width&quot;:&quot;full&quot;}\">\n\t\t\t\t<div class=\"elementor-element elementor-element-fb7af2b elementor-widget elementor-widget-text-editor\" data-id=\"fb7af2b\" data-element_type=\"widget\" data-widget_type=\"text-editor.default\">\n\t\t\t\t<div class=\"elementor-widget-container\">\n\t\t\t<style>\/*! elementor - v3.19.0 - 07-02-2024 *\/\n.elementor-widget-text-editor.elementor-drop-cap-view-stacked .elementor-drop-cap{background-color:#69727d;color:#fff}.elementor-widget-text-editor.elementor-drop-cap-view-framed .elementor-drop-cap{color:#69727d;border:3px solid;background-color:transparent}.elementor-widget-text-editor:not(.elementor-drop-cap-view-default) .elementor-drop-cap{margin-top:8px}.elementor-widget-text-editor:not(.elementor-drop-cap-view-default) .elementor-drop-cap-letter{width:1em;height:1em}.elementor-widget-text-editor .elementor-drop-cap{float:left;text-align:center;line-height:1;font-size:50px}.elementor-widget-text-editor .elementor-drop-cap-letter{display:inline-block}<\/style>\t\t\t\t<h1>HOLLANDA Vize Bilgileri<\/h1><div><div><div><div><div><div><div>Hollanda Avrupa\u2019n\u0131n Benel\u00fcks \u00fclkelerinden bir tanesidir.Bu \u00fclkenin \u00e7o\u011funlu\u011fu deniz seviyesinin alt\u0131nda kalmaktad\u0131r.Hollanda\u2019n\u0131n Rotterdam kenti Avrupa\u2019n\u0131n en b\u00fcy\u00fck limanlar\u0131ndan bir tanesidir.<\/div><div>\u00a0<\/div><div>Hollanda \u0131l\u0131k yazlar\u0131 ve serin k\u0131\u015flar\u0131 ile \u0131l\u0131man bir iklime sahiptir.Hollanda\u2019n\u0131n bu iklimi s\u00fcrekli de\u011fi\u015fkenlik g\u00f6stermektedir.Yaz\u0131n maksimum s\u0131cakl\u0131k seviyesi 25C\u2019dir.K\u0131\u015flar\u0131 ise minimum 0C\u2019dir.<\/div><div>\u00a0<\/div><div>Hollanda yakla\u015f\u0131k 17 milyon n\u00fcfusa sahiptir.N\u00fcfusun bir \u00e7o\u011funu sanayi \u00fclkesi olmas\u0131 sebebiyle yabanc\u0131 i\u015f\u00e7iler olu\u015fturmaktad\u0131r.Bu \u00fclkenin en kalabal\u0131k \u015fehri ise Amsterdam\u2019d\u0131r.<\/div><div>\u00a0<\/div><div>Hollanda \u00f6zellikle lezzetli peynirleri, lale bah\u00e7eleri, bisikletleri ve sosyal haklar\u0131 ile tan\u0131nmaktad\u0131r.\u00dclkede e\u015fcinsel evlilik ve esrar kullan\u0131m\u0131 gibi konulara ho\u015fg\u00f6r\u00fcl\u00fc bir seviyede kar\u015f\u0131lanmaktad\u0131r.<\/div><div>\u00a0<\/div><div>Hollanda\u2019n\u0131n en dikkat \u00e7eken ve en ho\u015f g\u00f6r\u00fcnen yerleri ise yel de\u011firmenleri ve lale bah\u00e7eleridir. E\u011fer bu \u00fclkeyi ziyaret ettiyseniz buralar\u0131 g\u00f6rmeden gitmeyiniz. Yel de\u011firmenlerinin \u00f6zelli\u011fi ise karay\u0131 denizden ay\u0131rmak \u00fczere su pompalamaktad\u0131r.<\/div><div>\u00a0<\/div><div>Hollanda\u2019n\u0131n ba\u015fkenti Amsterdam\u2019d\u0131r. T\u00fcrkiye ile bu \u00fclke aras\u0131ndaki u\u00e7ak ile mesafe 4 saat s\u00fcrmektedir.<\/div><\/div><\/div><\/div><\/div><\/div><\/div><div><div><h2>EMEKL\u0130LER \u0130\u00c7\u0130N GEREKL\u0130 EVRAK L\u0130STES\u0130 ( SCHENGEN )\u00a0 A\u0130LE Z\u0130YARET\u0130 \u2013 HOLLANDA<\/h2><\/div><\/div><div><div><ul><li style=\"line-height: 24px;\"><span style=\"font-size: 14.5px; color: #888888; font-family: Poppins, sans-serif; font-weight: var( --e-global-typography-text-font-weight ); text-align: var(--text-align); background-color: transparent;\">Pasaport \/ En az\u00a0 1 y\u0131l s\u00fcresi olan\u00a0 ( Var ise eski pasaportlar )<\/span><\/li><li style=\"line-height: 24px;\"><span style=\"color: #888888; font-family: Poppins, sans-serif;\"><span style=\"font-size: 14.5px;\">2 Adet resim ( arka fonu beyaz 3.5 mm 4.5 mm \u00f6l\u00e7\u00fclerinde )<\/span><\/span><\/li><li style=\"line-height: 24px;\"><span style=\"color: #888888; font-family: Poppins, sans-serif;\"><span style=\"font-size: 14.5px;\">Konsoloslu\u011fa hitaben Dilek\u00e7e<\/span><\/span><\/li><li style=\"line-height: 24px;\"><span style=\"color: #888888; font-family: Poppins, sans-serif;\"><span style=\"font-size: 14.5px;\">Emekli c\u00fczdan\u0131 ( emekli c\u00fczdan\u0131 yok ise emekli sand\u0131\u011f\u0131ndan veya emekli oldu\u011fu kurumdan yaz\u0131 )<\/span><\/span><\/li><li style=\"line-height: 24px;\"><span style=\"color: #888888; font-family: Poppins, sans-serif;\"><span style=\"font-size: 14.5px;\">Emekli maa\u015f ald\u0131\u011f\u0131 bankadan hesap d\u00f6k\u00fcm\u00fc<\/span><\/span><\/li><li style=\"line-height: 24px;\"><span style=\"color: #888888; font-family: Poppins, sans-serif;\"><span style=\"font-size: 14.5px;\">\u015eahsi banka hesap hareketleri ( g\u00fcncel bakiyesi olan banka taraf\u0131ndan ka\u015feli imzal\u0131 )<\/span><\/span><\/li><li style=\"line-height: 24px;\"><span style=\"color: #888888; font-family: Poppins, sans-serif;\"><span style=\"font-size: 14.5px;\">Tapu, ara\u00e7 ruhsat\u0131, arsa, gayrimenkule ait evraklar ( var ise )<\/span><\/span><\/li><li style=\"line-height: 24px;\"><span style=\"color: #888888; font-family: Poppins, sans-serif;\"><span style=\"font-size: 14.5px;\">Tam vukuatl\u0131 aile n\u00fcfus kay\u0131t \u00f6rne\u011fi \u2013 Yerle\u015fim yeri g\u00f6z\u00fcken\u00a0 ( e devlet \u00fczerinden al\u0131nabilir )<\/span><\/span><\/li><li style=\"line-height: 24px;\"><span style=\"color: #888888; font-family: Poppins, sans-serif;\"><span style=\"font-size: 14.5px;\">Kimlik fotokopisi<\/span><\/span><\/li><li style=\"line-height: 24px;\"><span style=\"color: #888888; font-family: Poppins, sans-serif;\"><span style=\"font-size: 14.5px;\">Otel u\u00e7ak rezervasyonu<\/span><\/span><\/li><li style=\"line-height: 24px;\"><span style=\"color: #888888; font-family: Poppins, sans-serif;\"><span style=\"font-size: 14.5px;\">30.000 \u20ac teminatl\u0131 seyahat sa\u011fl\u0131k sigortas\u0131 ( \u015firketimiz taraf\u0131ndan yap\u0131lmaktad\u0131r )<\/span><\/span><\/li><\/ul><h2>KAMU PERSONELLER\u0130 \u0130\u00c7\u0130N GEREKL\u0130 EVRAK L\u0130STES\u0130 ( SCHENGEN )\u00a0 A\u0130LE Z\u0130YARET\u0130 \u2013 HOLLANDA<\/h2><div><div><ul><li style=\"font-size: 14.5px; line-height: 24px; font-family: Poppins, sans-serif; color: #888888;\">Pasaport \/ En az\u00a0 1 y\u0131l s\u00fcresi olan\u00a0 ( Var ise eski pasaportlar )<\/li><li style=\"font-size: 14.5px; line-height: 24px; font-family: Poppins, sans-serif; color: #888888;\">2 Adet resim ( arka fonu beyaz 3.5 mm 4.5 mm \u00f6l\u00e7\u00fclerinde )<\/li><li style=\"font-size: 14.5px; line-height: 24px; font-family: Poppins, sans-serif; color: #888888;\">Konsoloslu\u011fa hitaben Dilek\u00e7e<\/li><li style=\"font-size: 14.5px; line-height: 24px; font-family: Poppins, sans-serif; color: #888888;\">Kurum \u00e7al\u0131\u015fma belgesi<\/li><li style=\"font-size: 14.5px; line-height: 24px; font-family: Poppins, sans-serif; color: #888888;\">Kurumdan al\u0131nan\u00a0 izin yaz\u0131s\u0131<\/li><li style=\"font-size: 14.5px; line-height: 24px; font-family: Poppins, sans-serif; color: #888888;\">Kurum g\u00f6rev kimlik kart\u0131n\u0131n arkal\u0131 \u00f6nl\u00fc fotokopisi<\/li><li style=\"font-size: 14.5px; line-height: 24px; font-family: Poppins, sans-serif; color: #888888;\">Son 3 ayl\u0131k maa\u015f bordrosu ( Kurumdan ka\u015feli imzal\u0131 )<\/li><li style=\"font-size: 14.5px; line-height: 24px; font-family: Poppins, sans-serif; color: #888888;\">\u015eahsi banka hesap hareketleri ( g\u00fcncel bakiyesi olan banka taraf\u0131ndan ka\u015feli imzal\u0131 )<\/li><li style=\"font-size: 14.5px; line-height: 24px; font-family: Poppins, sans-serif; color: #888888;\">Tapu, ara\u00e7 ruhsat\u0131, arsa, gayrimenkule ait evraklar ( var ise )<\/li><li style=\"font-size: 14.5px; line-height: 24px; font-family: Poppins, sans-serif; color: #888888;\">Tam vukuatl\u0131 aile n\u00fcfus kay\u0131t \u00f6rne\u011fi \u2013 Yerle\u015fim yeri g\u00f6z\u00fcken\u00a0 ( e devlet \u00fczerinden al\u0131nabilir )<\/li><li style=\"font-size: 14.5px; line-height: 24px; font-family: Poppins, sans-serif; color: #888888;\">Kimlik fotokopisi<\/li><li style=\"font-size: 14.5px; line-height: 24px; font-family: Poppins, sans-serif; color: #888888;\">Otel u\u00e7ak rezervasyonu<\/li><li style=\"font-size: 14.5px; line-height: 24px; font-family: Poppins, sans-serif; color: #888888;\">30.000 \u20ac teminatl\u0131 seyahat sa\u011fl\u0131k sigortas\u0131 ( \u015firketimiz taraf\u0131ndan yap\u0131lmaktad\u0131r )<\/li><\/ul><h2>\u00d6\u011eRENC\u0130LER \u0130\u00c7\u0130N GEREKL\u0130 EVRAK L\u0130STES\u0130 ( SCHENGEN )\u00a0 A\u0130LE Z\u0130YARET\u0130 \u2013 HOLLANDA<\/h2><div><div><ul><li style=\"line-height: 24px;\"><span style=\"font-size: 14.5px; color: #888888; font-family: Poppins, sans-serif; font-weight: var( --e-global-typography-text-font-weight ); text-align: var(--text-align); background-color: transparent;\">Pasaport \/ En az\u00a0 1 y\u0131l s\u00fcresi olan\u00a0 ( Var ise eski pasaportlar )<\/span><\/li><li style=\"line-height: 24px;\"><span style=\"color: #888888; font-family: Poppins, sans-serif;\"><span style=\"font-size: 14.5px;\">2 Adet resim ( arka fonu beyaz 3.5 mm 4.5 mm \u00f6l\u00e7\u00fclerinde )<\/span><\/span><\/li><li style=\"line-height: 24px;\"><span style=\"color: #888888; font-family: Poppins, sans-serif;\"><span style=\"font-size: 14.5px;\">Konsoloslu\u011fa hitaben Dilek\u00e7e<\/span><\/span><\/li><li style=\"line-height: 24px;\"><span style=\"color: #888888; font-family: Poppins, sans-serif;\"><span style=\"font-size: 14.5px;\">\u00d6\u011frenci belgesi asl\u0131<\/span><\/span><\/li><li style=\"line-height: 24px;\"><span style=\"color: #888888; font-family: Poppins, sans-serif;\"><span style=\"font-size: 14.5px;\">Aile bireylerinden anne veya baban\u0131n ayl\u0131k gelirini beyan eden evraklar ve \u00f6\u011frencinin oradaki masraflar\u0131n\u0131 kar\u015f\u0131layaca\u011f\u0131na dair varsa tapu, ara\u00e7 ruhsat\u0131 gayrimenkule ait evraklar<\/span><\/span><\/li><li style=\"line-height: 24px;\"><span style=\"color: #888888; font-family: Poppins, sans-serif;\"><span style=\"font-size: 14.5px;\">\u015eahsi banka hesap hareketleri ( g\u00fcncel bakiyesi olan banka taraf\u0131ndan ka\u015feli imzal\u0131 )<\/span><\/span><\/li><li style=\"line-height: 24px;\"><span style=\"color: #888888; font-family: Poppins, sans-serif;\"><span style=\"font-size: 14.5px;\">Tapu, ara\u00e7 ruhsat\u0131, arsa, gayrimenkule ait evraklar ( var ise )<\/span><\/span><\/li><li style=\"line-height: 24px;\"><span style=\"color: #888888; font-family: Poppins, sans-serif;\"><span style=\"font-size: 14.5px;\">Tam vukuatl\u0131 aile n\u00fcfus kay\u0131t \u00f6rne\u011fi \u2013 Yerle\u015fim yeri g\u00f6z\u00fcken\u00a0 ( e devlet \u00fczerinden al\u0131nabilir )<\/span><\/span><\/li><li style=\"line-height: 24px;\"><span style=\"color: #888888; font-family: Poppins, sans-serif;\"><span style=\"font-size: 14.5px;\">18 ya\u015f dolmam\u0131\u015f \u00f6\u011frenciler ise anne babadan seyahat edebilmesi i\u00e7in noterden muvafakatname asl\u0131<\/span><\/span><\/li><li style=\"line-height: 24px;\"><span style=\"color: #888888; font-family: Poppins, sans-serif;\"><span style=\"font-size: 14.5px;\">Kimlik fotokopisi<\/span><\/span><\/li><li style=\"line-height: 24px;\"><span style=\"color: #888888; font-family: Poppins, sans-serif;\"><span style=\"font-size: 14.5px;\">Otel u\u00e7ak rezervasyonu<\/span><\/span><\/li><li style=\"line-height: 24px;\"><span style=\"color: #888888; font-family: Poppins, sans-serif;\"><span style=\"font-size: 14.5px;\">30.000 \u20ac teminatl\u0131 seyahat sa\u011fl\u0131k sigortas\u0131 ( \u015firketimiz taraf\u0131ndan yap\u0131lmaktad\u0131r )<\/span><\/span>\u00a0<\/li><\/ul><h2>\u015e\u0130RKET \u00c7ALI\u015eANLARI \u0130\u00c7\u0130N GEREKL\u0130 EVRAK L\u0130STES\u0130 ( SCHENGEN )\u00a0 A\u0130LE Z\u0130YARET\u0130 \u2013 HOLLANDA<\/h2><div><div><ul><li style=\"line-height: 24px;\"><span style=\"font-size: 14.5px; color: #888888; font-family: Poppins, sans-serif; font-weight: var( --e-global-typography-text-font-weight ); text-align: var(--text-align); background-color: transparent;\">Pasaport \/ En az\u00a0 1 y\u0131l s\u00fcresi olan\u00a0 ( Var ise eski pasaportlar )<\/span><\/li><li style=\"line-height: 24px;\"><span style=\"color: #888888; font-family: Poppins, sans-serif;\"><span style=\"font-size: 14.5px;\">2 Adet resim ( arka fonu beyaz 3.5 mm 4.5 mm \u00f6l\u00e7\u00fclerinde )<\/span><\/span><\/li><li style=\"line-height: 24px;\"><span style=\"color: #888888; font-family: Poppins, sans-serif;\"><span style=\"font-size: 14.5px;\">\u015eirket antetli ka\u011f\u0131d\u0131na yaz\u0131lm\u0131\u015f olan konsoloslu\u011fa hitaben dilek\u00e7e<\/span><\/span><\/li><li style=\"line-height: 24px;\"><span style=\"color: #888888; font-family: Poppins, sans-serif;\"><span style=\"font-size: 14.5px;\">\u015eirket oda sicil kay\u0131t sureti ( Son 6 aydan eski olmayan )<\/span><\/span><\/li><li style=\"line-height: 24px;\"><span style=\"color: #888888; font-family: Poppins, sans-serif;\"><span style=\"font-size: 14.5px;\">Faaliyet belgesi ( Son 6 aydan eski olmayan )<\/span><\/span><\/li><li style=\"line-height: 24px;\"><span style=\"color: #888888; font-family: Poppins, sans-serif;\"><span style=\"font-size: 14.5px;\">Vergi levhas\u0131<\/span><\/span><\/li><li style=\"line-height: 24px;\"><span style=\"color: #888888; font-family: Poppins, sans-serif;\"><span style=\"font-size: 14.5px;\">\u0130mza sirk\u00fcs\u00fc<\/span><\/span><\/li><li style=\"line-height: 24px;\"><span style=\"color: #888888; font-family: Poppins, sans-serif;\"><span style=\"font-size: 14.5px;\">Ticaret Sicil Gazetesi<\/span><\/span><\/li><li style=\"line-height: 24px;\"><span style=\"color: #888888; font-family: Poppins, sans-serif;\"><span style=\"font-size: 14.5px;\">Ssk i\u015fe giri\u015f bildirgesi<\/span><\/span><\/li><li style=\"line-height: 24px;\"><span style=\"color: #888888; font-family: Poppins, sans-serif;\"><span style=\"font-size: 14.5px;\">Son 3 ayl\u0131k maa\u015f bordrosu ( \u015eirketten ka\u015feli imzal\u0131 )<\/span><\/span><\/li><li style=\"line-height: 24px;\"><span style=\"color: #888888; font-family: Poppins, sans-serif;\"><span style=\"font-size: 14.5px;\">Sgk hizmet d\u00f6k\u00fcm\u00fc ( e devlet \u00fczerinden al\u0131nabilir )<\/span><\/span><\/li><li style=\"line-height: 24px;\"><span style=\"color: #888888; font-family: Poppins, sans-serif;\"><span style=\"font-size: 14.5px;\">\u015eahsi banka hesap hareketleri ( g\u00fcncel bakiyeli banka taraf\u0131ndan ka\u015feli imzal\u0131 )<\/span><\/span><\/li><li style=\"line-height: 24px;\"><span style=\"color: #888888; font-family: Poppins, sans-serif;\"><span style=\"font-size: 14.5px;\">Tapu, ara\u00e7 ruhsat\u0131, arsa, gayrimenkule ait evraklar ( var ise )<\/span><\/span><\/li><li style=\"line-height: 24px;\"><span style=\"color: #888888; font-family: Poppins, sans-serif;\"><span style=\"font-size: 14.5px;\">Tam vukuatl\u0131 aile n\u00fcfus kay\u0131t \u00f6rne\u011fi \u2013 Yerle\u015fim yeri g\u00f6z\u00fcken\u00a0 ( e devlet \u00fczerinden al\u0131nabilir )<\/span><\/span><\/li><li style=\"line-height: 24px;\"><span style=\"color: #888888; font-family: Poppins, sans-serif;\"><span style=\"font-size: 14.5px;\">Kimlik fotokopisi<\/span><\/span><\/li><li style=\"line-height: 24px;\"><span style=\"color: #888888; font-family: Poppins, sans-serif;\"><span style=\"font-size: 14.5px;\">Otel u\u00e7ak rezervasyonu<\/span><\/span><\/li><li style=\"line-height: 24px;\"><span style=\"color: #888888; font-family: Poppins, sans-serif;\"><span style=\"font-size: 14.5px;\">30.000 \u20ac teminatl\u0131 seyahat sa\u011fl\u0131k sigortas\u0131 ( \u015firketimiz taraf\u0131ndan yap\u0131lmaktad\u0131r )<\/span><\/span><\/li><\/ul><h2 style=\"font-family: Roboto, sans-serif;\">\u015e\u0130RKET SAH\u0130PLER\u0130 \u0130\u00c7\u0130N GEREKL\u0130 EVRAK L\u0130STES\u0130 ( SCHENGEN )\u00a0 A\u0130LE Z\u0130YARET\u0130 \u2013 HOLLANDA<\/h2><div><span style=\"color: #888888; font-family: Poppins, sans-serif;\"><span style=\"font-size: 14.5px;\">\u00a0<\/span><\/span><\/div><div><div><ul><li style=\"font-size: 14.5px; line-height: 24px; font-family: Poppins, sans-serif; color: #888888;\">Pasaport \/ En az\u00a0 1 y\u0131l s\u00fcresi olan\u00a0 ( Var ise eski pasaportlar )<\/li><li style=\"font-size: 14.5px; line-height: 24px; font-family: Poppins, sans-serif; color: #888888;\">2 Adet resim ( arka fonu beyaz 3.5 mm 4.5 mm \u00f6l\u00e7\u00fclerinde )<\/li><li style=\"font-size: 14.5px; line-height: 24px; font-family: Poppins, sans-serif; color: #888888;\">\u015eirket antetli ka\u011f\u0131d\u0131na yaz\u0131lm\u0131\u015f olan konsoloslu\u011fa hitaben dilek\u00e7e<\/li><li style=\"font-size: 14.5px; line-height: 24px; font-family: Poppins, sans-serif; color: #888888;\">\u015eirket oda sicil kay\u0131t sureti ( Son 6 aydan eski olmayan )<\/li><li style=\"font-size: 14.5px; line-height: 24px; font-family: Poppins, sans-serif; color: #888888;\">Faaliyet belgesi ( Son 6 aydan eski olmayan )<\/li><li style=\"font-size: 14.5px; line-height: 24px; font-family: Poppins, sans-serif; color: #888888;\">Vergi levhas\u0131<\/li><li style=\"font-size: 14.5px; line-height: 24px; font-family: Poppins, sans-serif; color: #888888;\">\u0130mza sirk\u00fcs\u00fc<\/li><li style=\"font-size: 14.5px; line-height: 24px; font-family: Poppins, sans-serif; color: #888888;\">Ticaret Sicil Gazetesi<\/li><li style=\"font-size: 14.5px; line-height: 24px; font-family: Poppins, sans-serif; color: #888888;\">Ba\u011fkur D\u00f6k\u00fcm\u00fc ( e devlet \u00fczerinden al\u0131nabilir )<\/li><li style=\"font-size: 14.5px; line-height: 24px; font-family: Poppins, sans-serif; color: #888888;\">\u015eahsi banka hesap hareketleri ( g\u00fcncel bakiyeli banka taraf\u0131ndan ka\u015feli imzal\u0131 )<\/li><li style=\"font-size: 14.5px; line-height: 24px; font-family: Poppins, sans-serif; color: #888888;\">\u015eirket sahipleri i\u00e7in \u015firket hesap d\u00f6k\u00fcmleride ge\u00e7erlidir<\/li><li style=\"font-size: 14.5px; line-height: 24px; font-family: Poppins, sans-serif; color: #888888;\">Tapu, ara\u00e7 ruhsat\u0131, arsa, gayrimenkule ait evraklar ( var ise )<\/li><li style=\"font-size: 14.5px; line-height: 24px; font-family: Poppins, sans-serif; color: #888888;\">Tam vukuatl\u0131 aile n\u00fcfus kay\u0131t \u00f6rne\u011fi \u2013 Yerle\u015fim yeri g\u00f6z\u00fcken\u00a0 ( e devlet \u00fczerinden al\u0131nabilir )<\/li><li style=\"font-size: 14.5px; line-height: 24px; font-family: Poppins, sans-serif; color: #888888;\">Kimlik fotokopisi<\/li><li style=\"font-size: 14.5px; line-height: 24px; font-family: Poppins, sans-serif; color: #888888;\">Otel u\u00e7ak rezervasyonu<\/li><li style=\"font-size: 14.5px; line-height: 24px; font-family: Poppins, sans-serif; color: #888888;\">30.000 \u20ac teminatl\u0131 seyahat sa\u011fl\u0131k sigortas\u0131 ( \u015firketimiz taraf\u0131ndan yap\u0131lmaktad\u0131r )<\/li><\/ul><\/div><\/div><\/div><\/div><\/div><\/div><\/div><\/div><\/div><\/div>\t\t\t\t\t\t<\/div>\n\t\t\t\t<\/div>\n\t\t\t\t<\/div>\n\t\t\t\t\t<\/div>\n\t\t\t\t<\/div>\n\t\t\t\t<\/div>\n\t\t","protected":false},"excerpt":{"rendered":"<p>HOLLANDA Vize Bilgileri Hollanda Avrupa\u2019n\u0131n Benel\u00fcks \u00fclkelerinden bir tanesidir.Bu \u00fclkenin \u00e7o\u011funlu\u011fu deniz seviyesinin alt\u0131nda kalmaktad\u0131r.Hollanda\u2019n\u0131n Rotterdam kenti Avrupa\u2019n\u0131n en b\u00fcy\u00fck limanlar\u0131ndan bir tanesidir.\u00a0Hollanda \u0131l\u0131k yazlar\u0131 ve serin k\u0131\u015flar\u0131 ile \u0131l\u0131man bir iklime sahiptir.Hollanda\u2019n\u0131n bu iklimi s\u00fcrekli de\u011fi\u015fkenlik g\u00f6stermektedir.Yaz\u0131n maksimum s\u0131cakl\u0131k seviyesi 25C\u2019dir.K\u0131\u015flar\u0131 ise minimum 0C\u2019dir.\u00a0Hollanda yakla\u015f\u0131k 17 milyon n\u00fcfusa sahiptir.N\u00fcfusun bir \u00e7o\u011funu sanayi \u00fclkesi olmas\u0131&#8230;<\/p>\n","protected":false},"author":1,"featured_media":0,"parent":0,"menu_order":0,"comment_status":"closed","ping_status":"closed","template":"","meta":{"_kad_post_transparent":"","_kad_post_title":"hide","_kad_post_layout":"fullwidth","_kad_post_sidebar_id":"","_kad_post_content_style":"unboxed","_kad_post_vertical_padding":"hide","_kad_post_feature":"hide","_kad_post_feature_position":"","_kad_post_header":false,"_kad_post_footer":false,"footnotes":""},"_links":{"self":[{"href":"https:\/\/www.izcivize.com\/index.php?rest_route=\/wp\/v2\/pages\/1859"}],"collection":[{"href":"https:\/\/www.izcivize.com\/index.php?rest_route=\/wp\/v2\/pages"}],"about":[{"href":"https:\/\/www.izcivize.com\/index.php?rest_route=\/wp\/v2\/types\/page"}],"author":[{"embeddable":true,"href":"https:\/\/www.izcivize.com\/index.php?rest_route=\/wp\/v2\/users\/1"}],"replies":[{"embeddable":true,"href":"https:\/\/www.izcivize.com\/index.php?rest_route=%2Fwp%2Fv2%2Fcomments&post=1859"}],"version-history":[{"count":10,"href":"https:\/\/www.izcivize.com\/index.php?rest_route=\/wp\/v2\/pages\/1859\/revisions"}],"predecessor-version":[{"id":1873,"href":"https:\/\/www.izcivize.com\/index.php?rest_route=\/wp\/v2\/pages\/1859\/revisions\/1873"}],"wp:attachment":[{"href":"https:\/\/www.izcivize.com\/index.php?rest_route=%2Fwp%2Fv2%2Fmedia&parent=1859"}],"curies":[{"name":"wp","href":"https:\/\/api.w.org\/{rel}","templated":true}]}}