{"id":1847,"date":"2024-03-14T00:48:54","date_gmt":"2024-03-14T00:48:54","guid":{"rendered":"https:\/\/www.izcivize.com\/?page_id=1847"},"modified":"2024-03-14T00:52:24","modified_gmt":"2024-03-14T00:52:24","slug":"hindistan-vizesi","status":"publish","type":"page","link":"https:\/\/www.izcivize.com\/?page_id=1847","title":{"rendered":"Hindistan Vizesi"},"content":{"rendered":"\t\t<div data-elementor-type=\"wp-page\" data-elementor-id=\"1847\" class=\"elementor elementor-1847\">\n\t\t\t\t<div class=\"elementor-element elementor-element-4ba5225 e-flex e-con-boxed e-con e-parent\" data-id=\"4ba5225\" data-element_type=\"container\" data-settings=\"{&quot;content_width&quot;:&quot;boxed&quot;}\" data-core-v316-plus=\"true\">\n\t\t\t\t\t<div class=\"e-con-inner\">\n\t\t\t\t\t<\/div>\n\t\t\t\t<\/div>\n\t\t<div class=\"elementor-element elementor-element-7bd0c33 e-con-full e-flex e-con e-parent\" data-id=\"7bd0c33\" data-element_type=\"container\" data-settings=\"{&quot;content_width&quot;:&quot;full&quot;,&quot;background_background&quot;:&quot;classic&quot;}\" data-core-v316-plus=\"true\">\n\t\t\t\t<\/div>\n\t\t<div class=\"elementor-element elementor-element-c4b8fde e-flex e-con-boxed e-con e-parent\" data-id=\"c4b8fde\" data-element_type=\"container\" data-settings=\"{&quot;content_width&quot;:&quot;boxed&quot;}\" data-core-v316-plus=\"true\">\n\t\t\t\t\t<div class=\"e-con-inner\">\n\t\t\t\t<div class=\"elementor-element elementor-element-f9d74e8 elementor-widget elementor-widget-spacer\" data-id=\"f9d74e8\" data-element_type=\"widget\" data-widget_type=\"spacer.default\">\n\t\t\t\t<div class=\"elementor-widget-container\">\n\t\t\t<style>\/*! elementor - v3.19.0 - 07-02-2024 *\/\n.elementor-column .elementor-spacer-inner{height:var(--spacer-size)}.e-con{--container-widget-width:100%}.e-con-inner>.elementor-widget-spacer,.e-con>.elementor-widget-spacer{width:var(--container-widget-width,var(--spacer-size));--align-self:var(--container-widget-align-self,initial);--flex-shrink:0}.e-con-inner>.elementor-widget-spacer>.elementor-widget-container,.e-con>.elementor-widget-spacer>.elementor-widget-container{height:100%;width:100%}.e-con-inner>.elementor-widget-spacer>.elementor-widget-container>.elementor-spacer,.e-con>.elementor-widget-spacer>.elementor-widget-container>.elementor-spacer{height:100%}.e-con-inner>.elementor-widget-spacer>.elementor-widget-container>.elementor-spacer>.elementor-spacer-inner,.e-con>.elementor-widget-spacer>.elementor-widget-container>.elementor-spacer>.elementor-spacer-inner{height:var(--container-widget-height,var(--spacer-size))}.e-con-inner>.elementor-widget-spacer.elementor-widget-empty,.e-con>.elementor-widget-spacer.elementor-widget-empty{position:relative;min-height:22px;min-width:22px}.e-con-inner>.elementor-widget-spacer.elementor-widget-empty .elementor-widget-empty-icon,.e-con>.elementor-widget-spacer.elementor-widget-empty .elementor-widget-empty-icon{position:absolute;top:0;bottom:0;left:0;right:0;margin:auto;padding:0;width:22px;height:22px}<\/style>\t\t<div class=\"elementor-spacer\">\n\t\t\t<div class=\"elementor-spacer-inner\"><\/div>\n\t\t<\/div>\n\t\t\t\t<\/div>\n\t\t\t\t<\/div>\n\t\t\t\t\t<\/div>\n\t\t\t\t<\/div>\n\t\t<div class=\"elementor-element elementor-element-f49800c e-flex e-con-boxed e-con e-parent\" data-id=\"f49800c\" data-element_type=\"container\" data-settings=\"{&quot;content_width&quot;:&quot;boxed&quot;}\" data-core-v316-plus=\"true\">\n\t\t\t\t\t<div class=\"e-con-inner\">\n\t\t<div class=\"elementor-element elementor-element-de6bc19 e-con-full e-flex e-con e-child\" data-id=\"de6bc19\" data-element_type=\"container\" data-settings=\"{&quot;content_width&quot;:&quot;full&quot;}\">\n\t\t\t\t<div class=\"elementor-element elementor-element-fb7af2b elementor-widget elementor-widget-text-editor\" data-id=\"fb7af2b\" data-element_type=\"widget\" data-widget_type=\"text-editor.default\">\n\t\t\t\t<div class=\"elementor-widget-container\">\n\t\t\t<style>\/*! elementor - v3.19.0 - 07-02-2024 *\/\n.elementor-widget-text-editor.elementor-drop-cap-view-stacked .elementor-drop-cap{background-color:#69727d;color:#fff}.elementor-widget-text-editor.elementor-drop-cap-view-framed .elementor-drop-cap{color:#69727d;border:3px solid;background-color:transparent}.elementor-widget-text-editor:not(.elementor-drop-cap-view-default) .elementor-drop-cap{margin-top:8px}.elementor-widget-text-editor:not(.elementor-drop-cap-view-default) .elementor-drop-cap-letter{width:1em;height:1em}.elementor-widget-text-editor .elementor-drop-cap{float:left;text-align:center;line-height:1;font-size:50px}.elementor-widget-text-editor .elementor-drop-cap-letter{display:inline-block}<\/style>\t\t\t\t<h1>H\u0130ND\u0130STAN Vize Bilgileri<\/h1><div><div><div><div><div>Hindistan farkl\u0131 k\u00fclt\u00fcrlere sahip olan bir \u00fclkedir.De\u011fi\u015fik k\u00fclt\u00fcrleri ve de\u011fi\u015fik din \u015fekilleriyle di\u011fer \u00fclkelerden ay\u0131ran \u00f6zellikleri vard\u0131r.<\/div><div>\u00a0<\/div><div>Hindistan s\u0131cak bir \u00fclkedir.Yazlar\u0131 a\u015f\u0131r\u0131 s\u0131cakla bo\u011fu\u015fan \u00fclkede k\u0131\u015f aylar\u0131nda \u0131l\u0131man bir iklime sahiptir.K\u0131\u015flar\u0131 kuru ge\u00e7mektedir.<\/div><div>\u00a0<\/div><div>Hindistan 1,237 milyar n\u00fcfusa sahip bir \u00fclkedir.D\u00fcnyan\u0131n en kalabal\u0131k 3 \u00fclkesinden biridir.Bu \u00fclkede resmi dil olarak Hit\u00e7e konu\u015fulmaktad\u0131r.Fakat \u0130ngilizcede olduk\u00e7a yayg\u0131n bir dildir.<\/div><div>\u00a0<\/div><div>Hindistan tarihi tap\u0131nak ve tarihi yap\u0131lar d\u0131\u015f\u0131nda en dikkat \u00e7ekici \u00f6zelli\u011fi hayvanlara verdikleri \u00f6nemdir.\u00d6zellikler ineklere verilen de\u011fer bir ba\u015fkad\u0131r.\u00dclkede caddelerde halk aras\u0131nda ba\u015f\u0131bo\u015f kendi haline dolanan inekler g\u00f6rmek m\u00fcmk\u00fcnd\u00fcr.Hindistan hayvanlara verdikleri de\u011ferle \u00e7ok takdir toplamaktad\u0131r.<\/div><div>\u00a0<\/div><div>Hindistan turistler bak\u0131m\u0131ndan ilgi g\u00f6ren bir \u00fclkedir. \u00dclkede Hint k\u0131nas\u0131 me\u015fhurdur. Turistlerin ilgi g\u00f6sterdikleri yerin ba\u015f\u0131nda KIRMIZI KALE gelmektedir. Bu yap\u0131 k\u0131rm\u0131z\u0131 renkteki duvarlar\u0131yla \u00fcn kazanm\u0131\u015ft\u0131r. Kale i\u00e7inde al\u0131\u015fveri\u015f yapma \u015fans\u0131n\u0131z bulunmaktad\u0131r. Kale duvarlar\u0131 arkas\u0131nda bulunan nehir ise kaleye ayr\u0131 bir \u00f6nem kazand\u0131rmaktad\u0131r.<\/div><div>\u00a0<\/div><div>Hindistan\u2019\u0131n ba\u015fkenti Yeni Delhi\u2019dir. T\u00fcrkiye ile bu \u00fclke aras\u0131ndaki u\u00e7ak ile mesafe 6 saat s\u00fcrmektedir<\/div><\/div><div>\u00a0<\/div><\/div><\/div><div>\u00a0<\/div><\/div><div><div><h2>H\u0130ND\u0130STAN V\u0130ZES\u0130 \u0130\u00c7\u0130N GEREKL\u0130 EVRAKLAR<\/h2><\/div><\/div><div><div><ul><li style=\"line-height: 24px;\"><span style=\"text-align: var(--text-align); background-color: transparent;\">Pasaport \/ En az\u00a0 1 y\u0131l s\u00fcresi olan\u00a0 ( Var ise eski pasaportlar )<\/span><\/li><li style=\"line-height: 24px;\">2 Adet resim ( arka fonu beyaz 3.5 mm 4.5 mm \u00f6l\u00e7\u00fclerinde )<\/li><li style=\"line-height: 24px;\">Konsoloslu\u011fa hitaben Dilek\u00e7e ( \u0130ngilizce )<\/li><li style=\"line-height: 24px;\">\u015eahsi banka hesap hareketleri ( g\u00fcncel bakiyesi olan banka taraf\u0131ndan ka\u015feli imzal\u0131 )<\/li><li style=\"line-height: 24px;\">Tam vukuatl\u0131 aile n\u00fcfus kay\u0131t \u00f6rne\u011fi \u2013 Yerle\u015fim yeri g\u00f6z\u00fcken\u00a0 ( e devlet \u00fczerinden al\u0131nabilir )<\/li><li style=\"line-height: 24px;\">Kimlik fotokopisi<\/li><li style=\"line-height: 24px;\">Otel u\u00e7ak rezervasyonu<\/li><\/ul><div><div><div><div><div><div><div><div>\u00a0<\/div><\/div><\/div><\/div><\/div><\/div><\/div><\/div><\/div><\/div>\t\t\t\t\t\t<\/div>\n\t\t\t\t<\/div>\n\t\t\t\t<\/div>\n\t\t\t\t\t<\/div>\n\t\t\t\t<\/div>\n\t\t\t\t<\/div>\n\t\t","protected":false},"excerpt":{"rendered":"<p>H\u0130ND\u0130STAN Vize Bilgileri Hindistan farkl\u0131 k\u00fclt\u00fcrlere sahip olan bir \u00fclkedir.De\u011fi\u015fik k\u00fclt\u00fcrleri ve de\u011fi\u015fik din \u015fekilleriyle di\u011fer \u00fclkelerden ay\u0131ran \u00f6zellikleri vard\u0131r.\u00a0Hindistan s\u0131cak bir \u00fclkedir.Yazlar\u0131 a\u015f\u0131r\u0131 s\u0131cakla bo\u011fu\u015fan \u00fclkede k\u0131\u015f aylar\u0131nda \u0131l\u0131man bir iklime sahiptir.K\u0131\u015flar\u0131 kuru ge\u00e7mektedir.\u00a0Hindistan 1,237 milyar n\u00fcfusa sahip bir \u00fclkedir.D\u00fcnyan\u0131n en kalabal\u0131k 3 \u00fclkesinden biridir.Bu \u00fclkede resmi dil olarak Hit\u00e7e konu\u015fulmaktad\u0131r.Fakat \u0130ngilizcede olduk\u00e7a yayg\u0131n&#8230;<\/p>\n","protected":false},"author":1,"featured_media":0,"parent":0,"menu_order":0,"comment_status":"closed","ping_status":"closed","template":"","meta":{"_kad_post_transparent":"","_kad_post_title":"hide","_kad_post_layout":"fullwidth","_kad_post_sidebar_id":"","_kad_post_content_style":"unboxed","_kad_post_vertical_padding":"hide","_kad_post_feature":"hide","_kad_post_feature_position":"","_kad_post_header":false,"_kad_post_footer":false,"footnotes":""},"_links":{"self":[{"href":"https:\/\/www.izcivize.com\/index.php?rest_route=\/wp\/v2\/pages\/1847"}],"collection":[{"href":"https:\/\/www.izcivize.com\/index.php?rest_route=\/wp\/v2\/pages"}],"about":[{"href":"https:\/\/www.izcivize.com\/index.php?rest_route=\/wp\/v2\/types\/page"}],"author":[{"embeddable":true,"href":"https:\/\/www.izcivize.com\/index.php?rest_route=\/wp\/v2\/users\/1"}],"replies":[{"embeddable":true,"href":"https:\/\/www.izcivize.com\/index.php?rest_route=%2Fwp%2Fv2%2Fcomments&post=1847"}],"version-history":[{"count":7,"href":"https:\/\/www.izcivize.com\/index.php?rest_route=\/wp\/v2\/pages\/1847\/revisions"}],"predecessor-version":[{"id":1855,"href":"https:\/\/www.izcivize.com\/index.php?rest_route=\/wp\/v2\/pages\/1847\/revisions\/1855"}],"wp:attachment":[{"href":"https:\/\/www.izcivize.com\/index.php?rest_route=%2Fwp%2Fv2%2Fmedia&parent=1847"}],"curies":[{"name":"wp","href":"https:\/\/api.w.org\/{rel}","templated":true}]}}