{"id":1815,"date":"2024-03-14T00:29:49","date_gmt":"2024-03-14T00:29:49","guid":{"rendered":"https:\/\/www.izcivize.com\/?page_id=1815"},"modified":"2024-03-14T00:36:05","modified_gmt":"2024-03-14T00:36:05","slug":"dubai-vizesi","status":"publish","type":"page","link":"https:\/\/www.izcivize.com\/?page_id=1815","title":{"rendered":"Dubai Vizesi"},"content":{"rendered":"\t\t<div data-elementor-type=\"wp-page\" data-elementor-id=\"1815\" class=\"elementor elementor-1815\">\n\t\t\t\t<div class=\"elementor-element elementor-element-4ba5225 e-flex e-con-boxed e-con e-parent\" data-id=\"4ba5225\" data-element_type=\"container\" data-settings=\"{&quot;content_width&quot;:&quot;boxed&quot;}\" data-core-v316-plus=\"true\">\n\t\t\t\t\t<div class=\"e-con-inner\">\n\t\t\t\t\t<\/div>\n\t\t\t\t<\/div>\n\t\t<div class=\"elementor-element elementor-element-7bd0c33 e-con-full e-flex e-con e-parent\" data-id=\"7bd0c33\" data-element_type=\"container\" data-settings=\"{&quot;content_width&quot;:&quot;full&quot;,&quot;background_background&quot;:&quot;classic&quot;}\" data-core-v316-plus=\"true\">\n\t\t\t\t<\/div>\n\t\t<div class=\"elementor-element elementor-element-c4b8fde e-flex e-con-boxed e-con e-parent\" data-id=\"c4b8fde\" data-element_type=\"container\" data-settings=\"{&quot;content_width&quot;:&quot;boxed&quot;}\" data-core-v316-plus=\"true\">\n\t\t\t\t\t<div class=\"e-con-inner\">\n\t\t\t\t<div class=\"elementor-element elementor-element-f9d74e8 elementor-widget elementor-widget-spacer\" data-id=\"f9d74e8\" data-element_type=\"widget\" data-widget_type=\"spacer.default\">\n\t\t\t\t<div class=\"elementor-widget-container\">\n\t\t\t<style>\/*! elementor - v3.19.0 - 07-02-2024 *\/\n.elementor-column .elementor-spacer-inner{height:var(--spacer-size)}.e-con{--container-widget-width:100%}.e-con-inner>.elementor-widget-spacer,.e-con>.elementor-widget-spacer{width:var(--container-widget-width,var(--spacer-size));--align-self:var(--container-widget-align-self,initial);--flex-shrink:0}.e-con-inner>.elementor-widget-spacer>.elementor-widget-container,.e-con>.elementor-widget-spacer>.elementor-widget-container{height:100%;width:100%}.e-con-inner>.elementor-widget-spacer>.elementor-widget-container>.elementor-spacer,.e-con>.elementor-widget-spacer>.elementor-widget-container>.elementor-spacer{height:100%}.e-con-inner>.elementor-widget-spacer>.elementor-widget-container>.elementor-spacer>.elementor-spacer-inner,.e-con>.elementor-widget-spacer>.elementor-widget-container>.elementor-spacer>.elementor-spacer-inner{height:var(--container-widget-height,var(--spacer-size))}.e-con-inner>.elementor-widget-spacer.elementor-widget-empty,.e-con>.elementor-widget-spacer.elementor-widget-empty{position:relative;min-height:22px;min-width:22px}.e-con-inner>.elementor-widget-spacer.elementor-widget-empty .elementor-widget-empty-icon,.e-con>.elementor-widget-spacer.elementor-widget-empty .elementor-widget-empty-icon{position:absolute;top:0;bottom:0;left:0;right:0;margin:auto;padding:0;width:22px;height:22px}<\/style>\t\t<div class=\"elementor-spacer\">\n\t\t\t<div class=\"elementor-spacer-inner\"><\/div>\n\t\t<\/div>\n\t\t\t\t<\/div>\n\t\t\t\t<\/div>\n\t\t\t\t\t<\/div>\n\t\t\t\t<\/div>\n\t\t<div class=\"elementor-element elementor-element-f49800c e-flex e-con-boxed e-con e-parent\" data-id=\"f49800c\" data-element_type=\"container\" data-settings=\"{&quot;content_width&quot;:&quot;boxed&quot;}\" data-core-v316-plus=\"true\">\n\t\t\t\t\t<div class=\"e-con-inner\">\n\t\t<div class=\"elementor-element elementor-element-de6bc19 e-con-full e-flex e-con e-child\" data-id=\"de6bc19\" data-element_type=\"container\" data-settings=\"{&quot;content_width&quot;:&quot;full&quot;}\">\n\t\t\t\t<div class=\"elementor-element elementor-element-fb7af2b elementor-widget elementor-widget-text-editor\" data-id=\"fb7af2b\" data-element_type=\"widget\" data-widget_type=\"text-editor.default\">\n\t\t\t\t<div class=\"elementor-widget-container\">\n\t\t\t<style>\/*! elementor - v3.19.0 - 07-02-2024 *\/\n.elementor-widget-text-editor.elementor-drop-cap-view-stacked .elementor-drop-cap{background-color:#69727d;color:#fff}.elementor-widget-text-editor.elementor-drop-cap-view-framed .elementor-drop-cap{color:#69727d;border:3px solid;background-color:transparent}.elementor-widget-text-editor:not(.elementor-drop-cap-view-default) .elementor-drop-cap{margin-top:8px}.elementor-widget-text-editor:not(.elementor-drop-cap-view-default) .elementor-drop-cap-letter{width:1em;height:1em}.elementor-widget-text-editor .elementor-drop-cap{float:left;text-align:center;line-height:1;font-size:50px}.elementor-widget-text-editor .elementor-drop-cap-letter{display:inline-block}<\/style>\t\t\t\t<h1>DUBA\u0130 Vize Bilgileri<\/h1><div><div><div><div>D\u00fcnyan\u0131n Arap Yar\u0131m adas\u0131nda bulunan Birle\u015fik Arap Emirliklerinden biri olan Dubai her y\u00f6nden geli\u015fmi\u015f bir \u00fclkedir. K\u0131sa zamanda \u00fclke ekonomisi b\u00fcy\u00fck \u00f6l\u00e7\u00fcde kalk\u0131nm\u0131\u015ft\u0131r. Dubai T\u00fcrkiye gibi M\u00fcsl\u00fcman bir \u00fclkedir.<\/div><div>\u00a0<\/div><div>Dubai s\u0131cak \u00fclkelerden biridir. K\u0131\u015f\u0131n 10 C olan s\u0131cakl\u0131k yaz aylar\u0131nda ise 50 C seviyesine kadar ula\u015fmaktad\u0131r. Bu \u00fclkeyi ziyaret edenler Ekim ve Nisan aylar\u0131 aras\u0131n\u0131 tercih etmektedirler \u00e7\u00fcnk\u00fc bu aylarda s\u0131cakl\u0131k kusursuzdur.<\/div><div>\u00a0<\/div><div>Dubai\u2019nin n\u00fcfusu yakla\u015f\u0131k 2 milyon civar\u0131ndad\u0131r. Bu \u00fclkeye ticari ama\u00e7la i\u015f adamlar\u0131 olduk\u00e7a rehavet g\u00f6stermektedir.<\/div><div>\u00a0<\/div><div>Dubai\u2019de sosyal ya\u015famda \u00f6n plandad\u0131r. Ancak k\u0131yafet y\u00f6n\u00fcnden olduk\u00e7a titiz bir \u00fclkedir. E\u011flence mekanlar\u0131nda k\u0131yafet uygulamas\u0131 olduk\u00e7a s\u0131k\u0131 tutulmaktad\u0131r.<\/div><div>\u00a0<\/div><div>Bu \u00fclkeyi ziyaret eden turistlerin en dikkat \u00e7ekici \u00f6zelli\u011fi vurgulad\u0131\u011f\u0131 konu ise y\u00fcksek ve g\u00f6z kama\u015ft\u0131ran binalar\u0131d\u0131r. Fakat buraya gelen turistlerin ilk bulu\u015fma noktas\u0131 Dubai K\u00f6rfezidir. Bu k\u00f6rfezin \u00f6zelli\u011fi ise sular\u0131n \u015fehri ikiye b\u00f6lmesidir.<\/div><div>\u00a0<\/div><div>Dubai\u2019nin ba\u015fkenti Abu Dabi\u2019dir. T\u00fcrkiye ile bu \u00fclke aras\u0131ndaki u\u00e7ak ile mesafe 4 saat s\u00fcrmektedir.<\/div><div>\u00a0<\/div><div>\u00a0<\/div><\/div><\/div><div>\u00a0<\/div><\/div><div><div><h2>GEREKL\u0130 EVRAK L\u0130STES\u0130 \u2013\u00a0 DUBA\u0130<\/h2><\/div><\/div><div><div><ul><li style=\"line-height: 24px;\">\u00a0<\/li><li style=\"line-height: 24px;\"><span style=\"color: #888888; font-family: Poppins, sans-serif;\"><span style=\"font-size: 14.5px;\">Pasaport \/ En az\u00a0 1 y\u0131l s\u00fcresi olan\u00a0 ( Var ise eski pasaportlar )<\/span><\/span><\/li><li style=\"line-height: 24px;\"><span style=\"color: #888888; font-family: Poppins, sans-serif;\"><span style=\"font-size: 14.5px;\">-Pasaportun resimli \u00f6n y\u00fcz\u00fcn\u00fcn taramas\u0131<\/span><\/span><\/li><li style=\"line-height: 24px;\"><span style=\"color: #888888; font-family: Poppins, sans-serif;\"><span style=\"font-size: 14.5px;\">1 Adet resim ( arka fonu beyaz 3.5 mm 4.5 mm \u00f6l\u00e7\u00fclerinde )<\/span><\/span><\/li><li style=\"line-height: 24px;\"><span style=\"color: #888888; font-family: Poppins, sans-serif;\"><span style=\"font-size: 14.5px;\">\u2013 Resmin taramas\u0131<\/span><\/span><\/li><\/ul><div><div><b>____________________________________________________________________<\/b><\/div><div><b>\u00a0<\/b><\/div><div><b>Not:\u00a0 \u2013 Vize online olarak \u00e7\u0131kmaktad\u0131r. Evraklar\u0131n mail ortam\u0131nda g\u00f6nderilmesi yeterlidir.<\/b><\/div><div><b>\u2013 Vize Ka\u011f\u0131t \u00fczerine bas\u0131lmaktad\u0131r. 3 \u0130\u015f g\u00fcn\u00fcnde sonu\u00e7lanmaktad\u0131r.<\/b><\/div><div><b>\u2013 2 ay vize verilmekte olup vize 2 ay i\u00e7inde \u00fclkeye giri\u015f tarihinden sonra 30 g\u00fcn kal\u0131\u015f s\u00fcreci vard\u0131r.<\/b><\/div><div><b>\u00a0<\/b><\/div><h2><b>DUBA\u0130 V\u0130ZE MERKEZ\u0130 \u00c7ALI\u015eMA G\u00dcNLER\u0130<\/b><\/h2><\/div><div><div><div><div><div><div><div><div><div><span style=\"color: #888888; font-family: Poppins, sans-serif;\"><span style=\"font-size: 14.5px;\">Dubai Vize Merkezi \u2013 Pazartesi \u2013 Sal\u0131 \u2013 \u00c7ar\u015famba \u2013 Per\u015fembe \u2013 Pazar\u00a0 \u00a0G\u00fcnleri \u00e7al\u0131\u015fmaktad\u0131r.<\/span><\/span><\/div><\/div><\/div><\/div><\/div><\/div><\/div><\/div><\/div><\/div><\/div>\t\t\t\t\t\t<\/div>\n\t\t\t\t<\/div>\n\t\t\t\t<\/div>\n\t\t\t\t\t<\/div>\n\t\t\t\t<\/div>\n\t\t\t\t<\/div>\n\t\t","protected":false},"excerpt":{"rendered":"<p>DUBA\u0130 Vize Bilgileri D\u00fcnyan\u0131n Arap Yar\u0131m adas\u0131nda bulunan Birle\u015fik Arap Emirliklerinden biri olan Dubai her y\u00f6nden geli\u015fmi\u015f bir \u00fclkedir. K\u0131sa zamanda \u00fclke ekonomisi b\u00fcy\u00fck \u00f6l\u00e7\u00fcde kalk\u0131nm\u0131\u015ft\u0131r. Dubai T\u00fcrkiye gibi M\u00fcsl\u00fcman bir \u00fclkedir.\u00a0Dubai s\u0131cak \u00fclkelerden biridir. K\u0131\u015f\u0131n 10 C olan s\u0131cakl\u0131k yaz aylar\u0131nda ise 50 C seviyesine kadar ula\u015fmaktad\u0131r. Bu \u00fclkeyi ziyaret edenler Ekim ve Nisan&#8230;<\/p>\n","protected":false},"author":1,"featured_media":0,"parent":0,"menu_order":0,"comment_status":"closed","ping_status":"closed","template":"","meta":{"_kad_post_transparent":"","_kad_post_title":"hide","_kad_post_layout":"fullwidth","_kad_post_sidebar_id":"","_kad_post_content_style":"unboxed","_kad_post_vertical_padding":"hide","_kad_post_feature":"hide","_kad_post_feature_position":"","_kad_post_header":false,"_kad_post_footer":false,"footnotes":""},"_links":{"self":[{"href":"https:\/\/www.izcivize.com\/index.php?rest_route=\/wp\/v2\/pages\/1815"}],"collection":[{"href":"https:\/\/www.izcivize.com\/index.php?rest_route=\/wp\/v2\/pages"}],"about":[{"href":"https:\/\/www.izcivize.com\/index.php?rest_route=\/wp\/v2\/types\/page"}],"author":[{"embeddable":true,"href":"https:\/\/www.izcivize.com\/index.php?rest_route=\/wp\/v2\/users\/1"}],"replies":[{"embeddable":true,"href":"https:\/\/www.izcivize.com\/index.php?rest_route=%2Fwp%2Fv2%2Fcomments&post=1815"}],"version-history":[{"count":4,"href":"https:\/\/www.izcivize.com\/index.php?rest_route=\/wp\/v2\/pages\/1815\/revisions"}],"predecessor-version":[{"id":1821,"href":"https:\/\/www.izcivize.com\/index.php?rest_route=\/wp\/v2\/pages\/1815\/revisions\/1821"}],"wp:attachment":[{"href":"https:\/\/www.izcivize.com\/index.php?rest_route=%2Fwp%2Fv2%2Fmedia&parent=1815"}],"curies":[{"name":"wp","href":"https:\/\/api.w.org\/{rel}","templated":true}]}}