{"id":1768,"date":"2024-03-13T23:26:35","date_gmt":"2024-03-13T23:26:35","guid":{"rendered":"https:\/\/www.izcivize.com\/?page_id=1768"},"modified":"2024-03-13T23:37:10","modified_gmt":"2024-03-13T23:37:10","slug":"cin-vizesi","status":"publish","type":"page","link":"https:\/\/www.izcivize.com\/?page_id=1768","title":{"rendered":"\u00c7in Vizesi"},"content":{"rendered":"\t\t<div data-elementor-type=\"wp-page\" data-elementor-id=\"1768\" class=\"elementor elementor-1768\">\n\t\t\t\t<div class=\"elementor-element elementor-element-4ba5225 e-flex e-con-boxed e-con e-parent\" data-id=\"4ba5225\" data-element_type=\"container\" data-settings=\"{&quot;content_width&quot;:&quot;boxed&quot;}\" data-core-v316-plus=\"true\">\n\t\t\t\t\t<div class=\"e-con-inner\">\n\t\t\t\t\t<\/div>\n\t\t\t\t<\/div>\n\t\t<div class=\"elementor-element elementor-element-7bd0c33 e-con-full e-flex e-con e-parent\" data-id=\"7bd0c33\" data-element_type=\"container\" data-settings=\"{&quot;content_width&quot;:&quot;full&quot;,&quot;background_background&quot;:&quot;classic&quot;}\" data-core-v316-plus=\"true\">\n\t\t\t\t<\/div>\n\t\t<div class=\"elementor-element elementor-element-c4b8fde e-flex e-con-boxed e-con e-parent\" data-id=\"c4b8fde\" data-element_type=\"container\" data-settings=\"{&quot;content_width&quot;:&quot;boxed&quot;}\" data-core-v316-plus=\"true\">\n\t\t\t\t\t<div class=\"e-con-inner\">\n\t\t\t\t<div class=\"elementor-element elementor-element-f9d74e8 elementor-widget elementor-widget-spacer\" data-id=\"f9d74e8\" data-element_type=\"widget\" data-widget_type=\"spacer.default\">\n\t\t\t\t<div class=\"elementor-widget-container\">\n\t\t\t<style>\/*! elementor - v3.19.0 - 07-02-2024 *\/\n.elementor-column .elementor-spacer-inner{height:var(--spacer-size)}.e-con{--container-widget-width:100%}.e-con-inner>.elementor-widget-spacer,.e-con>.elementor-widget-spacer{width:var(--container-widget-width,var(--spacer-size));--align-self:var(--container-widget-align-self,initial);--flex-shrink:0}.e-con-inner>.elementor-widget-spacer>.elementor-widget-container,.e-con>.elementor-widget-spacer>.elementor-widget-container{height:100%;width:100%}.e-con-inner>.elementor-widget-spacer>.elementor-widget-container>.elementor-spacer,.e-con>.elementor-widget-spacer>.elementor-widget-container>.elementor-spacer{height:100%}.e-con-inner>.elementor-widget-spacer>.elementor-widget-container>.elementor-spacer>.elementor-spacer-inner,.e-con>.elementor-widget-spacer>.elementor-widget-container>.elementor-spacer>.elementor-spacer-inner{height:var(--container-widget-height,var(--spacer-size))}.e-con-inner>.elementor-widget-spacer.elementor-widget-empty,.e-con>.elementor-widget-spacer.elementor-widget-empty{position:relative;min-height:22px;min-width:22px}.e-con-inner>.elementor-widget-spacer.elementor-widget-empty .elementor-widget-empty-icon,.e-con>.elementor-widget-spacer.elementor-widget-empty .elementor-widget-empty-icon{position:absolute;top:0;bottom:0;left:0;right:0;margin:auto;padding:0;width:22px;height:22px}<\/style>\t\t<div class=\"elementor-spacer\">\n\t\t\t<div class=\"elementor-spacer-inner\"><\/div>\n\t\t<\/div>\n\t\t\t\t<\/div>\n\t\t\t\t<\/div>\n\t\t\t\t\t<\/div>\n\t\t\t\t<\/div>\n\t\t<div class=\"elementor-element elementor-element-f49800c e-flex e-con-boxed e-con e-parent\" data-id=\"f49800c\" data-element_type=\"container\" data-settings=\"{&quot;content_width&quot;:&quot;boxed&quot;}\" data-core-v316-plus=\"true\">\n\t\t\t\t\t<div class=\"e-con-inner\">\n\t\t<div class=\"elementor-element elementor-element-de6bc19 e-con-full e-flex e-con e-child\" data-id=\"de6bc19\" data-element_type=\"container\" data-settings=\"{&quot;content_width&quot;:&quot;full&quot;}\">\n\t\t\t\t<div class=\"elementor-element elementor-element-fb7af2b elementor-widget elementor-widget-text-editor\" data-id=\"fb7af2b\" data-element_type=\"widget\" data-widget_type=\"text-editor.default\">\n\t\t\t\t<div class=\"elementor-widget-container\">\n\t\t\t<style>\/*! elementor - v3.19.0 - 07-02-2024 *\/\n.elementor-widget-text-editor.elementor-drop-cap-view-stacked .elementor-drop-cap{background-color:#69727d;color:#fff}.elementor-widget-text-editor.elementor-drop-cap-view-framed .elementor-drop-cap{color:#69727d;border:3px solid;background-color:transparent}.elementor-widget-text-editor:not(.elementor-drop-cap-view-default) .elementor-drop-cap{margin-top:8px}.elementor-widget-text-editor:not(.elementor-drop-cap-view-default) .elementor-drop-cap-letter{width:1em;height:1em}.elementor-widget-text-editor .elementor-drop-cap{float:left;text-align:center;line-height:1;font-size:50px}.elementor-widget-text-editor .elementor-drop-cap-letter{display:inline-block}<\/style>\t\t\t\t<h1>\u00c7\u0130N Vize Bilgileri<\/h1><div><div><div>\u00c7in ortak k\u00fclt\u00fcre sahip bir \u00fclkedir. D\u00fcnyan\u0131n en eski medeniyetlerinden biri olan \u00c7in ayr\u0131ca d\u00fcnyan\u0131n \u00f6nemli ekonomik g\u00fc\u00e7lerinden biri haline gelmi\u015ftir.<\/div><div>\u00a0<\/div><div>\u00c7in\u2019de k\u0131\u015flar \u00e7ok so\u011fuk ve kuru ge\u00e7er fakat\u00a0 \u00f6zellikle ya\u011f\u0131\u015flar yaz aylar\u0131nda meydana gelmektedir. \u00dclkenin k\u0131\u015f aylar\u0131nda kuzeyi sert so\u011fuklar yapmaktad\u0131r. G\u00fcneyde ise k\u0131\u015f aylar\u0131nda \u0131l\u0131man bir iklime sahiptir.<\/div><div>\u00a0<\/div><div>\u00c7in Halk Cumhuriyeti yakla\u015f\u0131k 1,34 milyar n\u00fcfusu vard\u0131r. Bu n\u00fcfusun yar\u0131s\u0131 \u015fehirlerde ya\u015famaktad\u0131r. D\u00fcnyan\u0131n en kalabal\u0131k n\u00fcfusuna sahiptir. Halk\u0131n yar\u0131s\u0131ndan \u00e7o\u011fu fabrikalarda ve k\u0131y\u0131lardaki sanayi b\u00f6lgelerinde i\u015f hayatlar\u0131n\u0131 s\u00fcrd\u00fcrmektedir.<\/div><div>\u00a0<\/div><div>\u00c7in turist y\u00f6n\u00fcnden olduk\u00e7a zengin bir \u00fclkedir. Her y\u0131l 57 milyon turist taraf\u0131ndan ziyaret edilmektedir.<\/div><div>\u00a0<\/div><div>\u00c7in denince akla gelen ve \u00c7inin sembol\u00fc haline gelmi\u015f \u00c7\u0130N SEDD\u0130\u2019dir. \u00d6zellikle turistler taraf\u0131ndan olduk\u00e7a rehavet g\u00f6rmektedir. D\u00fcnyan\u0131n yedi harikas\u0131ndan biri olan \u00c7in Seddi insan g\u00fcc\u00fc ve insan eliyle yap\u0131lm\u0131\u015f en uzun savunma hatt\u0131d\u0131r ve uzaydan bak\u0131ld\u0131\u011f\u0131 zamanda g\u00f6r\u00fclebilmektedir. Bu dev yap\u0131n\u0131n uzunlu\u011fu 6 bin kilometre olarak in\u015fa edilmi\u015ftir fakat \u015fimdiki uzunlu\u011fu 2 bin 500 kilometredir.<\/div><div>\u00a0<\/div><div>\u00c7in Halk Cumhuriyetinin ba\u015fkenti Pekindir. T\u00fcrkiye ile bu \u00fclke aras\u0131ndaki u\u00e7ak ile mesafe 9 saat s\u00fcrmektedir.<\/div><\/div><div>\u00a0<\/div><\/div><div><div><h2><b>\u00c7\u0130N V\u0130ZES\u0130 TUR\u0130ST\u0130K EMEKL\u0130LER \u0130\u00c7\u0130N GEREKL\u0130 EVRAKLAR<\/b><\/h2><\/div><\/div><div><div><ul><li style=\"font-size: 14.5px; line-height: 24px; font-family: Poppins, sans-serif; color: #888888;\">Pasaport \/ En az\u00a0 1 y\u0131l s\u00fcresi olan\u00a0 ( Var ise eski pasaportlar )<\/li><li style=\"font-size: 14.5px; line-height: 24px; font-family: Poppins, sans-serif; color: #888888;\">2 Adet resim ( arka fonu beyaz 3.5 mm 4.5 mm \u00f6l\u00e7\u00fclerinde )<\/li><li style=\"font-size: 14.5px; line-height: 24px; font-family: Poppins, sans-serif; color: #888888;\">Konsoloslu\u011fa hitaben Dilek\u00e7e<\/li><li style=\"font-size: 14.5px; line-height: 24px; font-family: Poppins, sans-serif; color: #888888;\">Davetiye (\u00a0 \u00c7in\u2019deki yerel makamlardan al\u0131nan belediye onayl\u0131 orijinal olmas\u0131 gerekmektedir)<br \/>\u2013 \u00c7in\u2019den davet eden firman\u0131n antetli ka\u011f\u0131d\u0131na\u00a0 firma davet yaz\u0131s\u0131\u00a0 yazmas\u0131 gerekmektedir<\/li><li style=\"font-size: 14.5px; line-height: 24px; font-family: Poppins, sans-serif; color: #888888;\">Kurum \u00e7al\u0131\u015fma belgesi<\/li><li style=\"font-size: 14.5px; line-height: 24px; font-family: Poppins, sans-serif; color: #888888;\">Kurumdan al\u0131nan\u00a0 izin yaz\u0131s\u0131<\/li><li style=\"font-size: 14.5px; line-height: 24px; font-family: Poppins, sans-serif; color: #888888;\">Kurum g\u00f6rev kimlik kart\u0131n\u0131n arkal\u0131 \u00f6nl\u00fc fotokopisi<\/li><li style=\"font-size: 14.5px; line-height: 24px; font-family: Poppins, sans-serif; color: #888888;\">Son 3 ayl\u0131k maa\u015f bordrosu ( Kurumdan ka\u015feli imzal\u0131 )<\/li><li style=\"font-size: 14.5px; line-height: 24px; font-family: Poppins, sans-serif; color: #888888;\">Tam vukuatl\u0131 aile n\u00fcfus kay\u0131t \u00f6rne\u011fi \u2013 Yerle\u015fim yeri g\u00f6z\u00fcken\u00a0 ( e devlet \u00fczerinden al\u0131nabilir )<\/li><li style=\"font-size: 14.5px; line-height: 24px; font-family: Poppins, sans-serif; color: #888888;\">Kimlik fotokopisi<\/li><li style=\"font-size: 14.5px; line-height: 24px; font-family: Poppins, sans-serif; color: #888888;\">Adli sicil belgesi ( e devlet \u00fczerinden al\u0131nabilir )<\/li><li style=\"font-size: 14.5px; line-height: 24px; font-family: Poppins, sans-serif; color: #888888;\">ilk defa yurt d\u0131\u015f\u0131na \u00e7\u0131kanlar emniyetten al\u0131nan protokol yaz\u0131s\u0131 sunmak zorundad\u0131r<\/li><\/ul><div><b>NOT : TUR\u0130ST\u0130K V\u0130ZE BA\u015eVURULARI GRUP OLARAK YAPILMAKTADIR DAVET AYNI \u015eEK\u0130LDE \u015eARTTIR GRUP TUR\u0130ST V\u0130ZE BA\u015eVURULARI KONSOLOSLUK TARAFINDA PASAPORTA BASILMAYIP\u00a0 KA\u011eIT \u00dcZER\u0130NE TOPLU V\u0130ZE VER\u0130LMEKTED\u0130R.<\/b><\/div><h2>KAMU PERSONELLER\u0130 \u0130\u00c7\u0130N GEREKL\u0130 EVRAK L\u0130STES\u0130 \u2013 T\u0130CAR\u0130 \u2013 \u00c7\u0130N<\/h2><div><div><ul><li style=\"font-size: 14.5px; line-height: 24px; font-family: Poppins, sans-serif; color: #888888;\">Pasaport \/ En az\u00a0 1 y\u0131l s\u00fcresi olan\u00a0 ( Var ise eski pasaportlar )<\/li><li style=\"font-size: 14.5px; line-height: 24px; font-family: Poppins, sans-serif; color: #888888;\">2 Adet resim ( arka fonu beyaz 3.5 mm 4.5 mm \u00f6l\u00e7\u00fclerinde )<\/li><li style=\"font-size: 14.5px; line-height: 24px; font-family: Poppins, sans-serif; color: #888888;\">Konsoloslu\u011fa hitaben Dilek\u00e7e<\/li><li style=\"font-size: 14.5px; line-height: 24px; font-family: Poppins, sans-serif; color: #888888;\">Davetiye (\u00a0 \u00c7in\u2019deki yerel makamlardan al\u0131nan belediye onayl\u0131 orijinal olmas\u0131 gerekmektedir)<br \/>\u2013 \u00c7in\u2019den davet eden firman\u0131n antetli ka\u011f\u0131d\u0131na\u00a0 firma davet yaz\u0131s\u0131\u00a0 yazmas\u0131 gerekmektedir<\/li><li style=\"font-size: 14.5px; line-height: 24px; font-family: Poppins, sans-serif; color: #888888;\">Kurum \u00e7al\u0131\u015fma belgesi<\/li><li style=\"font-size: 14.5px; line-height: 24px; font-family: Poppins, sans-serif; color: #888888;\">Kurumdan al\u0131nan\u00a0 izin yaz\u0131s\u0131<\/li><li style=\"font-size: 14.5px; line-height: 24px; font-family: Poppins, sans-serif; color: #888888;\">Kurum g\u00f6rev kimlik kart\u0131n\u0131n arkal\u0131 \u00f6nl\u00fc fotokopisi<\/li><li style=\"font-size: 14.5px; line-height: 24px; font-family: Poppins, sans-serif; color: #888888;\">Son 3 ayl\u0131k maa\u015f bordrosu ( Kurumdan ka\u015feli imzal\u0131 )<\/li><li style=\"font-size: 14.5px; line-height: 24px; font-family: Poppins, sans-serif; color: #888888;\">Tam vukuatl\u0131 aile n\u00fcfus kay\u0131t \u00f6rne\u011fi \u2013 Yerle\u015fim yeri g\u00f6z\u00fcken\u00a0 ( e devlet \u00fczerinden al\u0131nabilir )<\/li><li style=\"font-size: 14.5px; line-height: 24px; font-family: Poppins, sans-serif; color: #888888;\">Kimlik fotokopisi<\/li><li style=\"font-size: 14.5px; line-height: 24px; font-family: Poppins, sans-serif; color: #888888;\">Adli sicil belgesi ( e devlet \u00fczerinden al\u0131nabilir )<\/li><li style=\"font-size: 14.5px; line-height: 24px; font-family: Poppins, sans-serif; color: #888888;\">ilk defa yurt d\u0131\u015f\u0131na \u00e7\u0131kanlar emniyetten al\u0131nan protokol yaz\u0131s\u0131 sunmak zorundad\u0131r<\/li><\/ul><div><span style=\"font-weight: bold;\">NOT : TUR\u0130ST\u0130K V\u0130ZE BA\u015eVURULARI GRUP OLARAK YAPILMAKTADIR DAVET AYNI \u015eEK\u0130LDE \u015eARTTIR GRUP TUR\u0130ST V\u0130ZE BA\u015eVURULARI KONSOLOSLUK TARAFINDA PASAPORTA BASILMAYIP\u00a0 KA\u011eIT \u00dcZER\u0130NE TOPLU V\u0130ZE VER\u0130LMEKTED\u0130R.<\/span><span style=\"color: #888888; font-family: Poppins, sans-serif;\"><span style=\"font-size: 14.5px;\"><br \/><\/span><\/span><\/div><h2>\u00d6\u011eRENC\u0130LER \u0130\u00c7\u0130N GEREKL\u0130 EVRAK L\u0130STES\u0130\u00a0 \u2013 T\u0130CAR\u0130 \u2013 \u00c7\u0130N<\/h2><div><div><ul><li style=\"font-size: 14.5px; line-height: 24px; font-family: Poppins, sans-serif; color: #888888;\">Pasaport \/ En az\u00a0 1 y\u0131l s\u00fcresi olan\u00a0 ( Var ise eski pasaportlar )<\/li><li style=\"font-size: 14.5px; line-height: 24px; font-family: Poppins, sans-serif; color: #888888;\">2 Adet resim ( arka fonu beyaz 3.5 mm 4.5 mm \u00f6l\u00e7\u00fclerinde )<\/li><li style=\"font-size: 14.5px; line-height: 24px; font-family: Poppins, sans-serif; color: #888888;\">\u00d6\u011frenci belgesi asl\u0131<\/li><li style=\"font-size: 14.5px; line-height: 24px; font-family: Poppins, sans-serif; color: #888888;\">Konsoloslu\u011fa hitaben Dilek\u00e7e<\/li><li style=\"font-size: 14.5px; line-height: 24px; font-family: Poppins, sans-serif; color: #888888;\">Davetiye (\u00a0 \u00c7in\u2019deki yerel makamlardan al\u0131nan belediye onayl\u0131 orijinal olmas\u0131 gerekmektedir)<br \/>\u2013 \u00c7in\u2019den davet eden firman\u0131n antetli ka\u011f\u0131d\u0131na\u00a0 firma davet yaz\u0131s\u0131\u00a0 yazmas\u0131 gerekmektedir<\/li><li style=\"font-size: 14.5px; line-height: 24px; font-family: Poppins, sans-serif; color: #888888;\">Aile bireylerinden anne veya baban\u0131n ayl\u0131k gelirini beyan eden evraklar ve \u00f6\u011frencinin oradaki masraflar\u0131n\u0131 kar\u015f\u0131layaca\u011f\u0131na dair varsa tapu, ara\u00e7 ruhsat\u0131 gayrimenkule ait evraklar<\/li><li style=\"font-size: 14.5px; line-height: 24px; font-family: Poppins, sans-serif; color: #888888;\">Tam vukuatl\u0131 aile n\u00fcfus kay\u0131t \u00f6rne\u011fi \u2013 Yerle\u015fim yeri g\u00f6z\u00fcken\u00a0 ( e devlet \u00fczerinden al\u0131nabilir )<\/li><li style=\"font-size: 14.5px; line-height: 24px; font-family: Poppins, sans-serif; color: #888888;\">18 ya\u015f dolmam\u0131\u015f \u00f6\u011frenciler ise anne babadan seyahat edebilmesi i\u00e7in noterden muvafakatname asl\u0131<\/li><li style=\"font-size: 14.5px; line-height: 24px; font-family: Poppins, sans-serif; color: #888888;\">Kimlik fotokopisi<\/li><li style=\"font-size: 14.5px; line-height: 24px; font-family: Poppins, sans-serif; color: #888888;\">Adli sicil belgesi ( e devlet \u00fczerinden al\u0131nabilir )<\/li><li style=\"font-size: 14.5px; line-height: 24px; font-family: Poppins, sans-serif; color: #888888;\">ilk defa yurt d\u0131\u015f\u0131na \u00e7\u0131kanlar emniyetten al\u0131nan protokol yaz\u0131s\u0131 sunmak zorundad\u0131r<\/li><\/ul><div><span style=\"color: #888888; font-family: Poppins, sans-serif;\"><span style=\"font-size: 14.5px;\">NOT : TUR\u0130ST\u0130K V\u0130ZE BA\u015eVURULARI GRUP OLARAK YAPILMAKTADIR DAVET AYNI \u015eEK\u0130LDE \u015eARTTIR GRUP TUR\u0130ST V\u0130ZE BA\u015eVURULARI KONSOLOSLUK TARAFINDA PASAPORTA BASILMAYIP\u00a0 KA\u011eIT \u00dcZER\u0130NE TOPLU V\u0130ZE VER\u0130LMEKTED\u0130R<\/span><br \/><\/span><\/div><div><span style=\"color: #888888; font-family: Poppins, sans-serif;\"><span style=\"font-size: 14.5px;\">\u00a0<\/span><\/span><\/div><h2>\u015e\u0130RKET \u00c7ALI\u015eANLARI \u0130\u00c7\u0130N GEREKL\u0130 EVRAK L\u0130STES\u0130 \u2013 T\u0130CAR\u0130 \u2013 \u00c7\u0130N<\/h2><div><div><ul><li style=\"font-size: 14.5px; line-height: 24px; font-family: Poppins, sans-serif; color: #888888;\">Pasaport \/ En az\u00a0 1 y\u0131l s\u00fcresi olan\u00a0 ( Var ise eski pasaportlar )<\/li><li style=\"font-size: 14.5px; line-height: 24px; font-family: Poppins, sans-serif; color: #888888;\">2 Adet resim ( arka fonu beyaz 3.5 mm 4.5 mm \u00f6l\u00e7\u00fclerinde )<\/li><li style=\"font-size: 14.5px; line-height: 24px; font-family: Poppins, sans-serif; color: #888888;\">\u015eirket antetli ka\u011f\u0131d\u0131na yaz\u0131lm\u0131\u015f olan konsoloslu\u011fa hitaben dilek\u00e7e<\/li><li style=\"font-size: 14.5px; line-height: 24px; font-family: Poppins, sans-serif; color: #888888;\">Davetiye (\u00a0 \u00c7in\u2019deki yerel makamlardan al\u0131nan belediye onayl\u0131 orijinal olmas\u0131 gerekmektedir)<br \/>\u2013 \u00c7in\u2019den davet eden firman\u0131n antetli ka\u011f\u0131d\u0131na\u00a0 firma davet yaz\u0131s\u0131\u00a0 yazmas\u0131 gerekmektedir<\/li><li style=\"font-size: 14.5px; line-height: 24px; font-family: Poppins, sans-serif; color: #888888;\">\u015eirket oda sicil kay\u0131t sureti ( Son 6 aydan eski olmayan )<\/li><li style=\"font-size: 14.5px; line-height: 24px; font-family: Poppins, sans-serif; color: #888888;\">Faaliyet belgesi ( Son 6 aydan eski olmayan )<\/li><li style=\"font-size: 14.5px; line-height: 24px; font-family: Poppins, sans-serif; color: #888888;\">Vergi levhas\u0131<\/li><li style=\"font-size: 14.5px; line-height: 24px; font-family: Poppins, sans-serif; color: #888888;\">\u0130mza sirk\u00fcs\u00fc<\/li><li style=\"font-size: 14.5px; line-height: 24px; font-family: Poppins, sans-serif; color: #888888;\">Ticaret Sicil Gazetesi<\/li><li style=\"font-size: 14.5px; line-height: 24px; font-family: Poppins, sans-serif; color: #888888;\">Ssk i\u015fe giri\u015f bildirgesi<\/li><li style=\"font-size: 14.5px; line-height: 24px; font-family: Poppins, sans-serif; color: #888888;\">Son 3 ayl\u0131k maa\u015f bordrosu ( \u015eirketten ka\u015feli imzal\u0131 )<\/li><li style=\"font-size: 14.5px; line-height: 24px; font-family: Poppins, sans-serif; color: #888888;\">Sgk hizmet d\u00f6k\u00fcm\u00fc ( e devlet \u00fczerinden al\u0131nabilir )<\/li><li style=\"font-size: 14.5px; line-height: 24px; font-family: Poppins, sans-serif; color: #888888;\">Tam vukuatl\u0131 aile n\u00fcfus kay\u0131t \u00f6rne\u011fi \u2013 Yerle\u015fim yeri g\u00f6z\u00fcken\u00a0 ( e devlet \u00fczerinden al\u0131nabilir )<\/li><li style=\"font-size: 14.5px; line-height: 24px; font-family: Poppins, sans-serif; color: #888888;\">Kimlik fotokopisi<\/li><li style=\"font-size: 14.5px; line-height: 24px; font-family: Poppins, sans-serif; color: #888888;\">Adli sicil belgesi ( e devlet \u00fczerinden al\u0131nabilir )<\/li><li style=\"font-size: 14.5px; line-height: 24px; font-family: Poppins, sans-serif; color: #888888;\">ilk defa yurt d\u0131\u015f\u0131na \u00e7\u0131kanlar emniyetten al\u0131nan protokol yaz\u0131s\u0131 sunmak zorundad\u0131r<\/li><\/ul><div><span style=\"color: #888888; font-family: Poppins, sans-serif;\"><span style=\"font-size: 14.5px;\">NOT : TUR\u0130ST\u0130K V\u0130ZE BA\u015eVURULARI GRUP OLARAK YAPILMAKTADIR DAVET AYNI \u015eEK\u0130LDE \u015eARTTIR GRUP TUR\u0130ST V\u0130ZE BA\u015eVURULARI KONSOLOSLUK TARAFINDA PASAPORTA BASILMAYIP\u00a0 KA\u011eIT \u00dcZER\u0130NE TOPLU V\u0130ZE VER\u0130LMEKTED\u0130R<\/span><br \/><\/span><\/div><h2>\u015e\u0130RKET SAH\u0130PLER\u0130 \u0130\u00c7\u0130N GEREKL\u0130 EVRAK L\u0130STES\u0130 \u2013 T\u0130CAR\u0130 \u2013 \u00c7\u0130N<\/h2><div><div><ul><li style=\"font-size: 14.5px; line-height: 24px; font-family: Poppins, sans-serif; color: #888888;\">Pasaport \/ En az\u00a0 1 y\u0131l s\u00fcresi olan\u00a0 ( Var ise eski pasaportlar )<\/li><li style=\"font-size: 14.5px; line-height: 24px; font-family: Poppins, sans-serif; color: #888888;\">2 Adet resim ( arka fonu beyaz 3.5 mm 4.5 mm \u00f6l\u00e7\u00fclerinde )<\/li><li style=\"font-size: 14.5px; line-height: 24px; font-family: Poppins, sans-serif; color: #888888;\">\u015eirket antetli ka\u011f\u0131d\u0131na yaz\u0131lm\u0131\u015f olan konsoloslu\u011fa hitaben dilek\u00e7e<\/li><li style=\"font-size: 14.5px; line-height: 24px; font-family: Poppins, sans-serif; color: #888888;\">Davetiye (\u00a0 \u00c7in\u2019deki yerel makamlardan al\u0131nan belediye onayl\u0131 orijinal olmas\u0131 gerekmektedir)<br \/>\u2013 \u00c7in\u2019den davet eden firman\u0131n antetli ka\u011f\u0131d\u0131na\u00a0 firma davet yaz\u0131s\u0131\u00a0 yazmas\u0131 gerekmektedir<\/li><li style=\"font-size: 14.5px; line-height: 24px; font-family: Poppins, sans-serif; color: #888888;\">\u015eirket oda sicil kay\u0131t sureti ( Son 6 aydan eski olmayan )<\/li><li style=\"font-size: 14.5px; line-height: 24px; font-family: Poppins, sans-serif; color: #888888;\">Faaliyet belgesi ( Son 6 aydan eski olmayan )<\/li><li style=\"font-size: 14.5px; line-height: 24px; font-family: Poppins, sans-serif; color: #888888;\">Vergi levhas\u0131<\/li><li style=\"font-size: 14.5px; line-height: 24px; font-family: Poppins, sans-serif; color: #888888;\">\u0130mza s\u00fcrk\u00fcs\u00fc<\/li><li style=\"font-size: 14.5px; line-height: 24px; font-family: Poppins, sans-serif; color: #888888;\">Ticaret Sicil Gazetesi<\/li><li style=\"font-size: 14.5px; line-height: 24px; font-family: Poppins, sans-serif; color: #888888;\">Ba\u011fkur D\u00f6k\u00fcm\u00fc ( e devlet \u00fczerinden al\u0131nabilir )<\/li><li style=\"font-size: 14.5px; line-height: 24px; font-family: Poppins, sans-serif; color: #888888;\">Tam vukuatl\u0131 aile n\u00fcfus kay\u0131t \u00f6rne\u011fi \u2013 Yerle\u015fim yeri g\u00f6z\u00fcken\u00a0 ( e devlet \u00fczerinden al\u0131nabilir )<\/li><li style=\"font-size: 14.5px; line-height: 24px; font-family: Poppins, sans-serif; color: #888888;\">Kimlik fotokopisi<\/li><li style=\"font-size: 14.5px; line-height: 24px; font-family: Poppins, sans-serif; color: #888888;\">Adli sicil belgesi ( e devlet \u00fczerinden al\u0131nabilir )<\/li><li style=\"font-size: 14.5px; line-height: 24px; font-family: Poppins, sans-serif; color: #888888;\">ilk defa yurt d\u0131\u015f\u0131na \u00e7\u0131kanlar emniyetten al\u0131nan protokol yaz\u0131s\u0131 sunmak zorundad\u0131r<\/li><\/ul><div><span style=\"color: #888888; font-family: Poppins, sans-serif;\"><span style=\"font-size: 14.5px;\">NOT : TUR\u0130ST\u0130K V\u0130ZE BA\u015eVURULARI GRUP OLARAK YAPILMAKTADIR DAVET AYNI \u015eEK\u0130LDE \u015eARTTIR GRUP TUR\u0130ST V\u0130ZE BA\u015eVURULARI KONSOLOSLUK TARAFINDA PASAPORTA BASILMAYIP\u00a0 KA\u011eIT \u00dcZER\u0130NE TOPLU V\u0130ZE VER\u0130LMEKTED\u0130R<\/span><br \/><\/span><\/div><\/div><\/div><\/div><\/div><\/div><\/div><\/div><\/div><\/div><\/div>\t\t\t\t\t\t<\/div>\n\t\t\t\t<\/div>\n\t\t\t\t<\/div>\n\t\t\t\t\t<\/div>\n\t\t\t\t<\/div>\n\t\t\t\t<\/div>\n\t\t","protected":false},"excerpt":{"rendered":"<p>\u00c7\u0130N Vize Bilgileri \u00c7in ortak k\u00fclt\u00fcre sahip bir \u00fclkedir. D\u00fcnyan\u0131n en eski medeniyetlerinden biri olan \u00c7in ayr\u0131ca d\u00fcnyan\u0131n \u00f6nemli ekonomik g\u00fc\u00e7lerinden biri haline gelmi\u015ftir.\u00a0\u00c7in\u2019de k\u0131\u015flar \u00e7ok so\u011fuk ve kuru ge\u00e7er fakat\u00a0 \u00f6zellikle ya\u011f\u0131\u015flar yaz aylar\u0131nda meydana gelmektedir. \u00dclkenin k\u0131\u015f aylar\u0131nda kuzeyi sert so\u011fuklar yapmaktad\u0131r. G\u00fcneyde ise k\u0131\u015f aylar\u0131nda \u0131l\u0131man bir iklime sahiptir.\u00a0\u00c7in Halk Cumhuriyeti yakla\u015f\u0131k&#8230;<\/p>\n","protected":false},"author":1,"featured_media":0,"parent":0,"menu_order":0,"comment_status":"closed","ping_status":"closed","template":"","meta":{"_kad_post_transparent":"","_kad_post_title":"hide","_kad_post_layout":"fullwidth","_kad_post_sidebar_id":"","_kad_post_content_style":"unboxed","_kad_post_vertical_padding":"hide","_kad_post_feature":"hide","_kad_post_feature_position":"","_kad_post_header":false,"_kad_post_footer":false,"footnotes":""},"_links":{"self":[{"href":"https:\/\/www.izcivize.com\/index.php?rest_route=\/wp\/v2\/pages\/1768"}],"collection":[{"href":"https:\/\/www.izcivize.com\/index.php?rest_route=\/wp\/v2\/pages"}],"about":[{"href":"https:\/\/www.izcivize.com\/index.php?rest_route=\/wp\/v2\/types\/page"}],"author":[{"embeddable":true,"href":"https:\/\/www.izcivize.com\/index.php?rest_route=\/wp\/v2\/users\/1"}],"replies":[{"embeddable":true,"href":"https:\/\/www.izcivize.com\/index.php?rest_route=%2Fwp%2Fv2%2Fcomments&post=1768"}],"version-history":[{"count":4,"href":"https:\/\/www.izcivize.com\/index.php?rest_route=\/wp\/v2\/pages\/1768\/revisions"}],"predecessor-version":[{"id":1774,"href":"https:\/\/www.izcivize.com\/index.php?rest_route=\/wp\/v2\/pages\/1768\/revisions\/1774"}],"wp:attachment":[{"href":"https:\/\/www.izcivize.com\/index.php?rest_route=%2Fwp%2Fv2%2Fmedia&parent=1768"}],"curies":[{"name":"wp","href":"https:\/\/api.w.org\/{rel}","templated":true}]}}