{"id":1752,"date":"2024-03-13T23:17:44","date_gmt":"2024-03-13T23:17:44","guid":{"rendered":"https:\/\/www.izcivize.com\/?page_id=1752"},"modified":"2024-03-13T23:46:35","modified_gmt":"2024-03-13T23:46:35","slug":"cek-cumhuriyeti-vizesi","status":"publish","type":"page","link":"https:\/\/www.izcivize.com\/?page_id=1752","title":{"rendered":"\u00c7ek Cumhuriyeti Vizesi"},"content":{"rendered":"\t\t<div data-elementor-type=\"wp-page\" data-elementor-id=\"1752\" class=\"elementor elementor-1752\">\n\t\t\t\t<div class=\"elementor-element elementor-element-4ba5225 e-flex e-con-boxed e-con e-parent\" data-id=\"4ba5225\" data-element_type=\"container\" data-settings=\"{&quot;content_width&quot;:&quot;boxed&quot;}\" data-core-v316-plus=\"true\">\n\t\t\t\t\t<div class=\"e-con-inner\">\n\t\t\t\t\t<\/div>\n\t\t\t\t<\/div>\n\t\t<div class=\"elementor-element elementor-element-7bd0c33 e-con-full e-flex e-con e-parent\" data-id=\"7bd0c33\" data-element_type=\"container\" data-settings=\"{&quot;content_width&quot;:&quot;full&quot;,&quot;background_background&quot;:&quot;classic&quot;}\" data-core-v316-plus=\"true\">\n\t\t\t\t<\/div>\n\t\t<div class=\"elementor-element elementor-element-c4b8fde e-flex e-con-boxed e-con e-parent\" data-id=\"c4b8fde\" data-element_type=\"container\" data-settings=\"{&quot;content_width&quot;:&quot;boxed&quot;}\" data-core-v316-plus=\"true\">\n\t\t\t\t\t<div class=\"e-con-inner\">\n\t\t\t\t<div class=\"elementor-element elementor-element-f9d74e8 elementor-widget elementor-widget-spacer\" data-id=\"f9d74e8\" data-element_type=\"widget\" data-widget_type=\"spacer.default\">\n\t\t\t\t<div class=\"elementor-widget-container\">\n\t\t\t<style>\/*! elementor - v3.19.0 - 07-02-2024 *\/\n.elementor-column .elementor-spacer-inner{height:var(--spacer-size)}.e-con{--container-widget-width:100%}.e-con-inner>.elementor-widget-spacer,.e-con>.elementor-widget-spacer{width:var(--container-widget-width,var(--spacer-size));--align-self:var(--container-widget-align-self,initial);--flex-shrink:0}.e-con-inner>.elementor-widget-spacer>.elementor-widget-container,.e-con>.elementor-widget-spacer>.elementor-widget-container{height:100%;width:100%}.e-con-inner>.elementor-widget-spacer>.elementor-widget-container>.elementor-spacer,.e-con>.elementor-widget-spacer>.elementor-widget-container>.elementor-spacer{height:100%}.e-con-inner>.elementor-widget-spacer>.elementor-widget-container>.elementor-spacer>.elementor-spacer-inner,.e-con>.elementor-widget-spacer>.elementor-widget-container>.elementor-spacer>.elementor-spacer-inner{height:var(--container-widget-height,var(--spacer-size))}.e-con-inner>.elementor-widget-spacer.elementor-widget-empty,.e-con>.elementor-widget-spacer.elementor-widget-empty{position:relative;min-height:22px;min-width:22px}.e-con-inner>.elementor-widget-spacer.elementor-widget-empty .elementor-widget-empty-icon,.e-con>.elementor-widget-spacer.elementor-widget-empty .elementor-widget-empty-icon{position:absolute;top:0;bottom:0;left:0;right:0;margin:auto;padding:0;width:22px;height:22px}<\/style>\t\t<div class=\"elementor-spacer\">\n\t\t\t<div class=\"elementor-spacer-inner\"><\/div>\n\t\t<\/div>\n\t\t\t\t<\/div>\n\t\t\t\t<\/div>\n\t\t\t\t\t<\/div>\n\t\t\t\t<\/div>\n\t\t<div class=\"elementor-element elementor-element-f49800c e-flex e-con-boxed e-con e-parent\" data-id=\"f49800c\" data-element_type=\"container\" data-settings=\"{&quot;content_width&quot;:&quot;boxed&quot;}\" data-core-v316-plus=\"true\">\n\t\t\t\t\t<div class=\"e-con-inner\">\n\t\t<div class=\"elementor-element elementor-element-de6bc19 e-con-full e-flex e-con e-child\" data-id=\"de6bc19\" data-element_type=\"container\" data-settings=\"{&quot;content_width&quot;:&quot;full&quot;}\">\n\t\t\t\t<div class=\"elementor-element elementor-element-fb7af2b elementor-widget elementor-widget-text-editor\" data-id=\"fb7af2b\" data-element_type=\"widget\" data-widget_type=\"text-editor.default\">\n\t\t\t\t<div class=\"elementor-widget-container\">\n\t\t\t<style>\/*! elementor - v3.19.0 - 07-02-2024 *\/\n.elementor-widget-text-editor.elementor-drop-cap-view-stacked .elementor-drop-cap{background-color:#69727d;color:#fff}.elementor-widget-text-editor.elementor-drop-cap-view-framed .elementor-drop-cap{color:#69727d;border:3px solid;background-color:transparent}.elementor-widget-text-editor:not(.elementor-drop-cap-view-default) .elementor-drop-cap{margin-top:8px}.elementor-widget-text-editor:not(.elementor-drop-cap-view-default) .elementor-drop-cap-letter{width:1em;height:1em}.elementor-widget-text-editor .elementor-drop-cap{float:left;text-align:center;line-height:1;font-size:50px}.elementor-widget-text-editor .elementor-drop-cap-letter{display:inline-block}<\/style>\t\t\t\t<h1>\u00c7EK CUMHUR\u0130YET\u0130 Vize Bilgileri<\/h1><div><div>Avrupa Birli\u011fine ba\u011fl\u0131 olan \u00c7ek Cumhuriyeti sanayiye dayal\u0131 bir ekonomi izlemektedir. Baz\u0131 \u00fclkeler makine ve kimyevi madde ihtiya\u00e7lar\u0131n\u0131n b\u00fcy\u00fck bir k\u0131sm\u0131n\u0131 bu \u00fclkeden kar\u015f\u0131lamaktad\u0131r.<\/div><div>\u00a0<\/div><div>\u00c7ek Cumhuriyeti so\u011fuk bir \u00fclkedir. K\u0131\u015f\u0131n bu \u00fclkede s\u0131cakl\u0131k 0 C alt\u0131ndad\u0131r. Yazlar\u0131 ise a\u015f\u0131r\u0131 s\u0131cak olmamas\u0131 nedeniyle serin ge\u00e7mektedir.<\/div><div>\u00a0<\/div><div>\u00c7ek Cumhuriyeti n\u00fcfusu 11 milyon civar\u0131ndad\u0131r. N\u00fcfusun belirli k\u0131sm\u0131 k\u00f6ylerde ya\u015famaktad\u0131r. Halk bu \u00fclkede \u00e7ek\u00e7e konu\u015fmaktad\u0131r.<\/div><div>\u00a0<\/div><div>\u00c7ek Cumhuriyet halk\u0131 m\u00fczi\u011fe olan d\u00fc\u015fk\u00fcnl\u00fc\u011f\u00fc ile me\u015fhurdur. G\u00fcn\u00fcn her saatinde \u00e7evrelerde m\u00fczik sesi eksik olmaz. \u00dclkenin milli sporu ise Buz Hokeyi\u2019dir.<\/div><div>\u00a0<\/div><div>\u00c7ek Cumhuriyeti turistler taraf\u0131ndan s\u0131kl\u0131kla ziyaret edilen \u00fclkelerden biridir. Turistlerin en \u00e7ok rehavet g\u00f6sterdi\u011fi ve \u00fclkenin simgesi haline gelmi\u015f olan Prag\u2019da bulunan CHARLES K\u00f6pr\u00fcs\u00fcd\u00fcr. Bu k\u00f6pr\u00fc eski tarihlerde \u015f\u00f6valyelerin m\u00fccadelesi i\u00e7in in\u015fa edilmi\u015ftir. G\u00fcn\u00fcm\u00fczde k\u00f6pr\u00fcn\u00fcn \u00fcst\u00fcnde ressam,m\u00fczisyen ve hediyelik e\u015fya satanlar\u0131 bulmak m\u00fcmk\u00fcnd\u00fcr.<\/div><div>\u00a0<\/div><div>\u00c7ek Cumhuriyeti ba\u015fkenti Prag\u2019d\u0131r. T\u00fcrkiye ile bu \u00fclke aras\u0131ndaki u\u00e7ak ile mesafe 3 saat s\u00fcrmektedir.<\/div><div>\u00a0<\/div><\/div><div><div><div><b style=\"color: var( --e-global-color-text ); font-family: var( --e-global-typography-text-font-family ), Sans-serif; text-align: var(--text-align); background-color: transparent;\">\u00a0<\/b><span style=\"text-align: var(--text-align); background-color: transparent; font-size: 28px;\"><span style=\"color: #1a202c;\"><b>EMEKL\u0130LER \u0130\u00c7\u0130N GEREKL\u0130 EVRAK L\u0130STES\u0130 ( SCHENGEN )\u00a0 A\u0130LE Z\u0130YARET\u0130 \u2013 \u00c7EK CUMHUR\u0130YET\u0130<\/b><\/span><\/span><\/div><\/div><\/div><div><div><ul><li><b>Pasaport\u00a0 \/\u00a0 En az 1 y\u0131l s\u00fcresi olan\u00a0 ( Var ise eski pasaportlar )<\/b><\/li><li><b>2 Adet resim ( arka fonu beyaz 3.5 mm 4.5 mm \u00f6l\u00e7\u00fclerinde )<\/b><\/li><li><b>Konsoloslu\u011fa hitaben Dilek\u00e7e<\/b><\/li><li><b>Davetiye ( Asl\u0131 )<\/b><\/li><li><b>Emekli c\u00fczdan\u0131 ( emekli c\u00fczdan\u0131 yok ise emekli sand\u0131\u011f\u0131ndan veya emekli oldu\u011fu kurumdan yaz\u0131 )<\/b><\/li><li><b>Emekli maa\u015f ald\u0131\u011f\u0131 bankadan hesap d\u00f6k\u00fcm\u00fc<\/b><\/li><li><b>\u015eahsi banka hesap hareketleri ( g\u00fcncel bakiyesi olan banka taraf\u0131ndan ka\u015feli imzal\u0131 )<\/b><\/li><li><b>Tapu, ara\u00e7 ruhsat\u0131, arsa, gayrimenkule ait evraklar ( var ise )<\/b><\/li><li><b>Tam vukuatl\u0131 aile n\u00fcfus kay\u0131t \u00f6rne\u011fi \u2013 Yerle\u015fim yeri g\u00f6z\u00fcken\u00a0 ( e devlet \u00fczerinden al\u0131nabilir )<\/b><\/li><li><b>Kimlik fotokopisi<\/b><\/li><li><b>30.000 \u20ac teminatl\u0131 seyahat sa\u011fl\u0131k sigortas\u0131 ( \u015firketimiz taraf\u0131ndan yap\u0131lmaktad\u0131r )<\/b><\/li><\/ul><h2>KAMU PERSONELLER\u0130 \u0130\u00c7\u0130N GEREKL\u0130 EVRAK L\u0130STES\u0130 ( SCHENGEN )\u00a0 A\u0130LE Z\u0130YARET\u0130 \u2013 \u00c7EK CUMHUR\u0130YET\u0130<\/h2><div><div><ul><li><b>Pasaport \/ En az\u00a0 1 y\u0131l s\u00fcresi olan\u00a0 ( Var ise eski pasaportlar )<\/b><\/li><li><b>2 Adet resim ( arka fonu beyaz 3.5 mm 4.5 mm \u00f6l\u00e7\u00fclerinde )<\/b><\/li><li><b>Konsoloslu\u011fa hitaben Dilek\u00e7e<\/b><\/li><li><b>Davetiye ( Asl\u0131 )<\/b><\/li><li><b>Kurum \u00e7al\u0131\u015fma belgesi<\/b><\/li><li><b>Kurumdan al\u0131nan\u00a0 izin yaz\u0131s\u0131<\/b><\/li><li><b>Kurum g\u00f6rev kimlik kart\u0131n\u0131n arkal\u0131 \u00f6nl\u00fc fotokopisi<\/b><\/li><li><b>Son 3 ayl\u0131k maa\u015f bordrosu ( Kurumdan ka\u015feli imzal\u0131 )<\/b><\/li><li><b>\u015eahsi banka hesap hareketleri ( g\u00fcncel bakiyesi olan banka taraf\u0131ndan ka\u015feli imzal\u0131 )<\/b><\/li><li><b>Tapu, ara\u00e7 ruhsat\u0131, arsa, gayrimenkule ait evraklar ( var ise )<\/b><\/li><li><b>Tam vukuatl\u0131 aile n\u00fcfus kay\u0131t \u00f6rne\u011fi \u2013 Yerle\u015fim yeri g\u00f6z\u00fcken\u00a0 ( e devlet \u00fczerinden al\u0131nabilir )<\/b><\/li><li><b>Kimlik fotokopisi<\/b><\/li><li><b>Otel u\u00e7ak rezervasyonu<\/b><\/li><li><b>30.000 \u20ac teminatl\u0131 seyahat sa\u011fl\u0131k sigortas\u0131 ( \u015firketimiz taraf\u0131ndan yap\u0131lmaktad\u0131r )<\/b><\/li><\/ul><h2>\u00d6\u011eRENC\u0130LER \u0130\u00c7\u0130N GEREKL\u0130 EVRAK L\u0130STES\u0130 ( SCHENGEN )\u00a0 A\u0130LE Z\u0130YARET\u0130 \u2013 \u00c7EK CUMHUR\u0130YET\u0130<\/h2><div><div><ul><li><b>Pasaport \/ En az\u00a0 1 y\u0131l s\u00fcresi olan\u00a0 ( Var ise eski pasaportlar )<\/b><\/li><li><b>2 Adet resim ( arka fonu beyaz 3.5 mm 4.5 mm \u00f6l\u00e7\u00fclerinde )<\/b><\/li><li><b>Konsoloslu\u011fa hitaben Dilek\u00e7e<\/b><\/li><li><b>Davetiye ( Asl\u0131 )<\/b><\/li><li><b>\u00d6\u011frenci belgesi asl\u0131<\/b><\/li><li><b>Aile bireylerinden anne veya baban\u0131n ayl\u0131k gelirini beyan eden evraklar ve \u00f6\u011frencinin oradaki masraflar\u0131n\u0131 kar\u015f\u0131layaca\u011f\u0131na dair varsa tapu, ara\u00e7 ruhsat\u0131 gayrimenkule ait evraklar<\/b><\/li><li><b>\u015eahsi banka hesap hareketleri ( g\u00fcncel bakiyesi olan banka taraf\u0131ndan ka\u015feli imzal\u0131 )<\/b><\/li><li><b>Tapu, ara\u00e7 ruhsat\u0131, arsa, gayrimenkule ait evraklar ( var ise )<\/b><\/li><li><b>Tam vukuatl\u0131 aile n\u00fcfus kay\u0131t \u00f6rne\u011fi \u2013 Yerle\u015fim yeri g\u00f6z\u00fcken\u00a0 ( e devlet \u00fczerinden al\u0131nabilir )<\/b><\/li><li><b>18 ya\u015f dolmam\u0131\u015f \u00f6\u011frenciler ise anne babadan seyahat edebilmesi i\u00e7in noterden muvafakatname asl\u0131<\/b><\/li><li><b>Kimlik fotokopisi<\/b><\/li><li><b>Otel u\u00e7ak rezervasyonu<\/b><\/li><li><b>30.000 \u20ac teminatl\u0131 seyahat sa\u011fl\u0131k sigortas\u0131 ( \u015firketimiz taraf\u0131ndan yap\u0131lmaktad\u0131r )<\/b><\/li><\/ul><h2>\u015e\u0130RKET \u00c7ALI\u015eANLARI \u0130\u00c7\u0130N GEREKL\u0130 EVRAK L\u0130STES\u0130 ( SCHENGEN )\u00a0 A\u0130LE Z\u0130YARET\u0130 \u2013 \u00c7EK CUMHUR\u0130YET\u0130<\/h2><div><div><ul><li><b>Pasaport \/ En az\u00a0 1 y\u0131l s\u00fcresi olan\u00a0 ( Var ise eski pasaportlar )<\/b><\/li><li><b>2 Adet resim ( arka fonu beyaz 3.5 mm 4.5 mm \u00f6l\u00e7\u00fclerinde )<\/b><\/li><li><b>\u015eirket antetli ka\u011f\u0131d\u0131na yaz\u0131lm\u0131\u015f olan konsoloslu\u011fa hitaben dilek\u00e7e<\/b><\/li><li><b>\u015eirket oda sicil kay\u0131t sureti ( Son 6 aydan eski olmayan )<\/b><\/li><li><b>Faaliyet belgesi ( Son 6 aydan eski olmayan )<\/b><\/li><li><b>Vergi levhas\u0131<\/b><\/li><li><b>\u0130mza sirk\u00fcs\u00fc<\/b><\/li><li><b>Ticaret Sicil Gazetesi<\/b><\/li><li><b>Ssk i\u015fe giri\u015f bildirgesi<\/b><\/li><li><b>Son 3 ayl\u0131k maa\u015f bordrosu ( \u015eirketten ka\u015feli imzal\u0131 )<\/b><\/li><li><b>Sgk hizmet d\u00f6k\u00fcm\u00fc ( e devlet \u00fczerinden al\u0131nabilir )<\/b><\/li><li><b>\u015eahsi banka hesap hareketleri ( g\u00fcncel bakiyeli banka taraf\u0131ndan ka\u015feli imzal\u0131 )<\/b><\/li><li><b>Tapu, ara\u00e7 ruhsat\u0131, arsa, gayrimenkule ait evraklar ( var ise )<\/b><\/li><li><b>Tam vukuatl\u0131 aile n\u00fcfus kay\u0131t \u00f6rne\u011fi \u2013 Yerle\u015fim yeri g\u00f6z\u00fcken\u00a0 ( e devlet \u00fczerinden al\u0131nabilir )<\/b><\/li><li><b>Kimlik fotokopisi<\/b><\/li><li><b>Otel u\u00e7ak rezervasyonu<\/b><\/li><li><b>30.000 \u20ac teminatl\u0131 seyahat sa\u011fl\u0131k sigortas\u0131 ( \u015firketimiz taraf\u0131ndan yap\u0131lmaktad\u0131r )<\/b><\/li><\/ul><h2>\u015e\u0130RKET SAH\u0130PLER\u0130 \u0130\u00c7\u0130N GEREKL\u0130 EVRAK L\u0130STES\u0130 ( SCHENGEN )\u00a0 A\u0130LE Z\u0130YARET\u0130 \u2013 \u00c7EK CUMHUR\u0130YET\u0130<\/h2><div><div><ul><li><b>Pasaport 1 y\u0131ldan eski olmayan ( Var ise eski pasaportlar )<\/b><\/li><li><b>2 Adet resim ( arka fonu beyaz 3.5 mm 4.5 mm \u00f6l\u00e7\u00fclerinde )<\/b><\/li><li><b>\u015eirket antetli ka\u011f\u0131d\u0131na yaz\u0131lm\u0131\u015f olan konsoloslu\u011fa hitaben dilek\u00e7e<\/b><\/li><li><b>\u015eirket oda sicil kay\u0131t sureti ( Son 6 aydan eski olmayan )<\/b><\/li><li><b>Faaliyet belgesi ( Son 6 aydan eski olmayan )<\/b><\/li><li><b>Vergi levhas\u0131<\/b><\/li><li><b>\u0130mza sirk\u00fcs\u00fc<\/b><\/li><li><b>Ticaret Sicil Gazetesi<\/b><\/li><li><b>Ba\u011fkur D\u00f6k\u00fcm\u00fc ( e devlet \u00fczerinden al\u0131nabilir )<\/b><\/li><li><b>\u015eahsi banka hesap hareketleri ( g\u00fcncel bakiyeli banka taraf\u0131ndan ka\u015feli imzal\u0131 )<\/b><\/li><li><b>\u015eirket sahipleri i\u00e7in \u015firket hesap d\u00f6k\u00fcmleri de ge\u00e7erlidir<\/b><\/li><li><b>Tapu, ara\u00e7 ruhsat\u0131, arsa, gayrimenkule ait evraklar ( var ise )<\/b><\/li><li><b>Tam vukuatl\u0131 aile n\u00fcfus kay\u0131t \u00f6rne\u011fi \u2013 Yerle\u015fim yeri g\u00f6z\u00fcken\u00a0 ( e devlet \u00fczerinden al\u0131nabilir )<\/b><\/li><li><b>Kimlik fotokopisi<\/b><\/li><li><b>Otel u\u00e7ak rezervasyon<\/b><\/li><li><b>30.000 \u20ac teminatl\u0131 seyahat sa\u011fl\u0131k sigortas\u0131 ( \u015firketimiz taraf\u0131ndan yap\u0131lmaktad\u0131r )<\/b><\/li><\/ul><\/div><\/div><\/div><\/div><\/div><\/div><\/div><\/div><\/div><\/div>\t\t\t\t\t\t<\/div>\n\t\t\t\t<\/div>\n\t\t\t\t<\/div>\n\t\t\t\t\t<\/div>\n\t\t\t\t<\/div>\n\t\t\t\t<\/div>\n\t\t","protected":false},"excerpt":{"rendered":"<p>\u00c7EK CUMHUR\u0130YET\u0130 Vize Bilgileri Avrupa Birli\u011fine ba\u011fl\u0131 olan \u00c7ek Cumhuriyeti sanayiye dayal\u0131 bir ekonomi izlemektedir. Baz\u0131 \u00fclkeler makine ve kimyevi madde ihtiya\u00e7lar\u0131n\u0131n b\u00fcy\u00fck bir k\u0131sm\u0131n\u0131 bu \u00fclkeden kar\u015f\u0131lamaktad\u0131r.\u00a0\u00c7ek Cumhuriyeti so\u011fuk bir \u00fclkedir. K\u0131\u015f\u0131n bu \u00fclkede s\u0131cakl\u0131k 0 C alt\u0131ndad\u0131r. Yazlar\u0131 ise a\u015f\u0131r\u0131 s\u0131cak olmamas\u0131 nedeniyle serin ge\u00e7mektedir.\u00a0\u00c7ek Cumhuriyeti n\u00fcfusu 11 milyon civar\u0131ndad\u0131r. N\u00fcfusun belirli k\u0131sm\u0131&#8230;<\/p>\n","protected":false},"author":1,"featured_media":0,"parent":0,"menu_order":0,"comment_status":"closed","ping_status":"closed","template":"","meta":{"_kad_post_transparent":"","_kad_post_title":"hide","_kad_post_layout":"fullwidth","_kad_post_sidebar_id":"","_kad_post_content_style":"unboxed","_kad_post_vertical_padding":"hide","_kad_post_feature":"hide","_kad_post_feature_position":"","_kad_post_header":false,"_kad_post_footer":false,"footnotes":""},"_links":{"self":[{"href":"https:\/\/www.izcivize.com\/index.php?rest_route=\/wp\/v2\/pages\/1752"}],"collection":[{"href":"https:\/\/www.izcivize.com\/index.php?rest_route=\/wp\/v2\/pages"}],"about":[{"href":"https:\/\/www.izcivize.com\/index.php?rest_route=\/wp\/v2\/types\/page"}],"author":[{"embeddable":true,"href":"https:\/\/www.izcivize.com\/index.php?rest_route=\/wp\/v2\/users\/1"}],"replies":[{"embeddable":true,"href":"https:\/\/www.izcivize.com\/index.php?rest_route=%2Fwp%2Fv2%2Fcomments&post=1752"}],"version-history":[{"count":16,"href":"https:\/\/www.izcivize.com\/index.php?rest_route=\/wp\/v2\/pages\/1752\/revisions"}],"predecessor-version":[{"id":1801,"href":"https:\/\/www.izcivize.com\/index.php?rest_route=\/wp\/v2\/pages\/1752\/revisions\/1801"}],"wp:attachment":[{"href":"https:\/\/www.izcivize.com\/index.php?rest_route=%2Fwp%2Fv2%2Fmedia&parent=1752"}],"curies":[{"name":"wp","href":"https:\/\/api.w.org\/{rel}","templated":true}]}}