{"id":1688,"date":"2024-03-13T22:42:02","date_gmt":"2024-03-13T22:42:02","guid":{"rendered":"https:\/\/www.izcivize.com\/?page_id=1688"},"modified":"2024-03-14T22:59:51","modified_gmt":"2024-03-14T22:59:51","slug":"almanya-vizesi-2","status":"publish","type":"page","link":"https:\/\/www.izcivize.com\/?page_id=1688","title":{"rendered":"Amerika Vizesi"},"content":{"rendered":"\t\t<div data-elementor-type=\"wp-page\" data-elementor-id=\"1688\" class=\"elementor elementor-1688\">\n\t\t\t\t<div class=\"elementor-element elementor-element-4ba5225 e-flex e-con-boxed e-con e-parent\" data-id=\"4ba5225\" data-element_type=\"container\" data-settings=\"{&quot;content_width&quot;:&quot;boxed&quot;}\" data-core-v316-plus=\"true\">\n\t\t\t\t\t<div class=\"e-con-inner\">\n\t\t\t\t\t<\/div>\n\t\t\t\t<\/div>\n\t\t<div class=\"elementor-element elementor-element-7bd0c33 e-con-full e-flex e-con e-parent\" data-id=\"7bd0c33\" data-element_type=\"container\" data-settings=\"{&quot;content_width&quot;:&quot;full&quot;,&quot;background_background&quot;:&quot;classic&quot;}\" data-core-v316-plus=\"true\">\n\t\t\t\t<\/div>\n\t\t<div class=\"elementor-element elementor-element-c4b8fde e-flex e-con-boxed e-con e-parent\" data-id=\"c4b8fde\" data-element_type=\"container\" data-settings=\"{&quot;content_width&quot;:&quot;boxed&quot;}\" data-core-v316-plus=\"true\">\n\t\t\t\t\t<div class=\"e-con-inner\">\n\t\t\t\t<div class=\"elementor-element elementor-element-f9d74e8 elementor-widget elementor-widget-spacer\" data-id=\"f9d74e8\" data-element_type=\"widget\" data-widget_type=\"spacer.default\">\n\t\t\t\t<div class=\"elementor-widget-container\">\n\t\t\t<style>\/*! elementor - v3.19.0 - 07-02-2024 *\/\n.elementor-column .elementor-spacer-inner{height:var(--spacer-size)}.e-con{--container-widget-width:100%}.e-con-inner>.elementor-widget-spacer,.e-con>.elementor-widget-spacer{width:var(--container-widget-width,var(--spacer-size));--align-self:var(--container-widget-align-self,initial);--flex-shrink:0}.e-con-inner>.elementor-widget-spacer>.elementor-widget-container,.e-con>.elementor-widget-spacer>.elementor-widget-container{height:100%;width:100%}.e-con-inner>.elementor-widget-spacer>.elementor-widget-container>.elementor-spacer,.e-con>.elementor-widget-spacer>.elementor-widget-container>.elementor-spacer{height:100%}.e-con-inner>.elementor-widget-spacer>.elementor-widget-container>.elementor-spacer>.elementor-spacer-inner,.e-con>.elementor-widget-spacer>.elementor-widget-container>.elementor-spacer>.elementor-spacer-inner{height:var(--container-widget-height,var(--spacer-size))}.e-con-inner>.elementor-widget-spacer.elementor-widget-empty,.e-con>.elementor-widget-spacer.elementor-widget-empty{position:relative;min-height:22px;min-width:22px}.e-con-inner>.elementor-widget-spacer.elementor-widget-empty .elementor-widget-empty-icon,.e-con>.elementor-widget-spacer.elementor-widget-empty .elementor-widget-empty-icon{position:absolute;top:0;bottom:0;left:0;right:0;margin:auto;padding:0;width:22px;height:22px}<\/style>\t\t<div class=\"elementor-spacer\">\n\t\t\t<div class=\"elementor-spacer-inner\"><\/div>\n\t\t<\/div>\n\t\t\t\t<\/div>\n\t\t\t\t<\/div>\n\t\t\t\t\t<\/div>\n\t\t\t\t<\/div>\n\t\t<div class=\"elementor-element elementor-element-f49800c e-flex e-con-boxed e-con e-parent\" data-id=\"f49800c\" data-element_type=\"container\" data-settings=\"{&quot;content_width&quot;:&quot;boxed&quot;}\" data-core-v316-plus=\"true\">\n\t\t\t\t\t<div class=\"e-con-inner\">\n\t\t<div class=\"elementor-element elementor-element-de6bc19 e-con-full e-flex e-con e-child\" data-id=\"de6bc19\" data-element_type=\"container\" data-settings=\"{&quot;content_width&quot;:&quot;full&quot;}\">\n\t\t\t\t<div class=\"elementor-element elementor-element-fb7af2b elementor-widget elementor-widget-text-editor\" data-id=\"fb7af2b\" data-element_type=\"widget\" data-widget_type=\"text-editor.default\">\n\t\t\t\t<div class=\"elementor-widget-container\">\n\t\t\t<style>\/*! elementor - v3.19.0 - 07-02-2024 *\/\n.elementor-widget-text-editor.elementor-drop-cap-view-stacked .elementor-drop-cap{background-color:#69727d;color:#fff}.elementor-widget-text-editor.elementor-drop-cap-view-framed .elementor-drop-cap{color:#69727d;border:3px solid;background-color:transparent}.elementor-widget-text-editor:not(.elementor-drop-cap-view-default) .elementor-drop-cap{margin-top:8px}.elementor-widget-text-editor:not(.elementor-drop-cap-view-default) .elementor-drop-cap-letter{width:1em;height:1em}.elementor-widget-text-editor .elementor-drop-cap{float:left;text-align:center;line-height:1;font-size:50px}.elementor-widget-text-editor .elementor-drop-cap-letter{display:inline-block}<\/style>\t\t\t\t<h1>AMER\u0130KA Vize Bilgileri<\/h1><div><b>\u00a0<\/b><span style=\"text-align: var(--text-align); background-color: transparent;\"><b>Amerika Birle\u015fik Devletleri; do\u011fuda Atlas Okyanusundan bat\u0131da B\u00fcy\u00fck Okyanus a kadar 4.500 km geni\u015fli\u011findedir. Kuzey s\u0131n\u0131r\u0131n\u0131 Kanada, g\u00fcneyini ise Meksika k\u00f6rfezi \u00e7evirmektedir. ABD Amerika k\u0131tas\u0131nda yer al\u0131r. D\u00fcnyan\u0131n en b\u00fcy\u00fck \u00fclkelerinden biridir.<\/b><\/span><\/div><div><b>\u00a0<\/b><\/div><div><b>\u00dclkenin Dikkat \u00c7eken \u00d6zellikleri : Herkese uygun \u00f6deme se\u00e7enekleri, uygun ya\u015fam masraflar\u0131, y\u00fcksek e\u011fitim kalitesi ve Y\u00f6k denkli\u011fi vard\u0131r.<\/b><\/div><div><b>\u00a0<\/b><\/div><div><b>ABD\u2019de \u00e7ok de\u011fi\u015fik iklimler g\u00f6r\u00fcl\u00fcr. \u00c7o\u011funlukla \u0131l\u0131mand\u0131r. Hawaii ve Florida\u2019da tropikal, Alaska\u2019da arktik, Mississippi Nehri k\u0131y\u0131s\u0131nda yar\u0131 bozk\u0131r, g\u00fcneybat\u0131da \u00e7orak iklim g\u00f6r\u00fcl\u00fcr. Do\u011fu ve bat\u0131 k\u0131y\u0131lar\u0131ndaki s\u0131rada\u011flar, okyanuslar\u0131n i\u00e7 k\u0131s\u0131mlar\u0131n iklimini etkilemesini \u00f6nlediklerinden, k\u0131y\u0131 \u015feritleri hari\u00e7 b\u00fct\u00fcn \u00fclkede kara iklimi hakimdir. ABD\u2019de orta k\u0131s\u0131mlar \u00e7ok y\u00fcksek oldu\u011fundan, mevsimler aras\u0131nda pek fazla s\u0131cakl\u0131k fark\u0131 yoktur. Yazlar\u0131 orta b\u00f6lgelere al\u00e7ak bas\u0131n\u00e7 hakimdir. Okyanustan gelen nemli hava Appalachianlar taraf\u0131ndan engellenmedi\u011fi i\u00e7in orta b\u00f6lgeler yaz mevsiminde bol bol ya\u011f\u0131\u015f al\u0131r. Bat\u0131 b\u00f6lgelerde ise ya\u011f\u0131\u015f daha azd\u0131r. Atlantik Okyanusu\u2019na k\u0131y\u0131 olan \u015feridin g\u00fcney k\u0131s\u0131m daha ya\u011f\u0131\u015fl\u0131 ve \u0131l\u0131man olmas\u0131na ra\u011fmen, kuzeyi daha serin olup k\u0131\u015flar\u0131 \u015fiddetli ge\u00e7er. Meksika k\u00f6rfezine bakan g\u00fcney k\u0131s\u0131m a\u00e7\u0131k ve d\u00fcz oldu\u011fundan tropikal iklim hakimdir. Bu b\u00f6lgede yazlar s\u0131cak, k\u0131\u015flar ise \u0131l\u0131mand\u0131r. Her mevsimde bol ya\u011f\u0131\u015f g\u00f6r\u00fcl\u00fcr. Alaska k\u0131y\u0131 \u015feridi, denizden etkilenen bir iklime sahip olmas\u0131na ra\u011fmen, i\u00e7 k\u0131s\u0131mlar\u0131nda \u00e7ok \u015fiddetli so\u011fuklar g\u00f6r\u00fcl\u00fcr.<\/b><\/div><div><b>\u00a0<\/b><\/div><div><b>B\u00fcy\u00fck Okyanus k\u0131y\u0131s\u0131ndaki California n\u00fcfus bak\u0131m\u0131ndan en b\u00fcy\u00fck eyalettir. Atlas Okyanusu k\u0131y\u0131s\u0131ndaki New York eyaleti ikinci gelmektedir. Di\u011fer bir bat\u0131 eyaleti olan Colorado\u2019da ise, \u00fclkenin g\u00f6sterdi\u011fi art\u0131\u015f\u0131n hemen hemen iki kat\u0131 oran\u0131nda bir n\u00fcfus art\u0131\u015f\u0131 olmaktad\u0131r. Arizona \u2018n\u0131n n\u00fcfusu 1960 tan bu yana iki kat artarken, Nevada\u2019n\u0131n ki, ayn\u0131 m\u00fcddet i\u00e7inde \u00fc\u00e7 kat\u0131na varm\u0131\u015ft\u0131r. Bir g\u00fcney eyaleti olan ve g\u00fczel iklimi ile tan\u0131nan Florida \u2018n\u0131n n\u00fcfusu 1960 tan bu yana takriben % 100 oran\u0131nda artm\u0131\u015ft\u0131r.<\/b><\/div><div><b>\u00a0<\/b><\/div><div><b>NERELER GEZ\u0130L\u0130R ?<\/b><\/div><div><b>\u00a0<\/b><\/div><div><b>. \u00d6zg\u00fcrl\u00fck An\u0131t\u0131 ve Ellis Adas\u0131\u00a0 :<\/b><\/div><div><b>\u00a0<\/b><\/div><div><b>New York\u2019un ve ABD\u2019nin sembol\u00fc say\u0131lan \u00d6zg\u00fcrl\u00fck An\u0131t\u0131, Fransa\u2019n\u0131n Amerika\u2019ya bir arma\u011fan\u0131. 1886\u2019dan beri \u2018Yeni D\u00fcnya\u2019ya gelen g\u00f6\u00e7menleri kar\u015f\u0131layan An\u0131t, turistlerin de ilgi oda\u011f\u0131.\u00a0<\/b><\/div><div><b>\u00a0<\/b><\/div><div><b>An\u0131t, Fransa\u2019da yap\u0131m\u0131 tamamland\u0131ktan sonra par\u00e7alara ayr\u0131l\u0131p Amerika\u2019ya ta\u015f\u0131nm\u0131\u015f ve burada 1886\u2019da tekrar birle\u015ftirilerek ulusal bir an\u0131t h\u00e2line gelmi\u015f.\u00a0<\/b><\/div><div><b>\u00a0<\/b><\/div><div><b>. Times Meydan\u0131 :<\/b><\/div><div><b>\u00a0<\/b><\/div><div><b>Ad\u0131n\u0131 New York Times\u2019dan alan Times Meydan\u0131, ziyaret\u00e7ilerini b\u00fcy\u00fcleyen, \u0131\u015f\u0131lt\u0131l\u0131 ve \u015f\u0131k otellerin, restoranlar\u0131n bulundu\u011fu ve yeni ofislerin kuruldu\u011fu d\u00fcnyan\u0131n en \u00fcnl\u00fc meydanlar\u0131ndan biri. Eskiden sevimsiz ve i\u00e7 karart\u0131c\u0131 bir meydanken g\u00fcn\u00fcm\u00fczde Times Meydan\u0131, yeniden hayat bulmu\u015f ve Manhattan\u2019\u0131n en canl\u0131 ve e\u011flence dolu yeri h\u00e2line gelmi\u015f.<\/b><\/div><div><b>\u00a0<\/b><\/div><div><b>Ba\u015fkent : Washington , DC<\/b><\/div><div><b>\u00a0<\/b><\/div><div><b>Para Birimi : Amerikan dolar\u0131 ( USD )<\/b><\/div><div><b>\u00a0<\/b><\/div><div><b>T\u00fcrkiye\u2019ye u\u00e7ak ile uzakl\u0131\u011f\u0131 : Yakla\u015f\u0131k Bat\u0131ya 11 saat, Do\u011fuya 16 saat<\/b><\/div><div><b>\u00a0<\/b><\/div><div><b>Pop\u00fcler \u015eehirleri : New York City, Chicago, Boston, Washington, San Francisco, Los Angeles<\/b><\/div><h2>EMEKL\u0130LER \u0130\u00c7\u0130N GEREKL\u0130 EVRAK L\u0130STES\u0130 \u2013 A\u0130LE Z\u0130YARET\u0130 \u2013 AMER\u0130KA<\/h2><div><div><ul><li><b>Pasaport\u00a0 \/\u00a0 En az 1 y\u0131l s\u00fcresi olan\u00a0 ( Var ise eski pasaportlar )<\/b><\/li><li><b>2 Adet resim ( arka fonu beyaz 3.5 mm 4.5 mm \u00f6l\u00e7\u00fclerinde )<\/b><\/li><li><b>Konsoloslu\u011fa hitaben Dilek\u00e7e<\/b><\/li><li><b>Davetiye ( Asl\u0131 )<\/b><\/li><li><b>Emekli c\u00fczdan\u0131 ( emekli c\u00fczdan\u0131 yok ise emekli sand\u0131\u011f\u0131ndan veya emekli oldu\u011fu kurumdan yaz\u0131 )<\/b><\/li><li><b>Emekli maa\u015f ald\u0131\u011f\u0131 bankadan hesap d\u00f6k\u00fcm\u00fc<\/b><\/li><li><b>\u015eahsi banka hesap hareketleri ( g\u00fcncel bakiyesi olan banka taraf\u0131ndan ka\u015feli imzal\u0131 )<\/b><\/li><li><b>Tapu, ara\u00e7 ruhsat\u0131, arsa, gayrimenkule ait evraklar ( var ise )<\/b><\/li><li><b>Tam vukuatl\u0131 aile n\u00fcfus kay\u0131t \u00f6rne\u011fi \u2013 Yerle\u015fim yeri g\u00f6z\u00fcken\u00a0 ( e devlet \u00fczerinden al\u0131nabilir )<\/b><\/li><li><b>Kimlik fotokopisi<\/b><\/li><li><b>30.000 \u20ac teminatl\u0131 seyahat sa\u011fl\u0131k sigortas\u0131 ( \u015firketimiz taraf\u0131ndan yap\u0131lmaktad\u0131r )<\/b><\/li><\/ul><h2>KAMU PERSONELLER\u0130 \u0130\u00c7\u0130N GEREKL\u0130 EVRAK L\u0130STES\u0130 \u2013 A\u0130LE Z\u0130YARET\u0130 \u2013 AMER\u0130KA<\/h2><div><div><ul><li><b>Pasaport \/ En az\u00a0 1 y\u0131l s\u00fcresi olan\u00a0 ( Var ise eski pasaportlar )<\/b><\/li><li><b>2 Adet resim ( arka fonu beyaz 3.5 mm 4.5 mm \u00f6l\u00e7\u00fclerinde )<\/b><\/li><li><b>Konsoloslu\u011fa hitaben Dilek\u00e7e<\/b><\/li><li><b>Davetiye ( Asl\u0131 )<\/b><\/li><li><b>Kurum \u00e7al\u0131\u015fma belgesi<\/b><\/li><li><b>Kurumdan al\u0131nan\u00a0 izin yaz\u0131s\u0131<\/b><\/li><li><b>Kurum g\u00f6rev kimlik kart\u0131n\u0131n arkal\u0131 \u00f6nl\u00fc fotokopisi<\/b><\/li><li><b>Son 3 ayl\u0131k maa\u015f bordrosu ( Kurumdan ka\u015feli imzal\u0131 )<\/b><\/li><li><b>\u015eahsi banka hesap hareketleri ( g\u00fcncel bakiyesi olan banka taraf\u0131ndan ka\u015feli imzal\u0131 )<\/b><\/li><li><b>Tapu, ara\u00e7 ruhsat\u0131, arsa, gayrimenkule ait evraklar ( var ise )<\/b><\/li><li><b>Tam vukuatl\u0131 aile n\u00fcfus kay\u0131t \u00f6rne\u011fi \u2013 Yerle\u015fim yeri g\u00f6z\u00fcken\u00a0 ( e devlet \u00fczerinden al\u0131nabilir )<\/b><\/li><li><b>Kimlik fotokopisi<\/b><\/li><li><b>Otel u\u00e7ak rezervasyonu<\/b><\/li><li><b>30.000 \u20ac teminatl\u0131 seyahat sa\u011fl\u0131k sigortas\u0131 ( \u015firketimiz taraf\u0131ndan yap\u0131lmaktad\u0131r )<\/b><\/li><\/ul><h2>\u00d6\u011eRENC\u0130LER \u0130\u00c7\u0130N GEREKL\u0130 EVRAK L\u0130STES\u0130 \u2013\u00a0 A\u0130LE Z\u0130YARET\u0130 \u2013 AMER\u0130KA<\/h2><div><div><ul><li><b>Pasaport \/ En az\u00a0 1 y\u0131l s\u00fcresi olan\u00a0 ( Var ise eski pasaportlar )<\/b><\/li><li><b>2 Adet resim ( arka fonu beyaz 3.5 mm 4.5 mm \u00f6l\u00e7\u00fclerinde )<\/b><\/li><li><b>Konsoloslu\u011fa hitaben Dilek\u00e7e<\/b><\/li><li><b>Davetiye ( Asl\u0131 )<\/b><\/li><li><b>\u00d6\u011frenci belgesi asl\u0131<\/b><\/li><li><b>Aile bireylerinden anne veya baban\u0131n ayl\u0131k gelirini beyan eden evraklar ve \u00f6\u011frencinin oradaki masraflar\u0131n\u0131 kar\u015f\u0131layaca\u011f\u0131na dair varsa tapu, ara\u00e7 ruhsat\u0131 gayrimenkule ait evraklar<\/b><\/li><li><b>\u015eahsi banka hesap hareketleri ( g\u00fcncel bakiyesi olan banka taraf\u0131ndan ka\u015feli imzal\u0131 )<\/b><\/li><li><b>Tapu, ara\u00e7 ruhsat\u0131, arsa, gayrimenkule ait evraklar ( var ise )<\/b><\/li><li><b>Tam vukuatl\u0131 aile n\u00fcfus kay\u0131t \u00f6rne\u011fi \u2013 Yerle\u015fim yeri g\u00f6z\u00fcken\u00a0 ( e devlet \u00fczerinden al\u0131nabilir )<\/b><\/li><li><b>18 ya\u015f dolmam\u0131\u015f \u00f6\u011frenciler ise anne babadan seyahat edebilmesi i\u00e7in noterden muvafakatname asl\u0131<\/b><\/li><li><b>Kimlik fotokopisi<\/b><\/li><li><b>Otel u\u00e7ak rezervasyonu<\/b><\/li><li><b>30.000 \u20ac teminatl\u0131 seyahat sa\u011fl\u0131k sigortas\u0131 ( \u015firketimiz taraf\u0131ndan yap\u0131lmaktad\u0131r )<\/b><\/li><\/ul><h2>\u015e\u0130RKET \u00c7ALI\u015eANLARI \u0130\u00c7\u0130N GEREKL\u0130 EVRAK L\u0130STES\u0130 \u2013 A\u0130LE Z\u0130YARET\u0130 \u2013 AMER\u0130KA<\/h2><div><div><ul><li><b>Pasaport \/ En az\u00a0 1 y\u0131l s\u00fcresi olan\u00a0 ( Var ise eski pasaportlar )<\/b><\/li><li><b>2 Adet resim ( arka fonu beyaz 3.5 mm 4.5 mm \u00f6l\u00e7\u00fclerinde )<\/b><\/li><li><b>\u015eirket antetli ka\u011f\u0131d\u0131na yaz\u0131lm\u0131\u015f olan konsoloslu\u011fa hitaben dilek\u00e7e<\/b><\/li><li><b>\u015eirket oda sicil kay\u0131t sureti ( Son 6 aydan eski olmayan )<\/b><\/li><li><b>Faaliyet belgesi ( Son 6 aydan eski olmayan )<\/b><\/li><li><b>Vergi levhas\u0131<\/b><\/li><li><b>\u0130mza sirk\u00fcs\u00fc<\/b><\/li><li><b>Ticaret Sicil Gazetesi<\/b><\/li><li><b>Ssk i\u015fe giri\u015f bildirgesi<\/b><\/li><li><b>Son 3 ayl\u0131k maa\u015f bordrosu ( \u015eirketten ka\u015feli imzal\u0131 )<\/b><\/li><li><b>Sgk hizmet d\u00f6k\u00fcm\u00fc ( e devlet \u00fczerinden al\u0131nabilir )<\/b><\/li><li><b>\u015eahsi banka hesap hareketleri ( g\u00fcncel bakiyeli banka taraf\u0131ndan ka\u015feli imzal\u0131 )<\/b><\/li><li><b>Tapu, ara\u00e7 ruhsat\u0131, arsa, gayrimenkule ait evraklar ( var ise )<\/b><\/li><li><b>Tam vukuatl\u0131 aile n\u00fcfus kay\u0131t \u00f6rne\u011fi \u2013 Yerle\u015fim yeri g\u00f6z\u00fcken\u00a0 ( e devlet \u00fczerinden al\u0131nabilir )<\/b><\/li><li><b>Kimlik fotokopisi<\/b><\/li><li><b>Otel u\u00e7ak rezervasyonu<\/b><\/li><li><b>30.000 \u20ac teminatl\u0131 seyahat sa\u011fl\u0131k sigortas\u0131 ( \u015firketimiz taraf\u0131ndan yap\u0131lmaktad\u0131r )<\/b><\/li><\/ul><h2>\u015e\u0130RKET SAH\u0130PLER\u0130 \u0130\u00c7\u0130N GEREKL\u0130 EVRAK L\u0130STES\u0130 \u2013 A\u0130LE Z\u0130YARET\u0130 \u2013 AMER\u0130KA<\/h2><div><div><ul><li><b>Pasaport 1 y\u0131ldan eski olmayan ( Var ise eski pasaportlar )<\/b><\/li><li><b>2 Adet resim ( arka fonu beyaz 3.5 mm 4.5 mm \u00f6l\u00e7\u00fclerinde )<\/b><\/li><li><b>\u015eirket antetli ka\u011f\u0131d\u0131na yaz\u0131lm\u0131\u015f olan konsoloslu\u011fa hitaben dilek\u00e7e<\/b><\/li><li><b>\u015eirket oda sicil kay\u0131t sureti ( Son 6 aydan eski olmayan )<\/b><\/li><li><b>Faaliyet belgesi ( Son 6 aydan eski olmayan )<\/b><\/li><li><b>Vergi levhas\u0131<\/b><\/li><li><b>\u0130mza sirk\u00fcs\u00fc<\/b><\/li><li><b>Ticaret Sicil Gazetesi<\/b><\/li><li><b>Ba\u011fkur D\u00f6k\u00fcm\u00fc ( e devlet \u00fczerinden al\u0131nabilir )<\/b><\/li><li><b>\u015eahsi banka hesap hareketleri ( g\u00fcncel bakiyeli banka taraf\u0131ndan ka\u015feli imzal\u0131 )<\/b><\/li><li><b>\u015eirket sahipleri i\u00e7in \u015firket hesap d\u00f6k\u00fcmleride ge\u00e7erlidir<\/b><\/li><li><b>Tapu, ara\u00e7 ruhsat\u0131, arsa, gayrimenkule ait evraklar ( var ise )<\/b><\/li><li><b>Tam vukuatl\u0131 aile n\u00fcfus kay\u0131t \u00f6rne\u011fi \u2013 Yerle\u015fim yeri g\u00f6z\u00fcken\u00a0 ( e devlet \u00fczerinden al\u0131nabilir )<\/b><\/li><li><b>Kimlik fotokopisi<\/b><\/li><li><b>Otel u\u00e7ak rezervasyon<\/b><\/li><li><b>30.000 \u20ac teminatl\u0131 seyahat sa\u011fl\u0131k sigortas\u0131 ( \u015firketimiz taraf\u0131ndan yap\u0131lmaktad\u0131r )<\/b><\/li><\/ul><\/div><\/div><\/div><\/div><\/div><\/div><\/div><\/div><\/div><\/div>\t\t\t\t\t\t<\/div>\n\t\t\t\t<\/div>\n\t\t\t\t<\/div>\n\t\t\t\t\t<\/div>\n\t\t\t\t<\/div>\n\t\t\t\t<\/div>\n\t\t","protected":false},"excerpt":{"rendered":"<p>AMER\u0130KA Vize Bilgileri \u00a0Amerika Birle\u015fik Devletleri; do\u011fuda Atlas Okyanusundan bat\u0131da B\u00fcy\u00fck Okyanus a kadar 4.500 km geni\u015fli\u011findedir. Kuzey s\u0131n\u0131r\u0131n\u0131 Kanada, g\u00fcneyini ise Meksika k\u00f6rfezi \u00e7evirmektedir. ABD Amerika k\u0131tas\u0131nda yer al\u0131r. D\u00fcnyan\u0131n en b\u00fcy\u00fck \u00fclkelerinden biridir.\u00a0\u00dclkenin Dikkat \u00c7eken \u00d6zellikleri : Herkese uygun \u00f6deme se\u00e7enekleri, uygun ya\u015fam masraflar\u0131, y\u00fcksek e\u011fitim kalitesi ve Y\u00f6k denkli\u011fi vard\u0131r.\u00a0ABD\u2019de \u00e7ok de\u011fi\u015fik&#8230;<\/p>\n","protected":false},"author":1,"featured_media":0,"parent":0,"menu_order":0,"comment_status":"closed","ping_status":"closed","template":"","meta":{"_kad_post_transparent":"","_kad_post_title":"hide","_kad_post_layout":"fullwidth","_kad_post_sidebar_id":"","_kad_post_content_style":"unboxed","_kad_post_vertical_padding":"hide","_kad_post_feature":"hide","_kad_post_feature_position":"","_kad_post_header":false,"_kad_post_footer":false,"footnotes":""},"_links":{"self":[{"href":"https:\/\/www.izcivize.com\/index.php?rest_route=\/wp\/v2\/pages\/1688"}],"collection":[{"href":"https:\/\/www.izcivize.com\/index.php?rest_route=\/wp\/v2\/pages"}],"about":[{"href":"https:\/\/www.izcivize.com\/index.php?rest_route=\/wp\/v2\/types\/page"}],"author":[{"embeddable":true,"href":"https:\/\/www.izcivize.com\/index.php?rest_route=\/wp\/v2\/users\/1"}],"replies":[{"embeddable":true,"href":"https:\/\/www.izcivize.com\/index.php?rest_route=%2Fwp%2Fv2%2Fcomments&post=1688"}],"version-history":[{"count":31,"href":"https:\/\/www.izcivize.com\/index.php?rest_route=\/wp\/v2\/pages\/1688\/revisions"}],"predecessor-version":[{"id":2186,"href":"https:\/\/www.izcivize.com\/index.php?rest_route=\/wp\/v2\/pages\/1688\/revisions\/2186"}],"wp:attachment":[{"href":"https:\/\/www.izcivize.com\/index.php?rest_route=%2Fwp%2Fv2%2Fmedia&parent=1688"}],"curies":[{"name":"wp","href":"https:\/\/api.w.org\/{rel}","templated":true}]}}